{"id":1261,"date":"2015-07-23T14:27:58","date_gmt":"2015-07-23T14:27:58","guid":{"rendered":"http:\/\/medicine-plus.cmsmasters.net\/?page_id=1261"},"modified":"2023-10-30T18:39:02","modified_gmt":"2023-10-30T15:39:02","slug":"iletisim","status":"publish","type":"page","link":"https:\/\/mustafakemaldis.com\/en\/iletisim\/","title":{"rendered":"Contact Us"},"content":{"rendered":"<style type=\"text\/css\"> \n#cmsms_row_69ea472f3ca77 .cmsms_row_outer_parent { \n\tpadding-top: 60px; \n} \n\n#cmsms_row_69ea472f3ca77 .cmsms_row_outer_parent { \n\tpadding-bottom: 70px; \n} \n\n \n#cmsms_heading_69ea472f3cfbf { \n\ttext-align:left; \n\tmargin-top:0px; \n\tmargin-bottom:30px; \n} \n\n#cmsms_heading_69ea472f3cfbf .cmsms_heading { \n\ttext-align:left; \n} \n\n#cmsms_heading_69ea472f3cfbf .cmsms_heading, #cmsms_heading_69ea472f3cfbf .cmsms_heading a { \n\tfont-weight:normal; \n\tfont-style:normal; \n} \n\n#cmsms_heading_69ea472f3cfbf .cmsms_heading_divider { \n} \n\n \n#cmsms_divider_69ea472f3e15e { \n\tborder-bottom-width:0px; \n\tborder-bottom-style:solid; \n\tpadding-top:20px; \n\tmargin-bottom:20px; \n} \n #cmsms_icon_list_items_69ea472f3e186 { \n\tpadding-left:38px; \n} \n\n#cmsms_icon_list_items_69ea472f3e186 .cmsms_icon_list_item:before { \n\tfont-size:18px; \n\tleft:-38px; \n} \n\n.cmsms_icon_list_items #cmsms_icon_list_item_69ea472f3e22e:before { \n\tcolor:#37d6c0;\n} \n\n.cmsms_icon_list_items #cmsms_icon_list_item_69ea472f3e253:before { \n\tcolor:#37d6c0;\n} \n\n.cmsms_icon_list_items #cmsms_icon_list_item_69ea472f3e26a:before { \n\tcolor:#37d6c0;\n} \n\n.cmsms_icon_list_items #cmsms_icon_list_item_69ea472f3e27f:before { \n\tcolor:#37d6c0;\n} \n \n#cmsms_row_69ea472f3e405 .cmsms_row_outer_parent { \n\tpadding-top: 0px; \n} \n\n#cmsms_row_69ea472f3e405 .cmsms_row_outer_parent { \n\tpadding-bottom: 50px; \n} \n\n<\/style><div id=\"cmsms_row_69ea472f3ca77\" class=\"cmsms_row cmsms_color_scheme_default\">\n<div class=\"cmsms_row_outer_parent\">\n<div class=\"cmsms_row_outer\">\n<div class=\"cmsms_row_inner\">\n<div class=\"cmsms_row_margin\">\n<div class=\"cmsms_column one_half\">\n<div class=\"cmsms_text\">\n<p><a href=\"https:\/\/www.mustafakemaldis.com\/index.php\/google-maps\/\">Mustafa Kemal Dental Clinic<\/a><\/p>\n<\/div>\n\n<div id=\"cmsms_heading_69ea472f3cfbf\" class=\"cmsms_heading_wrap cmsms_heading_align_left\">\n\t<h2 class=\"cmsms_heading\">Contact Form<\/h2>\n<\/div>\n<div class=\"cmsms_contact_form\"><div class=\"cmsms-form-builder\">\n<div class=\"cmsms_notice cmsms_notice_success cmsms_theme_icon_check success_box\" style=\"display:none;\">\n<div class=\"notice_icon\"><\/div>\n<div class=\"notice_content\">\n<p>Thanks! <br \/>Your message has been successfully sent.<\/p>\n<\/div>\n<\/div>\n<script type=\"text\/javascript\"> \njQuery(document).ready(function () { \n\tjQuery('#form_5267').validationEngine('attach', { \n\t\tpromptPosition : 'topRight', \n\t\tscroll : false, \n\t\tautoPositionUpdate : true, \n\t\tshowArrow : false \n\t\t} ); \n\tjQuery('#form_5267 a#cmsms_5267_formsend').click(function () { \n\t\tjQuery('#form_5267 .loading').animate( { opacity : 1 } , 250); \n\t\tif (jQuery('#form_5267').validationEngine('validate')) { \n\t\t\tjQuery.post('https:\/\/mustafakemaldis.com\/wp-content\/plugins\/cmsms-contact-form-builder\/inc\/form-builder-sendmail.php', { \n\t\t\t\tcmsms_full_name : jQuery('#cmsms_full_name').val(), \n\t\t\t\tcmsms_e_mail_2 : jQuery('#cmsms_e_mail_2').val(), \n\t\t\t\tcmsms_phone_3 : jQuery('#cmsms_phone_3').val(), \n\t\t\t\tcmsms_subject : jQuery('#cmsms_subject').val(), \n\t\t\t\tcmsms_message : jQuery('#cmsms_message').val(), \n\t\t\t\tcontactemail : 'NTI2N3xyZW16aWdhemlvZ2x1QGljbG91ZC5jb218NTI2Nw==', \n\t\t\t\tformname : '5267' \r\t\t\t}, function (data) { \n\t\t\t\tjQuery('#form_5267 .loading').animate( { opacity : 0 } , 250); \n\t\t\t\tjQuery('#form_5267').fadeOut('slow'); \n\t\t\t\tdocument.getElementById('form_5267').reset(); \n\t\t\t\tjQuery('#form_5267').parent().find('.box').hide(); \n\t\t\t\tjQuery('#form_5267').parent().find('.success_box').fadeIn('fast'); \n\t\t\t\tjQuery('html, body').animate( { scrollTop : jQuery('#form_5267').offset().top - 140 } , 'slow'); \n\t\t\t\tjQuery('#form_5267').parent().find('.success_box').delay(5000).fadeOut(1000, function () { \n\t\t\t\t\tjQuery('#form_5267').fadeIn('slow'); \r\t\t\t\t} ); \r\t\t\t} ); \n\t\t\treturn false; \r\t\t} else { \n\t\t\tjQuery('#form_5267 .loading').animate( { opacity : 0 } , 250); \n\t\t\treturn false; \r\t\t} \r\t} ); \r} ); \n<\/script>\n<form action=\"#\" method=\"post\" id=\"form_5267\">\n\n<div class=\"form_info cmsms_input one_half\">\n\t<label for=\"cmsms_full_name\">Full Name <span class=\"color_2\">*<\/span><\/label>\n\t<div class=\"form_field_wrap\">\n\t\t<input type=\"text\" name=\"cmsms_full_name\" id=\"cmsms_full_name\" value=\"\" size=\"35\" class=\"validate[required]\" \/>\r\t<\/div>\n<\/div>\n<div class=\"form_info cmsms_input one_half\">\n\t<label for=\"cmsms_e_mail_2\">E-mail <span class=\"color_2\">*<\/span><\/label>\n\t<div class=\"form_field_wrap\">\n\t\t<input type=\"text\" name=\"cmsms_e_mail_2\" id=\"cmsms_e_mail_2\" value=\"\" size=\"35\" class=\"validate[required]\" \/>\r\t<\/div>\n<\/div>\n<div class=\"form_info cmsms_input one_half\">\n\t<label for=\"cmsms_phone_3\">Phone <span class=\"color_2\">*<\/span><\/label>\n\t<div class=\"form_field_wrap\">\n\t\t<input type=\"text\" name=\"cmsms_phone_3\" id=\"cmsms_phone_3\" value=\"\" size=\"35\" class=\"validate[required]\" \/>\r\t<\/div>\n<\/div>\n<div class=\"form_info cmsms_input one_half\">\n\t<label for=\"cmsms_subject\">Subject<\/label>\n\t<div class=\"form_field_wrap\">\n\t\t<input type=\"text\" name=\"cmsms_subject\" id=\"cmsms_subject\" value=\"\" size=\"35\" \/>\r\t<\/div>\n<\/div>\n<div class=\"form_info cmsms_textarea\">\n\t<label for=\"cmsms_message\">Message <span class=\"color_2\">*<\/span><\/label>\n\t<div class=\"form_field_wrap\">\n\t\t<textarea name=\"cmsms_message\" id=\"cmsms_message\" cols=\"60\" rows=\"10\" class=\"validate[required]\"><\/textarea>\r\t<\/div>\n<\/div>\n<div class=\"cl\"><\/div>\n<div class=\"loading\"><\/div>\n<div class=\"form_info submit_wrap\">\n<a id=\"cmsms_5267_formsend\" class=\"cmsms_button\" href=\"#\"><span>Send<\/span><\/a>\n<\/div>\n<div class=\"cl\"><\/div>\n<\/form>\n<\/div><\/div>\n<\/div>\n<div class=\"cmsms_column one_half\">\n<p><script type=\"text\/javascript\">jQuery(document).ready(function () { jQuery(\"#google_map_69ea472f3e12b\").gMap( { address: \"\", maptype: \"HYBRID\", zoom: 14, scrollwheel: true, doubleClickZoom: true, controls: {panControl: true, zoomControl: true, mapTypeControl: true, scaleControl: true, streetViewControl: true, overviewMapControl: true, },markers: [{address: \"Mustafa Kemal, G\u00fcnd\u00fczler Plaza, 2120. Cd. 14\/3, 06100 \u00c7ankaya\/Ankara\",html: \"\u00d6zel Mustafa Kemal A\u011f\u0131z ve Di\u015f Sa\u011fl\u0131\u011f\u0131 Poliklini\u011fi\",popup: true},] } ); } );<\/script>\n<div class=\"resizable_block\">\n<div id=\"google_map_69ea472f3e12b\" class=\"google_map\"><\/div>\n<\/div>\n\n<div id=\"cmsms_divider_69ea472f3e15e\" class=\"cl\"><\/div>\n \n<ul id=\"cmsms_icon_list_items_69ea472f3e186\" class=\"cmsms_icon_list_items cmsms_icon_list_type_list cmsms_icon_list_pos_left cmsms_color_type_border\"><li id=\"cmsms_icon_list_item_69ea472f3e22e\" class=\"cmsms_icon_list_item cmsms-icon-direction-3\">Mustafa Kemal Mah. 2140. Sok Bora Plaza 14\/2<\/li><li id=\"cmsms_icon_list_item_69ea472f3e253\" class=\"cmsms_icon_list_item cmsms-icon-phone-alt\">0 312 503 61 51<\/li><li id=\"cmsms_icon_list_item_69ea472f3e26a\" class=\"cmsms_icon_list_item cmsms-icon-phone-squared\">WhatsApp : 0506 624 07 15<\/li><li id=\"cmsms_icon_list_item_69ea472f3e27f\" class=\"cmsms_icon_list_item cmsms-icon-envelope-letter\">info@mustafakemaldis.com<\/li><\/ul>\n<\/div>\n<\/div>\n<\/div>\n<\/div>\n<\/div>\n<\/div>\n<div id=\"cmsms_row_69ea472f3e2d6\" class=\"cmsms_row cmsms_color_scheme_default\">\n<div class=\"cmsms_row_outer_parent\">\n<div class=\"cmsms_row_outer\">\n<div class=\"cmsms_row_inner\">\n<div class=\"cmsms_row_margin\">\n<div class=\"cmsms_column one_first\">\n<div class=\"cmsms_text\">\n<p>&nbsp;<\/p>\n<\/div>\n<\/div>\n<\/div>\n<\/div>\n<\/div>\n<\/div>\n<\/div>\n<div id=\"cmsms_row_69ea472f3e405\" class=\"cmsms_row cmsms_color_scheme_default\">\n<div class=\"cmsms_row_outer_parent\">\n<div class=\"cmsms_row_outer\">\n<div class=\"cmsms_row_inner\">\n<div class=\"cmsms_row_margin\">\n<div class=\"cmsms_column one_first\">\n<\/div>\n<\/div>\n<\/div>\n<\/div>\n<\/div>\n<\/div>\n<div id=\"cmsms_row_69ea472f3e4b8\" class=\"cmsms_row cmsms_color_scheme_default\">\n<div class=\"cmsms_row_outer_parent\">\n<div class=\"cmsms_row_outer\">\n<div class=\"cmsms_row_inner\">\n<div class=\"cmsms_row_margin\">\n<div class=\"cmsms_column one_first\">\n<div class=\"cmsms_text\">\n<p>&nbsp;<\/p>\n<\/div>\n<\/div>\n<\/div>\n<\/div>\n<\/div>\n<\/div>\n<\/div>\n\n","protected":false},"excerpt":{"rendered":"","protected":false},"author":3,"featured_media":0,"parent":0,"menu_order":0,"comment_status":"closed","ping_status":"open","template":"","meta":{"footnotes":""},"class_list":["post-1261","page","type-page","status-publish","hentry"],"translation":{"provider":"WPGlobus","version":"3.0.2","language":"en","enabled_languages":["tr","en"],"languages":{"tr":{"title":true,"content":true,"excerpt":false},"en":{"title":true,"content":true,"excerpt":false}}},"yoast_head":"<!-- This site is optimized with the Yoast SEO Premium plugin v21.6 (Yoast SEO v26.8) - https:\/\/yoast.com\/product\/yoast-seo-premium-wordpress\/ -->\n<title>Contact Us - &Ouml;zel Mustafa Kemal Di\u015f Klini\u011fi Ankara \u0130mplant ve Estetik<\/title>\n<meta name=\"robots\" content=\"index, follow, max-snippet:-1, max-image-preview:large, max-video-preview:-1\" \/>\n<link rel=\"canonical\" href=\"https:\/\/mustafakemaldis.com\/iletisim\/\" \/>\n<meta property=\"og:locale\" content=\"en_US\" \/>\n<meta property=\"og:type\" content=\"article\" \/>\n<meta property=\"og:title\" content=\"Contact Us - &Ouml;zel Mustafa Kemal Di\u015f Klini\u011fi Ankara \u0130mplant ve Estetik\" \/>\n<meta property=\"og:url\" content=\"https:\/\/mustafakemaldis.com\/iletisim\/\" \/>\n<meta property=\"og:site_name\" content=\"&Ouml;zel Mustafa Kemal Di\u015f Klini\u011fi Ankara \u0130mplant ve Estetik\" \/>\n<meta property=\"article:publisher\" content=\"https:\/\/www.facebook.com\/mustafakemaldis\" \/>\n<meta property=\"article:modified_time\" content=\"2023-10-30T15:39:02+00:00\" \/>\n<meta name=\"twitter:card\" content=\"summary_large_image\" \/>\n<meta name=\"twitter:site\" content=\"@implantzirkon\" \/>\n<meta name=\"twitter:label1\" content=\"Est. reading time\" \/>\n\t<meta name=\"twitter:data1\" content=\"1 minute\" \/>\n<script type=\"application\/ld+json\" class=\"yoast-schema-graph\">{\"@context\":\"https:\/\/schema.org\",\"@graph\":[{\"@type\":\"WebPage\",\"@id\":\"https:\/\/mustafakemaldis.com\/iletisim\/\",\"url\":\"https:\/\/mustafakemaldis.com\/iletisim\/\",\"name\":\"Contact Us - &Ouml;zel Mustafa Kemal Di\u015f Klini\u011fi Ankara \u0130mplant ve Estetik\",\"isPartOf\":{\"@id\":\"https:\/\/mustafakemaldis.com\/#website\"},\"datePublished\":\"2015-07-23T14:27:58+00:00\",\"dateModified\":\"2023-10-30T15:39:02+00:00\",\"description\":\"Ankara Mustafa Kemal Di\u015f Klini\u011fi ve Estetik implant,Ankara di\u015f,di\u015f hekimi,di\u015f klini\u011fi,di\u015f beyazlatma,botox,kanal tedavisi,tel tedavisi, dolgu,yirmilik di\u015f ameliyatlar\u0131,zirkonyum porselen\",\"breadcrumb\":{\"@id\":\"https:\/\/mustafakemaldis.com\/iletisim\/#breadcrumb\"},\"inLanguage\":\"en-US\",\"potentialAction\":[{\"@type\":\"ReadAction\",\"target\":[\"https:\/\/mustafakemaldis.com\/iletisim\/\"]}]},{\"@type\":\"BreadcrumbList\",\"@id\":\"https:\/\/mustafakemaldis.com\/iletisim\/#breadcrumb\",\"itemListElement\":[{\"@type\":\"ListItem\",\"position\":1,\"name\":\"Anasayfa\",\"item\":\"https:\/\/mustafakemaldis.com\/\"},{\"@type\":\"ListItem\",\"position\":2,\"name\":\"\u0130leti\u015fim\"}]},{\"@type\":\"WebSite\",\"@id\":\"https:\/\/mustafakemaldis.com\/#website\",\"url\":\"https:\/\/mustafakemaldis.com\/\",\"name\":\"&Ouml;zel Mustafa Kemal Di\u015f Klini\u011fi Ankara \u0130mplant ve Estetik\",\"description\":\"Implant Center Turkey, Dental Implant and Hollywood Smile\",\"publisher\":{\"@id\":\"https:\/\/mustafakemaldis.com\/#organization\"},\"potentialAction\":[{\"@type\":\"SearchAction\",\"target\":{\"@type\":\"EntryPoint\",\"urlTemplate\":\"https:\/\/mustafakemaldis.com\/?s={search_term_string}\"},\"query-input\":{\"@type\":\"PropertyValueSpecification\",\"valueRequired\":true,\"valueName\":\"search_term_string\"}}],\"inLanguage\":\"en-US\"},{\"@type\":\"Organization\",\"@id\":\"https:\/\/mustafakemaldis.com\/#organization\",\"name\":\"\u00d6zel Mustafa Kemal A\u011f\u0131z ve Di\u015f Sa\u011fl\u0131\u011f\u0131 Klini\u011fi\",\"url\":\"https:\/\/mustafakemaldis.com\/\",\"logo\":{\"@type\":\"ImageObject\",\"inLanguage\":\"en-US\",\"@id\":\"https:\/\/mustafakemaldis.com\/#\/schema\/logo\/image\/\",\"url\":\"https:\/\/i0.wp.com\/mustafakemaldis.com\/wp-content\/uploads\/2019\/02\/mustafakemallogo-e1549571882569.jpg?fit=425%2C126&ssl=1\",\"contentUrl\":\"https:\/\/i0.wp.com\/mustafakemaldis.com\/wp-content\/uploads\/2019\/02\/mustafakemallogo-e1549571882569.jpg?fit=425%2C126&ssl=1\",\"width\":425,\"height\":126,\"caption\":\"\u00d6zel Mustafa Kemal A\u011f\u0131z ve Di\u015f Sa\u011fl\u0131\u011f\u0131 Klini\u011fi\"},\"image\":{\"@id\":\"https:\/\/mustafakemaldis.com\/#\/schema\/logo\/image\/\"},\"sameAs\":[\"https:\/\/www.facebook.com\/mustafakemaldis\",\"https:\/\/x.com\/implantzirkon\",\"http:\/\/www.instagram.com\/mustafakemaldis\"]}]}<\/script>\n<!-- \/ Yoast SEO Premium plugin. -->","yoast_head_json":{"title":"Contact Us - &Ouml;zel Mustafa Kemal Di\u015f Klini\u011fi Ankara \u0130mplant ve Estetik","robots":{"index":"index","follow":"follow","max-snippet":"max-snippet:-1","max-image-preview":"max-image-preview:large","max-video-preview":"max-video-preview:-1"},"canonical":"https:\/\/mustafakemaldis.com\/iletisim\/","og_locale":"en_US","og_type":"article","og_title":"Contact Us - &Ouml;zel Mustafa Kemal Di\u015f Klini\u011fi Ankara \u0130mplant ve Estetik","og_url":"https:\/\/mustafakemaldis.com\/iletisim\/","og_site_name":"&Ouml;zel Mustafa Kemal Di\u015f Klini\u011fi Ankara \u0130mplant ve Estetik","article_publisher":"https:\/\/www.facebook.com\/mustafakemaldis","article_modified_time":"2023-10-30T15:39:02+00:00","twitter_card":"summary_large_image","twitter_site":"@implantzirkon","twitter_misc":{"Est. reading time":"1 minute"},"schema":{"@context":"https:\/\/schema.org","@graph":[{"@type":"WebPage","@id":"https:\/\/mustafakemaldis.com\/iletisim\/","url":"https:\/\/mustafakemaldis.com\/iletisim\/","name":"Contact Us - &Ouml;zel Mustafa Kemal Di\u015f Klini\u011fi Ankara \u0130mplant ve Estetik","isPartOf":{"@id":"https:\/\/mustafakemaldis.com\/#website"},"datePublished":"2015-07-23T14:27:58+00:00","dateModified":"2023-10-30T15:39:02+00:00","description":"Ankara Mustafa Kemal Di\u015f Klini\u011fi ve Estetik implant,Ankara di\u015f,di\u015f hekimi,di\u015f klini\u011fi,di\u015f beyazlatma,botox,kanal tedavisi,tel tedavisi, dolgu,yirmilik di\u015f ameliyatlar\u0131,zirkonyum porselen","breadcrumb":{"@id":"https:\/\/mustafakemaldis.com\/iletisim\/#breadcrumb"},"inLanguage":"en-US","potentialAction":[{"@type":"ReadAction","target":["https:\/\/mustafakemaldis.com\/iletisim\/"]}]},{"@type":"BreadcrumbList","@id":"https:\/\/mustafakemaldis.com\/iletisim\/#breadcrumb","itemListElement":[{"@type":"ListItem","position":1,"name":"Anasayfa","item":"https:\/\/mustafakemaldis.com\/"},{"@type":"ListItem","position":2,"name":"\u0130leti\u015fim"}]},{"@type":"WebSite","@id":"https:\/\/mustafakemaldis.com\/#website","url":"https:\/\/mustafakemaldis.com\/","name":"&Ouml;zel Mustafa Kemal Di\u015f Klini\u011fi Ankara \u0130mplant ve Estetik","description":"Implant Center Turkey, Dental Implant and Hollywood Smile","publisher":{"@id":"https:\/\/mustafakemaldis.com\/#organization"},"potentialAction":[{"@type":"SearchAction","target":{"@type":"EntryPoint","urlTemplate":"https:\/\/mustafakemaldis.com\/?s={search_term_string}"},"query-input":{"@type":"PropertyValueSpecification","valueRequired":true,"valueName":"search_term_string"}}],"inLanguage":"en-US"},{"@type":"Organization","@id":"https:\/\/mustafakemaldis.com\/#organization","name":"\u00d6zel Mustafa Kemal A\u011f\u0131z ve Di\u015f Sa\u011fl\u0131\u011f\u0131 Klini\u011fi","url":"https:\/\/mustafakemaldis.com\/","logo":{"@type":"ImageObject","inLanguage":"en-US","@id":"https:\/\/mustafakemaldis.com\/#\/schema\/logo\/image\/","url":"https:\/\/i0.wp.com\/mustafakemaldis.com\/wp-content\/uploads\/2019\/02\/mustafakemallogo-e1549571882569.jpg?fit=425%2C126&ssl=1","contentUrl":"https:\/\/i0.wp.com\/mustafakemaldis.com\/wp-content\/uploads\/2019\/02\/mustafakemallogo-e1549571882569.jpg?fit=425%2C126&ssl=1","width":425,"height":126,"caption":"\u00d6zel Mustafa Kemal A\u011f\u0131z ve Di\u015f Sa\u011fl\u0131\u011f\u0131 Klini\u011fi"},"image":{"@id":"https:\/\/mustafakemaldis.com\/#\/schema\/logo\/image\/"},"sameAs":["https:\/\/www.facebook.com\/mustafakemaldis","https:\/\/x.com\/implantzirkon","http:\/\/www.instagram.com\/mustafakemaldis"]}]}},"jetpack_sharing_enabled":true,"_links":{"self":[{"href":"https:\/\/mustafakemaldis.com\/en\/wp-json\/wp\/v2\/pages\/1261","targetHints":{"allow":["GET"]}}],"collection":[{"href":"https:\/\/mustafakemaldis.com\/en\/wp-json\/wp\/v2\/pages"}],"about":[{"href":"https:\/\/mustafakemaldis.com\/en\/wp-json\/wp\/v2\/types\/page"}],"author":[{"embeddable":true,"href":"https:\/\/mustafakemaldis.com\/en\/wp-json\/wp\/v2\/users\/3"}],"replies":[{"embeddable":true,"href":"https:\/\/mustafakemaldis.com\/en\/wp-json\/wp\/v2\/comments?post=1261"}],"version-history":[{"count":2,"href":"https:\/\/mustafakemaldis.com\/en\/wp-json\/wp\/v2\/pages\/1261\/revisions"}],"predecessor-version":[{"id":5525,"href":"https:\/\/mustafakemaldis.com\/en\/wp-json\/wp\/v2\/pages\/1261\/revisions\/5525"}],"wp:attachment":[{"href":"https:\/\/mustafakemaldis.com\/en\/wp-json\/wp\/v2\/media?parent=1261"}],"curies":[{"name":"wp","href":"https:\/\/api.w.org\/{rel}","templated":true}]}}