{"id":5083,"date":"2019-07-14T15:56:26","date_gmt":"2019-07-14T12:56:26","guid":{"rendered":"https:\/\/mustafakemaldis.com\/?page_id=5083"},"modified":"2022-04-08T13:37:12","modified_gmt":"2022-04-08T10:37:12","slug":"implant-tedavisi","status":"publish","type":"page","link":"https:\/\/mustafakemaldis.com\/en\/implant-tedavisi\/","title":{"rendered":"Dental Implant Treatment"},"content":{"rendered":"<style type=\"text\/css\"><\/style><h1>Implantology (Implant Treatment)<\/h1>\n<h2>What is Implant?<\/h2>\n<p>Implants are artificial tooth roots placed on the jawbone to restore function and aesthetics instead of lost teeth for various reasons.<\/p>\n<p>&nbsp;<\/p>\n<p>Loss of teeth, which is a part of facial aesthetics, causes psychological and social problems as well as feeding, digestive problems and speech disorders.<\/p>\n<p>&nbsp;<\/p>\n<p>It can also be adjusted with implant supported prostheses.<\/p>\n<p>&nbsp;<\/p>\n<h2>How long is my treatment completed?<\/h2>\n<p>&nbsp;<\/p>\n<p>The duration of the implant mark will be examined from patient to patient and according to the implant brand used. Temporary teeth loading, permanent teeth loading is possible in 48 hours.<\/p>\n<p>&nbsp;<\/p>\n<p>Duration of the general treatment is between 10-20 days because we wait until gum is full healed.<\/p>\n<p>&nbsp;<\/p>\n<p>In patients with inadequate bone status, this period is up to 4 months. During all processes we are able to provide temporary teeth.<\/p>\n<p>&nbsp;<\/p>\n<h2>Single Tooth Lack<\/h2>\n<p>Implant treatment is a more protective treatment than bridge restoration. The treatment is completed with a single implant without touching the left and right teeth of the missing tooth.<\/p>\n<p>&nbsp;<\/p>\n<p>For cleaning with a ceramic crown, healthy teeth need to be reduced and covered with a 3-member coating, which will economically burden the bridge. Instead, an implant to be placed in the cavity of a missing tooth can be treated without requiring any treatment on the adjacent teeth, ie without damaging the healthy teeth.<\/p>\n<p>&nbsp;<\/p>\n<h2>Two Teeth and Three Teeth Lack<\/h2>\n<p>The region with tooth deficiency is of great importance for alternative treatments. To be a bridge treatment, there must be a tooth to be supported on the right and left. Implant placement can be removed with fixed teeth.<\/p>\n<p>&nbsp;<\/p>\n<h2>Complete Toothlessness<\/h2>\n<p>If there are no teeth left in the mouth, the nausea reflex and the retainers of the prosthesis are sufficiently used because if the removable prosthesis cannot be used; implant supported prostheses are applied to the patient. Its alternatives are also available.<\/p>\n<p>&nbsp;<\/p>\n<h3>1. Implant Supported Removable Prosthesis<\/h3>\n<p>It is more advantageous than normal removable prosthesis, the patient can be removed by hand at any time,<\/p>\n<p>&nbsp;<\/p>\n<h3>2.Bar Implant Supported Removable Prosthesis<\/h3>\n<p>The number of implants increases to 4 in this treatment and comfort increases slightly.<\/p>\n<p>&nbsp;<\/p>\n<h3>3.Full Implant (Lower-upper jaw fixed tooth)<\/h3>\n<p>The placement of 6,7 or 8 implants will have fixed teeth for the patient. It is the best treatment for full toothless patients.<\/p>\n<p>&nbsp;<\/p>\n<h2>Technique on Quad Implant<\/h2>\n<p>The All On Four implant technique involves the fixation of the same day dental prosthesis on four dental implants.<\/p>\n<p>&nbsp;<\/p>\n<p>It provides fixed dental prosthesis to the same toothless patients with a single surgical procedure on the same day.<\/p>\n<p>The operation is more because no advanced surgical procedure is performed.<\/p>\n<p>The duration of dental implant surgery is shorter.<\/p>\n<p>Personally planned, a look and laugh line provides smile aesthetics.<\/p>\n<p>More cleaning than conventional dental implant fixed dentures.<\/p>\n<p>Suitable for patients with nausea reflex who cannot use removable dental prosthesis.<\/p>\n<p>Its design differs from that of full dental prostheses (palate). The patient is more accustomed to the acclimatization and use of the coating for the palate.<\/p>\n<p>The number of treatment sessions required is less used, suitable for patients residing outside the city.<\/p>\n<p>Who is the All Four Four implant technique?<\/p>\n<p>In Four On, the need for all non-toothless (no teeth) patients with sufficient bone volume and without a systemic disease to interfere with dental implant surgery.<\/p>\n<p>&nbsp;<\/p>\n<h3>Is All Four Implant Price Expensive?<\/h3>\n<p>Although the number of implants in all four systems decreases, the price as a single jaw is more expensive. Prosthetic infrastructure and implant used at different prices.<\/p>\n<p>&nbsp;<\/p>\n<h3>What are the stages of All On Four treatment?<\/h3>\n<p>All for quadruple treatment planning. Computed tomography (CT) companions<\/p>\n","protected":false},"excerpt":{"rendered":"<p>Implantology (Implant Treatment) What is Implant? Implants are artificial tooth roots placed on the jawbone to restore function and aesthetics instead of lost teeth for various reasons. &nbsp; Loss of teeth, which is a part of facial aesthetics, causes psychological and social problems as well as feeding, digestive problems and speech disorders. &nbsp; It can&#8230;<\/p>\n","protected":false},"author":1,"featured_media":4393,"parent":0,"menu_order":0,"comment_status":"open","ping_status":"closed","template":"","meta":{"footnotes":""},"class_list":["post-5083","page","type-page","status-publish","has-post-thumbnail","hentry"],"translation":{"provider":"WPGlobus","version":"3.0.2","language":"en","enabled_languages":["tr","en"],"languages":{"tr":{"title":true,"content":true,"excerpt":false},"en":{"title":true,"content":true,"excerpt":false}}},"yoast_head":"<!-- This site is optimized with the Yoast SEO Premium plugin v21.6 (Yoast SEO v26.8) - https:\/\/yoast.com\/product\/yoast-seo-premium-wordpress\/ -->\n<title>Dental Implant Treatment - &Ouml;zel Mustafa Kemal Di\u015f Klini\u011fi Ankara \u0130mplant ve Estetik<\/title>\n<meta name=\"description\" content=\"Turkey Dental Implant Center, Implant Turkey, All on Four Turkey Cost, dental tourism turkey, How much does it cost to get your teeth done in Turkey?\" \/>\n<meta name=\"robots\" content=\"index, follow, max-snippet:-1, max-image-preview:large, max-video-preview:-1\" \/>\n<link rel=\"canonical\" href=\"https:\/\/mustafakemaldis.com\/implant-tedavisi\/\" \/>\n<meta property=\"og:locale\" content=\"en_US\" \/>\n<meta property=\"og:type\" content=\"article\" \/>\n<meta property=\"og:title\" content=\"Dental Implant Treatment - &Ouml;zel Mustafa Kemal Di\u015f Klini\u011fi Ankara \u0130mplant ve Estetik\" \/>\n<meta property=\"og:description\" content=\"Turkey Dental Implant Center, Implant Turkey, All on Four Turkey Cost, dental tourism turkey, How much does it cost to get your teeth done in Turkey?\" \/>\n<meta property=\"og:url\" content=\"https:\/\/mustafakemaldis.com\/implant-tedavisi\/\" \/>\n<meta property=\"og:site_name\" content=\"&Ouml;zel Mustafa Kemal Di\u015f Klini\u011fi Ankara \u0130mplant ve Estetik\" \/>\n<meta property=\"article:publisher\" content=\"https:\/\/www.facebook.com\/mustafakemaldis\" \/>\n<meta property=\"article:modified_time\" content=\"2022-04-08T10:37:12+00:00\" \/>\n<meta property=\"og:image\" content=\"https:\/\/mustafakemaldis.com\/wp-content\/uploads\/2018\/08\/imp.jpg\" \/>\n\t<meta property=\"og:image:width\" content=\"1140\" \/>\n\t<meta property=\"og:image:height\" content=\"445\" \/>\n\t<meta property=\"og:image:type\" content=\"image\/jpeg\" \/>\n<meta name=\"twitter:card\" content=\"summary_large_image\" \/>\n<meta name=\"twitter:site\" content=\"@implantzirkon\" \/>\n<meta name=\"twitter:label1\" content=\"Est. reading time\" \/>\n\t<meta name=\"twitter:data1\" content=\"5 minutes\" \/>\n<script type=\"application\/ld+json\" class=\"yoast-schema-graph\">{\"@context\":\"https:\/\/schema.org\",\"@graph\":[{\"@type\":\"WebPage\",\"@id\":\"https:\/\/mustafakemaldis.com\/implant-tedavisi\/\",\"url\":\"https:\/\/mustafakemaldis.com\/implant-tedavisi\/\",\"name\":\"Dental Implant Treatment - &Ouml;zel Mustafa Kemal Di\u015f Klini\u011fi Ankara \u0130mplant ve Estetik\",\"isPartOf\":{\"@id\":\"https:\/\/mustafakemaldis.com\/#website\"},\"primaryImageOfPage\":{\"@id\":\"https:\/\/mustafakemaldis.com\/implant-tedavisi\/#primaryimage\"},\"image\":{\"@id\":\"https:\/\/mustafakemaldis.com\/implant-tedavisi\/#primaryimage\"},\"thumbnailUrl\":\"https:\/\/mustafakemaldis.com\/wp-content\/uploads\/2018\/08\/imp.jpg\",\"datePublished\":\"2019-07-14T12:56:26+00:00\",\"dateModified\":\"2022-04-08T10:37:12+00:00\",\"description\":\"\u0130mplant nedir ve implant kimlere yap\u0131l\u0131r? \u0130mplant Fiyatlar\u0131 Nelerdir? Ayn\u0131 g\u00fcn \u0130mplant yap\u0131l\u0131r m\u0131? Ucuz implant var m\u0131? Ankarada g\u00fcvenilir implant yapt\u0131rmak istiyorum.\",\"breadcrumb\":{\"@id\":\"https:\/\/mustafakemaldis.com\/implant-tedavisi\/#breadcrumb\"},\"inLanguage\":\"en-US\",\"potentialAction\":[{\"@type\":\"ReadAction\",\"target\":[\"https:\/\/mustafakemaldis.com\/implant-tedavisi\/\"]}]},{\"@type\":\"ImageObject\",\"inLanguage\":\"en-US\",\"@id\":\"https:\/\/mustafakemaldis.com\/implant-tedavisi\/#primaryimage\",\"url\":\"https:\/\/mustafakemaldis.com\/wp-content\/uploads\/2018\/08\/imp.jpg\",\"contentUrl\":\"https:\/\/mustafakemaldis.com\/wp-content\/uploads\/2018\/08\/imp.jpg\",\"width\":512,\"height\":200,\"caption\":\"Ankara implant v\u00d6zel Mustafa Kemal A\u011f\u0131z ve Di\u015f Sa\u011fl\u0131\u011f\u0131 Poliklini\u011fi\"},{\"@type\":\"BreadcrumbList\",\"@id\":\"https:\/\/mustafakemaldis.com\/implant-tedavisi\/#breadcrumb\",\"itemListElement\":[{\"@type\":\"ListItem\",\"position\":1,\"name\":\"Anasayfa\",\"item\":\"https:\/\/mustafakemaldis.com\/\"},{\"@type\":\"ListItem\",\"position\":2,\"name\":\"\u0130mplant Tedavisi\"}]},{\"@type\":\"WebSite\",\"@id\":\"https:\/\/mustafakemaldis.com\/#website\",\"url\":\"https:\/\/mustafakemaldis.com\/\",\"name\":\"&Ouml;zel Mustafa Kemal Di\u015f Klini\u011fi Ankara \u0130mplant ve Estetik\",\"description\":\"Implant Center Turkey, Dental Implant and Hollywood Smile\",\"publisher\":{\"@id\":\"https:\/\/mustafakemaldis.com\/#organization\"},\"potentialAction\":[{\"@type\":\"SearchAction\",\"target\":{\"@type\":\"EntryPoint\",\"urlTemplate\":\"https:\/\/mustafakemaldis.com\/?s={search_term_string}\"},\"query-input\":{\"@type\":\"PropertyValueSpecification\",\"valueRequired\":true,\"valueName\":\"search_term_string\"}}],\"inLanguage\":\"en-US\"},{\"@type\":\"Organization\",\"@id\":\"https:\/\/mustafakemaldis.com\/#organization\",\"name\":\"\u00d6zel Mustafa Kemal A\u011f\u0131z ve Di\u015f Sa\u011fl\u0131\u011f\u0131 Klini\u011fi\",\"url\":\"https:\/\/mustafakemaldis.com\/\",\"logo\":{\"@type\":\"ImageObject\",\"inLanguage\":\"en-US\",\"@id\":\"https:\/\/mustafakemaldis.com\/#\/schema\/logo\/image\/\",\"url\":\"https:\/\/i0.wp.com\/mustafakemaldis.com\/wp-content\/uploads\/2019\/02\/mustafakemallogo-e1549571882569.jpg?fit=425%2C126&ssl=1\",\"contentUrl\":\"https:\/\/i0.wp.com\/mustafakemaldis.com\/wp-content\/uploads\/2019\/02\/mustafakemallogo-e1549571882569.jpg?fit=425%2C126&ssl=1\",\"width\":425,\"height\":126,\"caption\":\"\u00d6zel Mustafa Kemal A\u011f\u0131z ve Di\u015f Sa\u011fl\u0131\u011f\u0131 Klini\u011fi\"},\"image\":{\"@id\":\"https:\/\/mustafakemaldis.com\/#\/schema\/logo\/image\/\"},\"sameAs\":[\"https:\/\/www.facebook.com\/mustafakemaldis\",\"https:\/\/x.com\/implantzirkon\",\"http:\/\/www.instagram.com\/mustafakemaldis\"]}]}<\/script>\n<!-- \/ Yoast SEO Premium plugin. -->","yoast_head_json":{"title":"Dental Implant Treatment - &Ouml;zel Mustafa Kemal Di\u015f Klini\u011fi Ankara \u0130mplant ve Estetik","description":"Turkey Dental Implant Center, Implant Turkey, All on Four Turkey Cost, dental tourism turkey, How much does it cost to get your teeth done in Turkey?","robots":{"index":"index","follow":"follow","max-snippet":"max-snippet:-1","max-image-preview":"max-image-preview:large","max-video-preview":"max-video-preview:-1"},"canonical":"https:\/\/mustafakemaldis.com\/implant-tedavisi\/","og_locale":"en_US","og_type":"article","og_title":"Dental Implant Treatment - &Ouml;zel Mustafa Kemal Di\u015f Klini\u011fi Ankara \u0130mplant ve Estetik","og_description":"Turkey Dental Implant Center, Implant Turkey, All on Four Turkey Cost, dental tourism turkey, How much does it cost to get your teeth done in Turkey?","og_url":"https:\/\/mustafakemaldis.com\/implant-tedavisi\/","og_site_name":"&Ouml;zel Mustafa Kemal Di\u015f Klini\u011fi Ankara \u0130mplant ve Estetik","article_publisher":"https:\/\/www.facebook.com\/mustafakemaldis","article_modified_time":"2022-04-08T10:37:12+00:00","og_image":[{"width":1140,"height":445,"url":"https:\/\/mustafakemaldis.com\/wp-content\/uploads\/2018\/08\/imp.jpg","type":"image\/jpeg"}],"twitter_card":"summary_large_image","twitter_site":"@implantzirkon","twitter_misc":{"Est. reading time":"5 minutes"},"schema":{"@context":"https:\/\/schema.org","@graph":[{"@type":"WebPage","@id":"https:\/\/mustafakemaldis.com\/implant-tedavisi\/","url":"https:\/\/mustafakemaldis.com\/implant-tedavisi\/","name":"Dental Implant Treatment - &Ouml;zel Mustafa Kemal Di\u015f Klini\u011fi Ankara \u0130mplant ve Estetik","isPartOf":{"@id":"https:\/\/mustafakemaldis.com\/#website"},"primaryImageOfPage":{"@id":"https:\/\/mustafakemaldis.com\/implant-tedavisi\/#primaryimage"},"image":{"@id":"https:\/\/mustafakemaldis.com\/implant-tedavisi\/#primaryimage"},"thumbnailUrl":"https:\/\/mustafakemaldis.com\/wp-content\/uploads\/2018\/08\/imp.jpg","datePublished":"2019-07-14T12:56:26+00:00","dateModified":"2022-04-08T10:37:12+00:00","description":"\u0130mplant nedir ve implant kimlere yap\u0131l\u0131r? \u0130mplant Fiyatlar\u0131 Nelerdir? Ayn\u0131 g\u00fcn \u0130mplant yap\u0131l\u0131r m\u0131? Ucuz implant var m\u0131? Ankarada g\u00fcvenilir implant yapt\u0131rmak istiyorum.","breadcrumb":{"@id":"https:\/\/mustafakemaldis.com\/implant-tedavisi\/#breadcrumb"},"inLanguage":"en-US","potentialAction":[{"@type":"ReadAction","target":["https:\/\/mustafakemaldis.com\/implant-tedavisi\/"]}]},{"@type":"ImageObject","inLanguage":"en-US","@id":"https:\/\/mustafakemaldis.com\/implant-tedavisi\/#primaryimage","url":"https:\/\/mustafakemaldis.com\/wp-content\/uploads\/2018\/08\/imp.jpg","contentUrl":"https:\/\/mustafakemaldis.com\/wp-content\/uploads\/2018\/08\/imp.jpg","width":512,"height":200,"caption":"Ankara implant v\u00d6zel Mustafa Kemal A\u011f\u0131z ve Di\u015f Sa\u011fl\u0131\u011f\u0131 Poliklini\u011fi"},{"@type":"BreadcrumbList","@id":"https:\/\/mustafakemaldis.com\/implant-tedavisi\/#breadcrumb","itemListElement":[{"@type":"ListItem","position":1,"name":"Anasayfa","item":"https:\/\/mustafakemaldis.com\/"},{"@type":"ListItem","position":2,"name":"\u0130mplant Tedavisi"}]},{"@type":"WebSite","@id":"https:\/\/mustafakemaldis.com\/#website","url":"https:\/\/mustafakemaldis.com\/","name":"&Ouml;zel Mustafa Kemal Di\u015f Klini\u011fi Ankara \u0130mplant ve Estetik","description":"Implant Center Turkey, Dental Implant and Hollywood Smile","publisher":{"@id":"https:\/\/mustafakemaldis.com\/#organization"},"potentialAction":[{"@type":"SearchAction","target":{"@type":"EntryPoint","urlTemplate":"https:\/\/mustafakemaldis.com\/?s={search_term_string}"},"query-input":{"@type":"PropertyValueSpecification","valueRequired":true,"valueName":"search_term_string"}}],"inLanguage":"en-US"},{"@type":"Organization","@id":"https:\/\/mustafakemaldis.com\/#organization","name":"\u00d6zel Mustafa Kemal A\u011f\u0131z ve Di\u015f Sa\u011fl\u0131\u011f\u0131 Klini\u011fi","url":"https:\/\/mustafakemaldis.com\/","logo":{"@type":"ImageObject","inLanguage":"en-US","@id":"https:\/\/mustafakemaldis.com\/#\/schema\/logo\/image\/","url":"https:\/\/i0.wp.com\/mustafakemaldis.com\/wp-content\/uploads\/2019\/02\/mustafakemallogo-e1549571882569.jpg?fit=425%2C126&ssl=1","contentUrl":"https:\/\/i0.wp.com\/mustafakemaldis.com\/wp-content\/uploads\/2019\/02\/mustafakemallogo-e1549571882569.jpg?fit=425%2C126&ssl=1","width":425,"height":126,"caption":"\u00d6zel Mustafa Kemal A\u011f\u0131z ve Di\u015f Sa\u011fl\u0131\u011f\u0131 Klini\u011fi"},"image":{"@id":"https:\/\/mustafakemaldis.com\/#\/schema\/logo\/image\/"},"sameAs":["https:\/\/www.facebook.com\/mustafakemaldis","https:\/\/x.com\/implantzirkon","http:\/\/www.instagram.com\/mustafakemaldis"]}]}},"jetpack_sharing_enabled":true,"_links":{"self":[{"href":"https:\/\/mustafakemaldis.com\/en\/wp-json\/wp\/v2\/pages\/5083","targetHints":{"allow":["GET"]}}],"collection":[{"href":"https:\/\/mustafakemaldis.com\/en\/wp-json\/wp\/v2\/pages"}],"about":[{"href":"https:\/\/mustafakemaldis.com\/en\/wp-json\/wp\/v2\/types\/page"}],"author":[{"embeddable":true,"href":"https:\/\/mustafakemaldis.com\/en\/wp-json\/wp\/v2\/users\/1"}],"replies":[{"embeddable":true,"href":"https:\/\/mustafakemaldis.com\/en\/wp-json\/wp\/v2\/comments?post=5083"}],"version-history":[{"count":0,"href":"https:\/\/mustafakemaldis.com\/en\/wp-json\/wp\/v2\/pages\/5083\/revisions"}],"wp:featuredmedia":[{"embeddable":true,"href":"https:\/\/mustafakemaldis.com\/en\/wp-json\/wp\/v2\/media\/4393"}],"wp:attachment":[{"href":"https:\/\/mustafakemaldis.com\/en\/wp-json\/wp\/v2\/media?parent=5083"}],"curies":[{"name":"wp","href":"https:\/\/api.w.org\/{rel}","templated":true}]}}