{"id":5101,"date":"2019-07-14T16:04:47","date_gmt":"2019-07-14T13:04:47","guid":{"rendered":"https:\/\/mustafakemaldis.com\/?page_id=5101"},"modified":"2022-04-08T18:04:39","modified_gmt":"2022-04-08T15:04:39","slug":"dijital-rontgen","status":"publish","type":"page","link":"https:\/\/mustafakemaldis.com\/en\/dijital-rontgen\/","title":{"rendered":"Digital X-ray"},"content":{"rendered":"<style type=\"text\/css\"><\/style><p>Oral diagnosis includes the diagnosis and treatment planning of oral diseases and systemic diseases in the mouth in dentistry.<br \/>\nOnly rotten teeth and inflamed gums do not appear in the mouth. As it is accepted all over the world, diseases of jaw bones and joints, salivary glands, tongue and all soft tissues seen in the mouth are the subjects of dentistry. Although these structures and tissues cover a small area, they form an anatomically complex structure. Many systemic diseases also show important symptoms in the mouth. For example, in diabetes, gum disease progresses very quickly. Again, frequent and multiple aphthae in the mouth may be the first signs of beh\u00e7et&#8217;s disease. For these reasons, a separate department of diagnosis and treatment planning of oral diseases had to be born and Oral Diagnosis and Radiology took on this task.<\/p>\n<p>Dental Films<br \/>\nDental radiographs, ie dental films, are the main assistants in the diagnosis of oral diseases, especially those related to hard tissue such as teeth and jaw bone. The two most commonly used types of dental films are periapical (small films showing 2-3 teeth) and panoramic films. (large films that can show all teeth and jaw bones, upper and lower). Digital radiography devices, a computer-aided technique, allow us to perform color and light fluctuations on the film image using a very low radiation dose and allow us to make detailed evaluations. In addition, MRI and CT are the films that can be requested as an aid especially in implant applications and diagnosis of joint diseases.<\/p>\n<p>Diagnosis and Treatment<br \/>\nWith all these methods, we can easily see and diagnose the remaining 2\/3 of the tooth structure, 1\/3 of which can be seen in the mouth, and structures such as inflammatory formations and embedded teeth remaining in the jawbone. A good diagnosis also ensures the correct treatment planning. In this way, all necessary treatment needs are identified early and bigger problems are prevented in the future.<\/p>\n","protected":false},"excerpt":{"rendered":"<p>Oral diagnosis includes the diagnosis and treatment planning of oral diseases and systemic diseases in the mouth in dentistry. Only rotten teeth and inflamed gums do not appear in the mouth. As it is accepted all over the world, diseases of jaw bones and joints, salivary glands, tongue and all soft tissues seen in the&#8230;<\/p>\n","protected":false},"author":1,"featured_media":4541,"parent":0,"menu_order":0,"comment_status":"open","ping_status":"closed","template":"","meta":{"footnotes":""},"class_list":["post-5101","page","type-page","status-publish","has-post-thumbnail","hentry"],"translation":{"provider":"WPGlobus","version":"3.0.2","language":"en","enabled_languages":["tr","en"],"languages":{"tr":{"title":true,"content":true,"excerpt":false},"en":{"title":true,"content":true,"excerpt":false}}},"yoast_head":"<!-- This site is optimized with the Yoast SEO Premium plugin v21.6 (Yoast SEO v26.8) - https:\/\/yoast.com\/product\/yoast-seo-premium-wordpress\/ -->\n<title>Digital X-ray - &Ouml;zel Mustafa Kemal Di\u015f Klini\u011fi Ankara \u0130mplant ve Estetik<\/title>\n<meta name=\"robots\" content=\"index, follow, max-snippet:-1, max-image-preview:large, max-video-preview:-1\" \/>\n<link rel=\"canonical\" href=\"https:\/\/mustafakemaldis.com\/dijital-rontgen\/\" \/>\n<meta property=\"og:locale\" content=\"en_US\" \/>\n<meta property=\"og:type\" content=\"article\" \/>\n<meta property=\"og:title\" content=\"Digital X-ray - &Ouml;zel Mustafa Kemal Di\u015f Klini\u011fi Ankara \u0130mplant ve Estetik\" \/>\n<meta property=\"og:url\" content=\"https:\/\/mustafakemaldis.com\/dijital-rontgen\/\" \/>\n<meta property=\"og:site_name\" content=\"&Ouml;zel Mustafa Kemal Di\u015f Klini\u011fi Ankara \u0130mplant ve Estetik\" \/>\n<meta property=\"article:publisher\" content=\"https:\/\/www.facebook.com\/mustafakemaldis\" \/>\n<meta property=\"article:modified_time\" content=\"2022-04-08T15:04:39+00:00\" \/>\n<meta property=\"og:image\" content=\"https:\/\/mustafakemaldis.com\/wp-content\/uploads\/2015\/08\/sensor-intraoral-xios-xg-supreme-radiografia-XL.jpg\" \/>\n\t<meta property=\"og:image:width\" content=\"300\" \/>\n\t<meta property=\"og:image:height\" content=\"214\" \/>\n\t<meta property=\"og:image:type\" content=\"image\/jpeg\" \/>\n<meta name=\"twitter:card\" content=\"summary_large_image\" \/>\n<meta name=\"twitter:site\" content=\"@implantzirkon\" \/>\n<meta name=\"twitter:label1\" content=\"Est. reading time\" \/>\n\t<meta name=\"twitter:data1\" content=\"2 minutes\" \/>\n<script type=\"application\/ld+json\" class=\"yoast-schema-graph\">{\"@context\":\"https:\/\/schema.org\",\"@graph\":[{\"@type\":\"WebPage\",\"@id\":\"https:\/\/mustafakemaldis.com\/dijital-rontgen\/\",\"url\":\"https:\/\/mustafakemaldis.com\/dijital-rontgen\/\",\"name\":\"Digital X-ray - &Ouml;zel Mustafa Kemal Di\u015f Klini\u011fi Ankara \u0130mplant ve Estetik\",\"isPartOf\":{\"@id\":\"https:\/\/mustafakemaldis.com\/#website\"},\"primaryImageOfPage\":{\"@id\":\"https:\/\/mustafakemaldis.com\/dijital-rontgen\/#primaryimage\"},\"image\":{\"@id\":\"https:\/\/mustafakemaldis.com\/dijital-rontgen\/#primaryimage\"},\"thumbnailUrl\":\"https:\/\/mustafakemaldis.com\/wp-content\/uploads\/2015\/08\/sensor-intraoral-xios-xg-supreme-radiografia-XL.jpg\",\"datePublished\":\"2019-07-14T13:04:47+00:00\",\"dateModified\":\"2022-04-08T15:04:39+00:00\",\"description\":\"A\u011f\u0131z i\u00e7i hastal\u0131klar\u0131n\u0131n, \u00f6zellikle di\u015f ve \u00e7ene kemi\u011fi gibi sert doku ile ilgili olanlar\u0131n te\u015fhisinde en b\u00fcy\u00fck yard\u0131mc\u0131m\u0131z dijital r\u00f6ntgendir\",\"breadcrumb\":{\"@id\":\"https:\/\/mustafakemaldis.com\/dijital-rontgen\/#breadcrumb\"},\"inLanguage\":\"en-US\",\"potentialAction\":[{\"@type\":\"ReadAction\",\"target\":[\"https:\/\/mustafakemaldis.com\/dijital-rontgen\/\"]}]},{\"@type\":\"ImageObject\",\"inLanguage\":\"en-US\",\"@id\":\"https:\/\/mustafakemaldis.com\/dijital-rontgen\/#primaryimage\",\"url\":\"https:\/\/mustafakemaldis.com\/wp-content\/uploads\/2015\/08\/sensor-intraoral-xios-xg-supreme-radiografia-XL.jpg\",\"contentUrl\":\"https:\/\/mustafakemaldis.com\/wp-content\/uploads\/2015\/08\/sensor-intraoral-xios-xg-supreme-radiografia-XL.jpg\",\"width\":300,\"height\":214,\"caption\":\"Ankara \u0130mplant \u00d6zel Mustafa Kemal A\u011f\u0131z ve Di\u015f Sa\u011fl\u0131\u011f\u0131 Poliklini\u011fi\"},{\"@type\":\"BreadcrumbList\",\"@id\":\"https:\/\/mustafakemaldis.com\/dijital-rontgen\/#breadcrumb\",\"itemListElement\":[{\"@type\":\"ListItem\",\"position\":1,\"name\":\"Anasayfa\",\"item\":\"https:\/\/mustafakemaldis.com\/\"},{\"@type\":\"ListItem\",\"position\":2,\"name\":\"Dijital R\u00f6ntgen\"}]},{\"@type\":\"WebSite\",\"@id\":\"https:\/\/mustafakemaldis.com\/#website\",\"url\":\"https:\/\/mustafakemaldis.com\/\",\"name\":\"&Ouml;zel Mustafa Kemal Di\u015f Klini\u011fi Ankara \u0130mplant ve Estetik\",\"description\":\"Implant Center Turkey, Dental Implant and Hollywood Smile\",\"publisher\":{\"@id\":\"https:\/\/mustafakemaldis.com\/#organization\"},\"potentialAction\":[{\"@type\":\"SearchAction\",\"target\":{\"@type\":\"EntryPoint\",\"urlTemplate\":\"https:\/\/mustafakemaldis.com\/?s={search_term_string}\"},\"query-input\":{\"@type\":\"PropertyValueSpecification\",\"valueRequired\":true,\"valueName\":\"search_term_string\"}}],\"inLanguage\":\"en-US\"},{\"@type\":\"Organization\",\"@id\":\"https:\/\/mustafakemaldis.com\/#organization\",\"name\":\"\u00d6zel Mustafa Kemal A\u011f\u0131z ve Di\u015f Sa\u011fl\u0131\u011f\u0131 Klini\u011fi\",\"url\":\"https:\/\/mustafakemaldis.com\/\",\"logo\":{\"@type\":\"ImageObject\",\"inLanguage\":\"en-US\",\"@id\":\"https:\/\/mustafakemaldis.com\/#\/schema\/logo\/image\/\",\"url\":\"https:\/\/i0.wp.com\/mustafakemaldis.com\/wp-content\/uploads\/2019\/02\/mustafakemallogo-e1549571882569.jpg?fit=425%2C126&ssl=1\",\"contentUrl\":\"https:\/\/i0.wp.com\/mustafakemaldis.com\/wp-content\/uploads\/2019\/02\/mustafakemallogo-e1549571882569.jpg?fit=425%2C126&ssl=1\",\"width\":425,\"height\":126,\"caption\":\"\u00d6zel Mustafa Kemal A\u011f\u0131z ve Di\u015f Sa\u011fl\u0131\u011f\u0131 Klini\u011fi\"},\"image\":{\"@id\":\"https:\/\/mustafakemaldis.com\/#\/schema\/logo\/image\/\"},\"sameAs\":[\"https:\/\/www.facebook.com\/mustafakemaldis\",\"https:\/\/x.com\/implantzirkon\",\"http:\/\/www.instagram.com\/mustafakemaldis\"]}]}<\/script>\n<!-- \/ Yoast SEO Premium plugin. -->","yoast_head_json":{"title":"Digital X-ray - &Ouml;zel Mustafa Kemal Di\u015f Klini\u011fi Ankara \u0130mplant ve Estetik","robots":{"index":"index","follow":"follow","max-snippet":"max-snippet:-1","max-image-preview":"max-image-preview:large","max-video-preview":"max-video-preview:-1"},"canonical":"https:\/\/mustafakemaldis.com\/dijital-rontgen\/","og_locale":"en_US","og_type":"article","og_title":"Digital X-ray - &Ouml;zel Mustafa Kemal Di\u015f Klini\u011fi Ankara \u0130mplant ve Estetik","og_url":"https:\/\/mustafakemaldis.com\/dijital-rontgen\/","og_site_name":"&Ouml;zel Mustafa Kemal Di\u015f Klini\u011fi Ankara \u0130mplant ve Estetik","article_publisher":"https:\/\/www.facebook.com\/mustafakemaldis","article_modified_time":"2022-04-08T15:04:39+00:00","og_image":[{"width":300,"height":214,"url":"https:\/\/mustafakemaldis.com\/wp-content\/uploads\/2015\/08\/sensor-intraoral-xios-xg-supreme-radiografia-XL.jpg","type":"image\/jpeg"}],"twitter_card":"summary_large_image","twitter_site":"@implantzirkon","twitter_misc":{"Est. reading time":"2 minutes"},"schema":{"@context":"https:\/\/schema.org","@graph":[{"@type":"WebPage","@id":"https:\/\/mustafakemaldis.com\/dijital-rontgen\/","url":"https:\/\/mustafakemaldis.com\/dijital-rontgen\/","name":"Digital X-ray - &Ouml;zel Mustafa Kemal Di\u015f Klini\u011fi Ankara \u0130mplant ve Estetik","isPartOf":{"@id":"https:\/\/mustafakemaldis.com\/#website"},"primaryImageOfPage":{"@id":"https:\/\/mustafakemaldis.com\/dijital-rontgen\/#primaryimage"},"image":{"@id":"https:\/\/mustafakemaldis.com\/dijital-rontgen\/#primaryimage"},"thumbnailUrl":"https:\/\/mustafakemaldis.com\/wp-content\/uploads\/2015\/08\/sensor-intraoral-xios-xg-supreme-radiografia-XL.jpg","datePublished":"2019-07-14T13:04:47+00:00","dateModified":"2022-04-08T15:04:39+00:00","description":"A\u011f\u0131z i\u00e7i hastal\u0131klar\u0131n\u0131n, \u00f6zellikle di\u015f ve \u00e7ene kemi\u011fi gibi sert doku ile ilgili olanlar\u0131n te\u015fhisinde en b\u00fcy\u00fck yard\u0131mc\u0131m\u0131z dijital r\u00f6ntgendir","breadcrumb":{"@id":"https:\/\/mustafakemaldis.com\/dijital-rontgen\/#breadcrumb"},"inLanguage":"en-US","potentialAction":[{"@type":"ReadAction","target":["https:\/\/mustafakemaldis.com\/dijital-rontgen\/"]}]},{"@type":"ImageObject","inLanguage":"en-US","@id":"https:\/\/mustafakemaldis.com\/dijital-rontgen\/#primaryimage","url":"https:\/\/mustafakemaldis.com\/wp-content\/uploads\/2015\/08\/sensor-intraoral-xios-xg-supreme-radiografia-XL.jpg","contentUrl":"https:\/\/mustafakemaldis.com\/wp-content\/uploads\/2015\/08\/sensor-intraoral-xios-xg-supreme-radiografia-XL.jpg","width":300,"height":214,"caption":"Ankara \u0130mplant \u00d6zel Mustafa Kemal A\u011f\u0131z ve Di\u015f Sa\u011fl\u0131\u011f\u0131 Poliklini\u011fi"},{"@type":"BreadcrumbList","@id":"https:\/\/mustafakemaldis.com\/dijital-rontgen\/#breadcrumb","itemListElement":[{"@type":"ListItem","position":1,"name":"Anasayfa","item":"https:\/\/mustafakemaldis.com\/"},{"@type":"ListItem","position":2,"name":"Dijital R\u00f6ntgen"}]},{"@type":"WebSite","@id":"https:\/\/mustafakemaldis.com\/#website","url":"https:\/\/mustafakemaldis.com\/","name":"&Ouml;zel Mustafa Kemal Di\u015f Klini\u011fi Ankara \u0130mplant ve Estetik","description":"Implant Center Turkey, Dental Implant and Hollywood Smile","publisher":{"@id":"https:\/\/mustafakemaldis.com\/#organization"},"potentialAction":[{"@type":"SearchAction","target":{"@type":"EntryPoint","urlTemplate":"https:\/\/mustafakemaldis.com\/?s={search_term_string}"},"query-input":{"@type":"PropertyValueSpecification","valueRequired":true,"valueName":"search_term_string"}}],"inLanguage":"en-US"},{"@type":"Organization","@id":"https:\/\/mustafakemaldis.com\/#organization","name":"\u00d6zel Mustafa Kemal A\u011f\u0131z ve Di\u015f Sa\u011fl\u0131\u011f\u0131 Klini\u011fi","url":"https:\/\/mustafakemaldis.com\/","logo":{"@type":"ImageObject","inLanguage":"en-US","@id":"https:\/\/mustafakemaldis.com\/#\/schema\/logo\/image\/","url":"https:\/\/i0.wp.com\/mustafakemaldis.com\/wp-content\/uploads\/2019\/02\/mustafakemallogo-e1549571882569.jpg?fit=425%2C126&ssl=1","contentUrl":"https:\/\/i0.wp.com\/mustafakemaldis.com\/wp-content\/uploads\/2019\/02\/mustafakemallogo-e1549571882569.jpg?fit=425%2C126&ssl=1","width":425,"height":126,"caption":"\u00d6zel Mustafa Kemal A\u011f\u0131z ve Di\u015f Sa\u011fl\u0131\u011f\u0131 Klini\u011fi"},"image":{"@id":"https:\/\/mustafakemaldis.com\/#\/schema\/logo\/image\/"},"sameAs":["https:\/\/www.facebook.com\/mustafakemaldis","https:\/\/x.com\/implantzirkon","http:\/\/www.instagram.com\/mustafakemaldis"]}]}},"jetpack_sharing_enabled":true,"_links":{"self":[{"href":"https:\/\/mustafakemaldis.com\/en\/wp-json\/wp\/v2\/pages\/5101","targetHints":{"allow":["GET"]}}],"collection":[{"href":"https:\/\/mustafakemaldis.com\/en\/wp-json\/wp\/v2\/pages"}],"about":[{"href":"https:\/\/mustafakemaldis.com\/en\/wp-json\/wp\/v2\/types\/page"}],"author":[{"embeddable":true,"href":"https:\/\/mustafakemaldis.com\/en\/wp-json\/wp\/v2\/users\/1"}],"replies":[{"embeddable":true,"href":"https:\/\/mustafakemaldis.com\/en\/wp-json\/wp\/v2\/comments?post=5101"}],"version-history":[{"count":0,"href":"https:\/\/mustafakemaldis.com\/en\/wp-json\/wp\/v2\/pages\/5101\/revisions"}],"wp:featuredmedia":[{"embeddable":true,"href":"https:\/\/mustafakemaldis.com\/en\/wp-json\/wp\/v2\/media\/4541"}],"wp:attachment":[{"href":"https:\/\/mustafakemaldis.com\/en\/wp-json\/wp\/v2\/media?parent=5101"}],"curies":[{"name":"wp","href":"https:\/\/api.w.org\/{rel}","templated":true}]}}