{"id":5103,"date":"2019-07-14T16:05:35","date_gmt":"2019-07-14T13:05:35","guid":{"rendered":"https:\/\/mustafakemaldis.com\/?page_id=5103"},"modified":"2022-04-08T18:43:43","modified_gmt":"2022-04-08T15:43:43","slug":"dis-pirlantasi-kristeli","status":"publish","type":"page","link":"https:\/\/mustafakemaldis.com\/en\/dis-pirlantasi-kristeli\/","title":{"rendered":"Tooth Diamond"},"content":{"rendered":"<style type=\"text\/css\"><\/style><h2>Tooth Diamond (Tooth Crystal)<\/h2>\n<p>In recent years, those who want to give aestheticity and shine to the tooth appearance have started to prefer dental crystals. The tooth crystal, also known as tooth diamond, has been appreciated in terms of making a difference on the tooth surface and the person&#8217;s smile.<br \/>\nDental crystals or dental diamonds, which are very difficult to fall off the tooth surface and are easily re-adhered in case of falls, are an advantageous aesthetic practice since they can be applied at any age. Tooth crystals of different sizes and shapes will give you a sparkle with your smile. It will be used easily because it does not damage the surface of your teeth and does not pose any risk to oral health. When you want a difference in appearance, it will be your best choice.<\/p>\n<h3>\nWho can make a dental crystal?<\/h3>\n<p>The dental crystal, which falls into the aesthetic and cosmetic field of dentistry, can be easily applied to the desired age and desired teeth. Almost everyone can get dental diamonds, should be applied by specialist dentists.<br \/>\nOral and dental health of the person must be established before the dental crystal is applied. Tooth crystals will look better in mouths with white teeth. Therefore, dental plaque can be cleaned first, teeth can be removed from caries and teeth whitening can be applied. Anyone who is suitable for oral hygiene and alignment of teeth can get a dental crystal.<br \/>\nWhat kind of stones does dental diamond use?<br \/>\nYou can use different alternatives instead of crystal stones when choosing dental diamonds. Dental stones, which are less expensive than dental diamonds, may be suitable for your budget. However, as they are applied only by gluing without using the abrasion method, the lifetime of these stones will be shorter. There will also be a risk of dislocation due to the hard force applied when eating or eating fruit. It can also be removed without the need for polishing when removal is required.<br \/>\nThose who want to use dental crystals for a long time can make their choices by following their doctor&#8217;s recommendations. When the dental diamond is of good quality, it is almost impossible to fall or break from the tooth.<br \/>\nHow To Make A Dental Crystal? Application Stages<br \/>\nThe question of how to apply a dental crystal is one of the most important questions for those who will buy dental diamonds. Artificial stones or diamonds are bonded to the tooth surface with a special technique without any abrasion on the tooth surface with the developing technology. Using special adhesives, they are placed on the surface of the desired tooth with a short operation.<br \/>\nDental crystals, which are difficult to separate from the tooth surface under normal conditions, are easily re-adhered by the dentist when they leave the tooth due to hard food consumption. Before the dental diamond is glued to the tooth, the tooth surface is first removed from dental stones or stains. The tooth to be glued with the dental diamond is isolated from the surrounding tissues with the help of cotton so that saliva does not touch and the process is performed. Special adhesives called composite bonding are used at this stage.<br \/>\nIf you want to remove the dental diamonds after the removal process to be done with the tooth polishing application is provided to prevent any damage to the tooth. Your dentist will give a detailed answer to your question on how to apply a dental crystal.<br \/>\nAdvantages of Dental Crystal Application<br \/>\nTooth crystals are very advantageous in that they can be applied to anyone who wants a difference in smile and appearance. Thanks to dental diamond application:<br \/>\n\u2022 You can have a remarkable smile.<br \/>\n\u2022 Your teeth will look better.<br \/>\n\u2022 You can have white teeth by having teeth whitening.<br \/>\n\u2022 Your confidence increases and you get a different look.<br \/>\n\u2022 Complete your personal image.<br \/>\n\u2022 You can laugh more comfortable and beautiful.<br \/>\nYou can have happy smiles thanks to the tooth crystal and diamonds that will make you feel more beautiful. If you say how to wear dental diamonds, you can get support from specialist dentists.<br \/>\nIs there any harm to the tooth?<br \/>\nDental crystal is one of the applications without any harm. Damage to the dental crystal can show the risk of breakage and swallowing if excessive hard foods are consumed. It is important that no one intervenes except in the dentists who do not need any special care and who will have sufficient daily oral care. The dental diamond to be bonded by the dentist will be used more reliably and healthily.<\/p>\n<h3>\nTooth Crystal Treatment Time<\/h3>\n<p>Dental crystal application time is very short. 15 &#8211; 20 minutes after a rasp and paste session you can easily continue your daily life. The duration of the dental diamond application will vary according to the number of diamonds to be attached to the surface of the teeth. Dentists will advise you about the duration of dental diamond treatment.<\/p>\n","protected":false},"excerpt":{"rendered":"<p>Tooth Diamond (Tooth Crystal) In recent years, those who want to give aestheticity and shine to the tooth appearance have started to prefer dental crystals. The tooth crystal, also known as tooth diamond, has been appreciated in terms of making a difference on the tooth surface and the person&#8217;s smile. Dental crystals or dental diamonds,&#8230;<\/p>\n","protected":false},"author":1,"featured_media":4373,"parent":0,"menu_order":0,"comment_status":"open","ping_status":"closed","template":"","meta":{"footnotes":""},"class_list":["post-5103","page","type-page","status-publish","has-post-thumbnail","hentry"],"translation":{"provider":"WPGlobus","version":"3.0.2","language":"en","enabled_languages":["tr","en"],"languages":{"tr":{"title":true,"content":true,"excerpt":false},"en":{"title":true,"content":true,"excerpt":false}}},"yoast_head":"<!-- This site is optimized with the Yoast SEO Premium plugin v21.6 (Yoast SEO v26.8) - https:\/\/yoast.com\/product\/yoast-seo-premium-wordpress\/ -->\n<title>Tooth Diamond - &Ouml;zel Mustafa Kemal Di\u015f Klini\u011fi Ankara \u0130mplant ve Estetik<\/title>\n<meta name=\"robots\" content=\"index, follow, max-snippet:-1, max-image-preview:large, max-video-preview:-1\" \/>\n<link rel=\"canonical\" href=\"https:\/\/mustafakemaldis.com\/dis-pirlantasi-kristeli\/\" \/>\n<meta property=\"og:locale\" content=\"en_US\" \/>\n<meta property=\"og:type\" content=\"article\" \/>\n<meta property=\"og:title\" content=\"Tooth Diamond - &Ouml;zel Mustafa Kemal Di\u015f Klini\u011fi Ankara \u0130mplant ve Estetik\" \/>\n<meta property=\"og:url\" content=\"https:\/\/mustafakemaldis.com\/dis-pirlantasi-kristeli\/\" \/>\n<meta property=\"og:site_name\" content=\"&Ouml;zel Mustafa Kemal Di\u015f Klini\u011fi Ankara \u0130mplant ve Estetik\" \/>\n<meta property=\"article:publisher\" content=\"https:\/\/www.facebook.com\/mustafakemaldis\" \/>\n<meta property=\"article:modified_time\" content=\"2022-04-08T15:43:43+00:00\" \/>\n<meta property=\"og:image\" content=\"https:\/\/mustafakemaldis.com\/wp-content\/uploads\/2018\/08\/disler-kristal.jpg\" \/>\n\t<meta property=\"og:image:width\" content=\"500\" \/>\n\t<meta property=\"og:image:height\" content=\"500\" \/>\n\t<meta property=\"og:image:type\" content=\"image\/jpeg\" \/>\n<meta name=\"twitter:card\" content=\"summary_large_image\" \/>\n<meta name=\"twitter:site\" content=\"@implantzirkon\" \/>\n<meta name=\"twitter:label1\" content=\"Est. reading time\" \/>\n\t<meta name=\"twitter:data1\" content=\"9 minutes\" \/>\n<script type=\"application\/ld+json\" class=\"yoast-schema-graph\">{\"@context\":\"https:\/\/schema.org\",\"@graph\":[{\"@type\":\"WebPage\",\"@id\":\"https:\/\/mustafakemaldis.com\/dis-pirlantasi-kristeli\/\",\"url\":\"https:\/\/mustafakemaldis.com\/dis-pirlantasi-kristeli\/\",\"name\":\"Tooth Diamond - &Ouml;zel Mustafa Kemal Di\u015f Klini\u011fi Ankara \u0130mplant ve Estetik\",\"isPartOf\":{\"@id\":\"https:\/\/mustafakemaldis.com\/#website\"},\"primaryImageOfPage\":{\"@id\":\"https:\/\/mustafakemaldis.com\/dis-pirlantasi-kristeli\/#primaryimage\"},\"image\":{\"@id\":\"https:\/\/mustafakemaldis.com\/dis-pirlantasi-kristeli\/#primaryimage\"},\"thumbnailUrl\":\"https:\/\/mustafakemaldis.com\/wp-content\/uploads\/2018\/08\/disler-kristal.jpg\",\"datePublished\":\"2019-07-14T13:05:35+00:00\",\"dateModified\":\"2022-04-08T15:43:43+00:00\",\"description\":\"Ankara Mustafa Kemal Di\u015f Klini\u011fi ve Esteti\u011finde di\u015f p\u0131rlantas\u0131\/kristeli uygulamas\u0131 ile kusursuz g\u00fcl\u00fc\u015flerinize estetik katabilirsiniz.\",\"breadcrumb\":{\"@id\":\"https:\/\/mustafakemaldis.com\/dis-pirlantasi-kristeli\/#breadcrumb\"},\"inLanguage\":\"en-US\",\"potentialAction\":[{\"@type\":\"ReadAction\",\"target\":[\"https:\/\/mustafakemaldis.com\/dis-pirlantasi-kristeli\/\"]}]},{\"@type\":\"ImageObject\",\"inLanguage\":\"en-US\",\"@id\":\"https:\/\/mustafakemaldis.com\/dis-pirlantasi-kristeli\/#primaryimage\",\"url\":\"https:\/\/mustafakemaldis.com\/wp-content\/uploads\/2018\/08\/disler-kristal.jpg\",\"contentUrl\":\"https:\/\/mustafakemaldis.com\/wp-content\/uploads\/2018\/08\/disler-kristal.jpg\",\"width\":500,\"height\":500,\"caption\":\"Ankara Di\u015f P\u0131rlantas\u0131 \u00d6zel Mustafa Kemal A\u011f\u0131z ve Di\u015f Sa\u011fl\u0131\u011f\u0131 Poliklini\u011fi\"},{\"@type\":\"BreadcrumbList\",\"@id\":\"https:\/\/mustafakemaldis.com\/dis-pirlantasi-kristeli\/#breadcrumb\",\"itemListElement\":[{\"@type\":\"ListItem\",\"position\":1,\"name\":\"Anasayfa\",\"item\":\"https:\/\/mustafakemaldis.com\/\"},{\"@type\":\"ListItem\",\"position\":2,\"name\":\"Di\u015f P\u0131rlantas\u0131\"}]},{\"@type\":\"WebSite\",\"@id\":\"https:\/\/mustafakemaldis.com\/#website\",\"url\":\"https:\/\/mustafakemaldis.com\/\",\"name\":\"&Ouml;zel Mustafa Kemal Di\u015f Klini\u011fi Ankara \u0130mplant ve Estetik\",\"description\":\"Implant Center Turkey, Dental Implant and Hollywood Smile\",\"publisher\":{\"@id\":\"https:\/\/mustafakemaldis.com\/#organization\"},\"potentialAction\":[{\"@type\":\"SearchAction\",\"target\":{\"@type\":\"EntryPoint\",\"urlTemplate\":\"https:\/\/mustafakemaldis.com\/?s={search_term_string}\"},\"query-input\":{\"@type\":\"PropertyValueSpecification\",\"valueRequired\":true,\"valueName\":\"search_term_string\"}}],\"inLanguage\":\"en-US\"},{\"@type\":\"Organization\",\"@id\":\"https:\/\/mustafakemaldis.com\/#organization\",\"name\":\"\u00d6zel Mustafa Kemal A\u011f\u0131z ve Di\u015f Sa\u011fl\u0131\u011f\u0131 Klini\u011fi\",\"url\":\"https:\/\/mustafakemaldis.com\/\",\"logo\":{\"@type\":\"ImageObject\",\"inLanguage\":\"en-US\",\"@id\":\"https:\/\/mustafakemaldis.com\/#\/schema\/logo\/image\/\",\"url\":\"https:\/\/i0.wp.com\/mustafakemaldis.com\/wp-content\/uploads\/2019\/02\/mustafakemallogo-e1549571882569.jpg?fit=425%2C126&ssl=1\",\"contentUrl\":\"https:\/\/i0.wp.com\/mustafakemaldis.com\/wp-content\/uploads\/2019\/02\/mustafakemallogo-e1549571882569.jpg?fit=425%2C126&ssl=1\",\"width\":425,\"height\":126,\"caption\":\"\u00d6zel Mustafa Kemal A\u011f\u0131z ve Di\u015f Sa\u011fl\u0131\u011f\u0131 Klini\u011fi\"},\"image\":{\"@id\":\"https:\/\/mustafakemaldis.com\/#\/schema\/logo\/image\/\"},\"sameAs\":[\"https:\/\/www.facebook.com\/mustafakemaldis\",\"https:\/\/x.com\/implantzirkon\",\"http:\/\/www.instagram.com\/mustafakemaldis\"]}]}<\/script>\n<!-- \/ Yoast SEO Premium plugin. -->","yoast_head_json":{"title":"Tooth Diamond - &Ouml;zel Mustafa Kemal Di\u015f Klini\u011fi Ankara \u0130mplant ve Estetik","robots":{"index":"index","follow":"follow","max-snippet":"max-snippet:-1","max-image-preview":"max-image-preview:large","max-video-preview":"max-video-preview:-1"},"canonical":"https:\/\/mustafakemaldis.com\/dis-pirlantasi-kristeli\/","og_locale":"en_US","og_type":"article","og_title":"Tooth Diamond - &Ouml;zel Mustafa Kemal Di\u015f Klini\u011fi Ankara \u0130mplant ve Estetik","og_url":"https:\/\/mustafakemaldis.com\/dis-pirlantasi-kristeli\/","og_site_name":"&Ouml;zel Mustafa Kemal Di\u015f Klini\u011fi Ankara \u0130mplant ve Estetik","article_publisher":"https:\/\/www.facebook.com\/mustafakemaldis","article_modified_time":"2022-04-08T15:43:43+00:00","og_image":[{"width":500,"height":500,"url":"https:\/\/mustafakemaldis.com\/wp-content\/uploads\/2018\/08\/disler-kristal.jpg","type":"image\/jpeg"}],"twitter_card":"summary_large_image","twitter_site":"@implantzirkon","twitter_misc":{"Est. reading time":"9 minutes"},"schema":{"@context":"https:\/\/schema.org","@graph":[{"@type":"WebPage","@id":"https:\/\/mustafakemaldis.com\/dis-pirlantasi-kristeli\/","url":"https:\/\/mustafakemaldis.com\/dis-pirlantasi-kristeli\/","name":"Tooth Diamond - &Ouml;zel Mustafa Kemal Di\u015f Klini\u011fi Ankara \u0130mplant ve Estetik","isPartOf":{"@id":"https:\/\/mustafakemaldis.com\/#website"},"primaryImageOfPage":{"@id":"https:\/\/mustafakemaldis.com\/dis-pirlantasi-kristeli\/#primaryimage"},"image":{"@id":"https:\/\/mustafakemaldis.com\/dis-pirlantasi-kristeli\/#primaryimage"},"thumbnailUrl":"https:\/\/mustafakemaldis.com\/wp-content\/uploads\/2018\/08\/disler-kristal.jpg","datePublished":"2019-07-14T13:05:35+00:00","dateModified":"2022-04-08T15:43:43+00:00","description":"Ankara Mustafa Kemal Di\u015f Klini\u011fi ve Esteti\u011finde di\u015f p\u0131rlantas\u0131\/kristeli uygulamas\u0131 ile kusursuz g\u00fcl\u00fc\u015flerinize estetik katabilirsiniz.","breadcrumb":{"@id":"https:\/\/mustafakemaldis.com\/dis-pirlantasi-kristeli\/#breadcrumb"},"inLanguage":"en-US","potentialAction":[{"@type":"ReadAction","target":["https:\/\/mustafakemaldis.com\/dis-pirlantasi-kristeli\/"]}]},{"@type":"ImageObject","inLanguage":"en-US","@id":"https:\/\/mustafakemaldis.com\/dis-pirlantasi-kristeli\/#primaryimage","url":"https:\/\/mustafakemaldis.com\/wp-content\/uploads\/2018\/08\/disler-kristal.jpg","contentUrl":"https:\/\/mustafakemaldis.com\/wp-content\/uploads\/2018\/08\/disler-kristal.jpg","width":500,"height":500,"caption":"Ankara Di\u015f P\u0131rlantas\u0131 \u00d6zel Mustafa Kemal A\u011f\u0131z ve Di\u015f Sa\u011fl\u0131\u011f\u0131 Poliklini\u011fi"},{"@type":"BreadcrumbList","@id":"https:\/\/mustafakemaldis.com\/dis-pirlantasi-kristeli\/#breadcrumb","itemListElement":[{"@type":"ListItem","position":1,"name":"Anasayfa","item":"https:\/\/mustafakemaldis.com\/"},{"@type":"ListItem","position":2,"name":"Di\u015f P\u0131rlantas\u0131"}]},{"@type":"WebSite","@id":"https:\/\/mustafakemaldis.com\/#website","url":"https:\/\/mustafakemaldis.com\/","name":"&Ouml;zel Mustafa Kemal Di\u015f Klini\u011fi Ankara \u0130mplant ve Estetik","description":"Implant Center Turkey, Dental Implant and Hollywood Smile","publisher":{"@id":"https:\/\/mustafakemaldis.com\/#organization"},"potentialAction":[{"@type":"SearchAction","target":{"@type":"EntryPoint","urlTemplate":"https:\/\/mustafakemaldis.com\/?s={search_term_string}"},"query-input":{"@type":"PropertyValueSpecification","valueRequired":true,"valueName":"search_term_string"}}],"inLanguage":"en-US"},{"@type":"Organization","@id":"https:\/\/mustafakemaldis.com\/#organization","name":"\u00d6zel Mustafa Kemal A\u011f\u0131z ve Di\u015f Sa\u011fl\u0131\u011f\u0131 Klini\u011fi","url":"https:\/\/mustafakemaldis.com\/","logo":{"@type":"ImageObject","inLanguage":"en-US","@id":"https:\/\/mustafakemaldis.com\/#\/schema\/logo\/image\/","url":"https:\/\/i0.wp.com\/mustafakemaldis.com\/wp-content\/uploads\/2019\/02\/mustafakemallogo-e1549571882569.jpg?fit=425%2C126&ssl=1","contentUrl":"https:\/\/i0.wp.com\/mustafakemaldis.com\/wp-content\/uploads\/2019\/02\/mustafakemallogo-e1549571882569.jpg?fit=425%2C126&ssl=1","width":425,"height":126,"caption":"\u00d6zel Mustafa Kemal A\u011f\u0131z ve Di\u015f Sa\u011fl\u0131\u011f\u0131 Klini\u011fi"},"image":{"@id":"https:\/\/mustafakemaldis.com\/#\/schema\/logo\/image\/"},"sameAs":["https:\/\/www.facebook.com\/mustafakemaldis","https:\/\/x.com\/implantzirkon","http:\/\/www.instagram.com\/mustafakemaldis"]}]}},"jetpack_sharing_enabled":true,"_links":{"self":[{"href":"https:\/\/mustafakemaldis.com\/en\/wp-json\/wp\/v2\/pages\/5103","targetHints":{"allow":["GET"]}}],"collection":[{"href":"https:\/\/mustafakemaldis.com\/en\/wp-json\/wp\/v2\/pages"}],"about":[{"href":"https:\/\/mustafakemaldis.com\/en\/wp-json\/wp\/v2\/types\/page"}],"author":[{"embeddable":true,"href":"https:\/\/mustafakemaldis.com\/en\/wp-json\/wp\/v2\/users\/1"}],"replies":[{"embeddable":true,"href":"https:\/\/mustafakemaldis.com\/en\/wp-json\/wp\/v2\/comments?post=5103"}],"version-history":[{"count":0,"href":"https:\/\/mustafakemaldis.com\/en\/wp-json\/wp\/v2\/pages\/5103\/revisions"}],"wp:featuredmedia":[{"embeddable":true,"href":"https:\/\/mustafakemaldis.com\/en\/wp-json\/wp\/v2\/media\/4373"}],"wp:attachment":[{"href":"https:\/\/mustafakemaldis.com\/en\/wp-json\/wp\/v2\/media?parent=5103"}],"curies":[{"name":"wp","href":"https:\/\/api.w.org\/{rel}","templated":true}]}}