{"id":5105,"date":"2019-07-14T16:06:08","date_gmt":"2019-07-14T13:06:08","guid":{"rendered":"https:\/\/mustafakemaldis.com\/?page_id=5105"},"modified":"2023-10-01T01:57:08","modified_gmt":"2023-09-30T22:57:08","slug":"dis-eti-tedavisi","status":"publish","type":"page","link":"https:\/\/mustafakemaldis.com\/en\/dis-eti-tedavisi\/","title":{"rendered":"Gum Treatment"},"content":{"rendered":"<style type=\"text\/css\"><\/style><p>Periodontologists perform the treatment of connective tissue diseases that act as a shock absorber between the tooth &#8211; jaw bone that surrounds the teeth in the oral cavity, covering their nutrition over the jawbone and holding the teeth fully within the jaw.<br \/>\nFew parts of gum diseases have inherited characteristics. These are the thickness of the gingival tissue jaw bones, calcium and mineral balances, the wrong gluing areas of the gums and the gum symptoms of hereditary diseases from the family.<br \/>\nGenerally, this disease is caused by the lack of the ideal tooth brushing habit of the individual, because the dentist does not go to periodic controls and the result of decayed teeth, improper filling and incompatible prostheses and systemic drugs used with wrong or excessive use. Gingival recessions caused by incorrect tooth brushing and the fact that patients do not care about gum bleeding during tooth brushing and neglect to consult the dentist also lead to a worse situation.<br \/>\nIt causes gum disorders in some diseases that affect the general health of the patient. These include: Heart &#8211; Blood Pressure &#8211; Diabetes &#8211; Arteriosclerosis &#8211; Oral Diseases &#8211; Kidney Diseases &#8211; Infectious diseases; AIDS &#8211; Tuberculosis, etc.<br \/>\nGeneral symptoms of gum diseases<br \/>\n\u2022 Bleeding gums<br \/>\n\u2022 Gum growth and color changes<br \/>\n\u2022 Gingival recessions<br \/>\n\u2022 Melts in the jawbone supporting teeth with gingival recessions<br \/>\n\u2022 Teeth swings and tooth losses with jaw melts<br \/>\n\u2022 Excessive bad breath<br \/>\nGingival and bone losses in individuals with these symptoms make it difficult to make prostheses and implants. Combining gum diseases with oral infections can threaten a person&#8217;s overall health. Inflammation in the blood urine assay alters the high leukocyte count and ASO values.<br \/>\nIt is very important to find gum diseases in the rate of 80-85% in heart, blood pressure, arteriosclerosis, diabetes, joint diseases and kidney diseases. In this sense, with the correct treatment of gum diseases, it can easily be protected from the above diseases.<br \/>\nGum Diseases Treatments<br \/>\n1. Creating and maintaining oral and dental health information of the patient<br \/>\n2. Removal of dental calculus and food plaque formation<br \/>\n3. Deep cleaning of gum pockets (Curettage)<br \/>\n4. Cleaning, curettage and drug treatments recommended by the physician<br \/>\n5. In advanced diseases, periodontal surgical procedures (gingival surgeries) should be applied in order to prevent gum withdrawal and bone loss and to prevent it from regenerating. Said surgical and mechanical treatments can be performed with conventional or state-of-the-art laser applications. Laser applications have been applied intensively and successfully in gum diseases in recent years.<br \/>\n6. These applications provide the following advantages<br \/>\n7. Very little anesthesia is needed during the application.<br \/>\n8. Very little bleeding is encountered.<br \/>\n9. Recovery is much faster.<br \/>\n10. Less losses from intact tissues<br \/>\n11. Patient feels much less pain after application<br \/>\n12. It is a more comfortable treatment.<br \/>\nCauses of gum disease:<br \/>\n\u2022 Smoking: As is known, smoking is closely related to cancer, heart and lung diseases. Less well known is that smoking is one of the factors that accelerate the course and development of periodontal diseases.<br \/>\n\u2022 Genetics: Research has revealed that 30% of the population has a congenital susceptibility to gum disease. If your family has periodontitis, you can have healthy gums with regular checks before the symptoms of the disease appear.<br \/>\n\u2022 Pregnancy-Puberty: Some special times in women&#8217;s life require special care and care. When maturing or changing (puberty or menopause) or in special cases (menstruation and pregnancy), hormonal changes occur in the body. At such times, gums become sensitive and susceptible to gum disease. Recent studies have shown that the risk of underweight-premature birth is higher in women with gum disease.<br \/>\n\u2022 Stress: Stress; hypertension, cancer and many diseases, as well as the predisposing cause is a risk factor for periodontal disease. Disrupts the body&#8217;s defense system and prepares the ground for periodontal disease.<br \/>\n\u2022 Drug use: Oral contraceptives (birth control pills), antidepressants and certain heart medications affect oral health.<br \/>\n\u2022 Tooth grinding: Did anyone say you were grinding teeth at night? Do you have pain in your teeth from clenching your teeth during an exam or doing a problematic job? Are you still tired when you wake up? Squeezing or squeaking damages tissues supporting teeth, accelerating tissue destruction.<\/p>\n","protected":false},"excerpt":{"rendered":"<p>Periodontologists perform the treatment of connective tissue diseases that act as a shock absorber between the tooth &#8211; jaw bone that surrounds the teeth in the oral cavity, covering their nutrition over the jawbone and holding the teeth fully within the jaw. Few parts of gum diseases have inherited characteristics. These are the thickness of&#8230;<\/p>\n","protected":false},"author":1,"featured_media":4507,"parent":0,"menu_order":0,"comment_status":"open","ping_status":"closed","template":"","meta":{"footnotes":""},"class_list":["post-5105","page","type-page","status-publish","has-post-thumbnail","hentry"],"translation":{"provider":"WPGlobus","version":"3.0.2","language":"en","enabled_languages":["tr","en"],"languages":{"tr":{"title":true,"content":true,"excerpt":false},"en":{"title":true,"content":true,"excerpt":false}}},"yoast_head":"<!-- This site is optimized with the Yoast SEO Premium plugin v21.6 (Yoast SEO v26.8) - https:\/\/yoast.com\/product\/yoast-seo-premium-wordpress\/ -->\n<title>Gum Treatment - &Ouml;zel Mustafa Kemal Di\u015f Klini\u011fi Ankara \u0130mplant ve Estetik<\/title>\n<meta name=\"robots\" content=\"index, follow, max-snippet:-1, max-image-preview:large, max-video-preview:-1\" \/>\n<link rel=\"canonical\" href=\"https:\/\/mustafakemaldis.com\/dis-eti-tedavisi\/\" \/>\n<meta property=\"og:locale\" content=\"en_US\" \/>\n<meta property=\"og:type\" content=\"article\" \/>\n<meta property=\"og:title\" content=\"Gum Treatment - &Ouml;zel Mustafa Kemal Di\u015f Klini\u011fi Ankara \u0130mplant ve Estetik\" \/>\n<meta property=\"og:url\" content=\"https:\/\/mustafakemaldis.com\/dis-eti-tedavisi\/\" \/>\n<meta property=\"og:site_name\" content=\"&Ouml;zel Mustafa Kemal Di\u015f Klini\u011fi Ankara \u0130mplant ve Estetik\" \/>\n<meta property=\"article:publisher\" content=\"https:\/\/www.facebook.com\/mustafakemaldis\" \/>\n<meta property=\"article:modified_time\" content=\"2023-09-30T22:57:08+00:00\" \/>\n<meta property=\"og:image\" content=\"https:\/\/mustafakemaldis.com\/wp-content\/uploads\/2015\/07\/fft99_mf9409448.jpeg\" \/>\n\t<meta property=\"og:image:width\" content=\"640\" \/>\n\t<meta property=\"og:image:height\" content=\"440\" \/>\n\t<meta property=\"og:image:type\" content=\"image\/jpeg\" \/>\n<meta name=\"twitter:card\" content=\"summary_large_image\" \/>\n<meta name=\"twitter:site\" content=\"@implantzirkon\" \/>\n<meta name=\"twitter:label1\" content=\"Est. reading time\" \/>\n\t<meta name=\"twitter:data1\" content=\"4 minutes\" \/>\n<script type=\"application\/ld+json\" class=\"yoast-schema-graph\">{\"@context\":\"https:\/\/schema.org\",\"@graph\":[{\"@type\":\"WebPage\",\"@id\":\"https:\/\/mustafakemaldis.com\/dis-eti-tedavisi\/\",\"url\":\"https:\/\/mustafakemaldis.com\/dis-eti-tedavisi\/\",\"name\":\"Gum Treatment - &Ouml;zel Mustafa Kemal Di\u015f Klini\u011fi Ankara \u0130mplant ve Estetik\",\"isPartOf\":{\"@id\":\"https:\/\/mustafakemaldis.com\/#website\"},\"primaryImageOfPage\":{\"@id\":\"https:\/\/mustafakemaldis.com\/dis-eti-tedavisi\/#primaryimage\"},\"image\":{\"@id\":\"https:\/\/mustafakemaldis.com\/dis-eti-tedavisi\/#primaryimage\"},\"thumbnailUrl\":\"https:\/\/mustafakemaldis.com\/wp-content\/uploads\/2015\/07\/fft99_mf9409448.jpeg\",\"datePublished\":\"2019-07-14T13:06:08+00:00\",\"dateModified\":\"2023-09-30T22:57:08+00:00\",\"description\":\"Di\u015f eti kanamalar\u0131 ve di\u015f eti \u00e7ekilmeleri ilerde daha b\u00fcy\u00fck sorunlara sebebiyet vermeden uzman hekime dan\u0131\u015f\u0131lmas\u0131 gerekmektedir.\",\"breadcrumb\":{\"@id\":\"https:\/\/mustafakemaldis.com\/dis-eti-tedavisi\/#breadcrumb\"},\"inLanguage\":\"en-US\",\"potentialAction\":[{\"@type\":\"ReadAction\",\"target\":[\"https:\/\/mustafakemaldis.com\/dis-eti-tedavisi\/\"]}]},{\"@type\":\"ImageObject\",\"inLanguage\":\"en-US\",\"@id\":\"https:\/\/mustafakemaldis.com\/dis-eti-tedavisi\/#primaryimage\",\"url\":\"https:\/\/mustafakemaldis.com\/wp-content\/uploads\/2015\/07\/fft99_mf9409448.jpeg\",\"contentUrl\":\"https:\/\/mustafakemaldis.com\/wp-content\/uploads\/2015\/07\/fft99_mf9409448.jpeg\",\"width\":512,\"height\":352,\"caption\":\"Ankara Di\u015f eti Tedavisi \u00d6zel Mustafa Kemal A\u011f\u0131z ve Di\u015f Sa\u011fl\u0131\u011f\u0131 Poliklini\u011fi\"},{\"@type\":\"BreadcrumbList\",\"@id\":\"https:\/\/mustafakemaldis.com\/dis-eti-tedavisi\/#breadcrumb\",\"itemListElement\":[{\"@type\":\"ListItem\",\"position\":1,\"name\":\"Anasayfa\",\"item\":\"https:\/\/mustafakemaldis.com\/\"},{\"@type\":\"ListItem\",\"position\":2,\"name\":\"Di\u015f Eti Tedavisi\"}]},{\"@type\":\"WebSite\",\"@id\":\"https:\/\/mustafakemaldis.com\/#website\",\"url\":\"https:\/\/mustafakemaldis.com\/\",\"name\":\"&Ouml;zel Mustafa Kemal Di\u015f Klini\u011fi Ankara \u0130mplant ve Estetik\",\"description\":\"Implant Center Turkey, Dental Implant and Hollywood Smile\",\"publisher\":{\"@id\":\"https:\/\/mustafakemaldis.com\/#organization\"},\"potentialAction\":[{\"@type\":\"SearchAction\",\"target\":{\"@type\":\"EntryPoint\",\"urlTemplate\":\"https:\/\/mustafakemaldis.com\/?s={search_term_string}\"},\"query-input\":{\"@type\":\"PropertyValueSpecification\",\"valueRequired\":true,\"valueName\":\"search_term_string\"}}],\"inLanguage\":\"en-US\"},{\"@type\":\"Organization\",\"@id\":\"https:\/\/mustafakemaldis.com\/#organization\",\"name\":\"\u00d6zel Mustafa Kemal A\u011f\u0131z ve Di\u015f Sa\u011fl\u0131\u011f\u0131 Klini\u011fi\",\"url\":\"https:\/\/mustafakemaldis.com\/\",\"logo\":{\"@type\":\"ImageObject\",\"inLanguage\":\"en-US\",\"@id\":\"https:\/\/mustafakemaldis.com\/#\/schema\/logo\/image\/\",\"url\":\"https:\/\/i0.wp.com\/mustafakemaldis.com\/wp-content\/uploads\/2019\/02\/mustafakemallogo-e1549571882569.jpg?fit=425%2C126&ssl=1\",\"contentUrl\":\"https:\/\/i0.wp.com\/mustafakemaldis.com\/wp-content\/uploads\/2019\/02\/mustafakemallogo-e1549571882569.jpg?fit=425%2C126&ssl=1\",\"width\":425,\"height\":126,\"caption\":\"\u00d6zel Mustafa Kemal A\u011f\u0131z ve Di\u015f Sa\u011fl\u0131\u011f\u0131 Klini\u011fi\"},\"image\":{\"@id\":\"https:\/\/mustafakemaldis.com\/#\/schema\/logo\/image\/\"},\"sameAs\":[\"https:\/\/www.facebook.com\/mustafakemaldis\",\"https:\/\/x.com\/implantzirkon\",\"http:\/\/www.instagram.com\/mustafakemaldis\"]}]}<\/script>\n<!-- \/ Yoast SEO Premium plugin. -->","yoast_head_json":{"title":"Gum Treatment - &Ouml;zel Mustafa Kemal Di\u015f Klini\u011fi Ankara \u0130mplant ve Estetik","robots":{"index":"index","follow":"follow","max-snippet":"max-snippet:-1","max-image-preview":"max-image-preview:large","max-video-preview":"max-video-preview:-1"},"canonical":"https:\/\/mustafakemaldis.com\/dis-eti-tedavisi\/","og_locale":"en_US","og_type":"article","og_title":"Gum Treatment - &Ouml;zel Mustafa Kemal Di\u015f Klini\u011fi Ankara \u0130mplant ve Estetik","og_url":"https:\/\/mustafakemaldis.com\/dis-eti-tedavisi\/","og_site_name":"&Ouml;zel Mustafa Kemal Di\u015f Klini\u011fi Ankara \u0130mplant ve Estetik","article_publisher":"https:\/\/www.facebook.com\/mustafakemaldis","article_modified_time":"2023-09-30T22:57:08+00:00","og_image":[{"width":640,"height":440,"url":"https:\/\/mustafakemaldis.com\/wp-content\/uploads\/2015\/07\/fft99_mf9409448.jpeg","type":"image\/jpeg"}],"twitter_card":"summary_large_image","twitter_site":"@implantzirkon","twitter_misc":{"Est. reading time":"4 minutes"},"schema":{"@context":"https:\/\/schema.org","@graph":[{"@type":"WebPage","@id":"https:\/\/mustafakemaldis.com\/dis-eti-tedavisi\/","url":"https:\/\/mustafakemaldis.com\/dis-eti-tedavisi\/","name":"Gum Treatment - &Ouml;zel Mustafa Kemal Di\u015f Klini\u011fi Ankara \u0130mplant ve Estetik","isPartOf":{"@id":"https:\/\/mustafakemaldis.com\/#website"},"primaryImageOfPage":{"@id":"https:\/\/mustafakemaldis.com\/dis-eti-tedavisi\/#primaryimage"},"image":{"@id":"https:\/\/mustafakemaldis.com\/dis-eti-tedavisi\/#primaryimage"},"thumbnailUrl":"https:\/\/mustafakemaldis.com\/wp-content\/uploads\/2015\/07\/fft99_mf9409448.jpeg","datePublished":"2019-07-14T13:06:08+00:00","dateModified":"2023-09-30T22:57:08+00:00","description":"Di\u015f eti kanamalar\u0131 ve di\u015f eti \u00e7ekilmeleri ilerde daha b\u00fcy\u00fck sorunlara sebebiyet vermeden uzman hekime dan\u0131\u015f\u0131lmas\u0131 gerekmektedir.","breadcrumb":{"@id":"https:\/\/mustafakemaldis.com\/dis-eti-tedavisi\/#breadcrumb"},"inLanguage":"en-US","potentialAction":[{"@type":"ReadAction","target":["https:\/\/mustafakemaldis.com\/dis-eti-tedavisi\/"]}]},{"@type":"ImageObject","inLanguage":"en-US","@id":"https:\/\/mustafakemaldis.com\/dis-eti-tedavisi\/#primaryimage","url":"https:\/\/mustafakemaldis.com\/wp-content\/uploads\/2015\/07\/fft99_mf9409448.jpeg","contentUrl":"https:\/\/mustafakemaldis.com\/wp-content\/uploads\/2015\/07\/fft99_mf9409448.jpeg","width":512,"height":352,"caption":"Ankara Di\u015f eti Tedavisi \u00d6zel Mustafa Kemal A\u011f\u0131z ve Di\u015f Sa\u011fl\u0131\u011f\u0131 Poliklini\u011fi"},{"@type":"BreadcrumbList","@id":"https:\/\/mustafakemaldis.com\/dis-eti-tedavisi\/#breadcrumb","itemListElement":[{"@type":"ListItem","position":1,"name":"Anasayfa","item":"https:\/\/mustafakemaldis.com\/"},{"@type":"ListItem","position":2,"name":"Di\u015f Eti Tedavisi"}]},{"@type":"WebSite","@id":"https:\/\/mustafakemaldis.com\/#website","url":"https:\/\/mustafakemaldis.com\/","name":"&Ouml;zel Mustafa Kemal Di\u015f Klini\u011fi Ankara \u0130mplant ve Estetik","description":"Implant Center Turkey, Dental Implant and Hollywood Smile","publisher":{"@id":"https:\/\/mustafakemaldis.com\/#organization"},"potentialAction":[{"@type":"SearchAction","target":{"@type":"EntryPoint","urlTemplate":"https:\/\/mustafakemaldis.com\/?s={search_term_string}"},"query-input":{"@type":"PropertyValueSpecification","valueRequired":true,"valueName":"search_term_string"}}],"inLanguage":"en-US"},{"@type":"Organization","@id":"https:\/\/mustafakemaldis.com\/#organization","name":"\u00d6zel Mustafa Kemal A\u011f\u0131z ve Di\u015f Sa\u011fl\u0131\u011f\u0131 Klini\u011fi","url":"https:\/\/mustafakemaldis.com\/","logo":{"@type":"ImageObject","inLanguage":"en-US","@id":"https:\/\/mustafakemaldis.com\/#\/schema\/logo\/image\/","url":"https:\/\/i0.wp.com\/mustafakemaldis.com\/wp-content\/uploads\/2019\/02\/mustafakemallogo-e1549571882569.jpg?fit=425%2C126&ssl=1","contentUrl":"https:\/\/i0.wp.com\/mustafakemaldis.com\/wp-content\/uploads\/2019\/02\/mustafakemallogo-e1549571882569.jpg?fit=425%2C126&ssl=1","width":425,"height":126,"caption":"\u00d6zel Mustafa Kemal A\u011f\u0131z ve Di\u015f Sa\u011fl\u0131\u011f\u0131 Klini\u011fi"},"image":{"@id":"https:\/\/mustafakemaldis.com\/#\/schema\/logo\/image\/"},"sameAs":["https:\/\/www.facebook.com\/mustafakemaldis","https:\/\/x.com\/implantzirkon","http:\/\/www.instagram.com\/mustafakemaldis"]}]}},"jetpack_sharing_enabled":true,"_links":{"self":[{"href":"https:\/\/mustafakemaldis.com\/en\/wp-json\/wp\/v2\/pages\/5105","targetHints":{"allow":["GET"]}}],"collection":[{"href":"https:\/\/mustafakemaldis.com\/en\/wp-json\/wp\/v2\/pages"}],"about":[{"href":"https:\/\/mustafakemaldis.com\/en\/wp-json\/wp\/v2\/types\/page"}],"author":[{"embeddable":true,"href":"https:\/\/mustafakemaldis.com\/en\/wp-json\/wp\/v2\/users\/1"}],"replies":[{"embeddable":true,"href":"https:\/\/mustafakemaldis.com\/en\/wp-json\/wp\/v2\/comments?post=5105"}],"version-history":[{"count":0,"href":"https:\/\/mustafakemaldis.com\/en\/wp-json\/wp\/v2\/pages\/5105\/revisions"}],"wp:featuredmedia":[{"embeddable":true,"href":"https:\/\/mustafakemaldis.com\/en\/wp-json\/wp\/v2\/media\/4507"}],"wp:attachment":[{"href":"https:\/\/mustafakemaldis.com\/en\/wp-json\/wp\/v2\/media?parent=5105"}],"curies":[{"name":"wp","href":"https:\/\/api.w.org\/{rel}","templated":true}]}}