{"id":5109,"date":"2019-07-14T16:10:43","date_gmt":"2019-07-14T13:10:43","guid":{"rendered":"https:\/\/mustafakemaldis.com\/?page_id=5109"},"modified":"2022-04-08T18:13:26","modified_gmt":"2022-04-08T15:13:26","slug":"air-flow-temizleme","status":"publish","type":"page","link":"https:\/\/mustafakemaldis.com\/en\/air-flow-temizleme\/","title":{"rendered":"Air Flow Cleaning"},"content":{"rendered":"<style type=\"text\/css\"><\/style><p>Dental stones are formed in the teeth and gum neighborhoods as a result of precipitation of calcium in the saliva or as a result of incorrect, incomplete, irregular tooth brushing. The frequency of occurrence varies between 6 months and 2 years. Coffee, tea, cigarettes, etc. with toothstone. intense use of coloring substances during the day causes stains and discoloration of the teeth.<\/p>\n<p>Dental calculus and stains on the tooth increase the adhesion surface for bacteria. It is the main source of bad breath and tooth decay as it provides ease of attachment.<br \/>\nIn conventional tooth cleaning, there is no damage during cleaning with ultrasonic instruments, but the brushes and polish clays used during the subsequent polishing process cause permanent damage to the tooth surface. The clay used during the polishing process repeatedly rubs the tooth surface due to its large-grain and non-resorbable structure and scratches the enamel which is the outermost layer of the tooth. This damage caused by tooth enamel is permanent in the long term and causes our patient to experience sensitivity, aesthetics and functional problems.<br \/>\nIn the Peri Air flow \u00ae method, particles in a special solution (25 microns in size) are applied from a distance without touching the tooth surface. All colorations and dental stones are cleaned. In our opinion, the most important effect; it does not damage the tooth surface and also corrects the periodontal damages that occurred before. All points where the toothbrush and floss cannot penetrate are easily cleaned by means of the sprayed solution, resulting in a bright, polished surface.<\/p>\n<p>No pain and tenderness<br \/>\nMany patients have complained of tingling and pain during and after the application of ultrasonic devices to mechanical force. Perio Air flow \u00ae does not create such an effect, but thanks to its practical application and comfort, you can spend a much shorter time in the dentist&#8217;s chair.<br \/>\nIt is appropriate for the dentist to decide how often dental calculus should be cleaned regularly. During this process, the dental stones are first broken with ultrasonic tools or hand tools and then with the help of a special brush or the current flow airflow \u201dmethod, the discolorations are removed and the teeth are polished. Flow Airflow \u201dmethod is used especially for removing coloration that may arise from tea, coffee and cigarette consumption.<br \/>\nThanks to the washing effect of saliva, calculus formation is not seen much in these ages. Even if it is too early to clean the calculus, airflow polishing is suitable for all ages.<br \/>\nEspecially in small ages, small black dots in the mouth of bacteria in the mouth that can occur by sticking to the teeth are not cleaned by brushing, in this case by using the flow airflow kullan\u0131larak device can be used to clean and polish the process.<br \/>\nUltrasonic methods or hand tools used in stone crushing first do no harm during dental calculus cleaning. However, during the polishing process, the brushes and some cleaning materials used in the past caused the damage of one glass of acidic beverage each time. In flow Airflow \u201dmethod, the tooth is no longer touched. In the distance, all colorations are taken from a distance and air and a special medicine, especially in irregular tooth structures, every point where the brush cannot reach and water can be cleaned. Patients leave the clinic happier with better and painless cleaning<\/p>\n","protected":false},"excerpt":{"rendered":"<p>Dental stones are formed in the teeth and gum neighborhoods as a result of precipitation of calcium in the saliva or as a result of incorrect, incomplete, irregular tooth brushing. The frequency of occurrence varies between 6 months and 2 years. Coffee, tea, cigarettes, etc. with toothstone. intense use of coloring substances during the day&#8230;<\/p>\n","protected":false},"author":1,"featured_media":0,"parent":0,"menu_order":0,"comment_status":"closed","ping_status":"closed","template":"","meta":{"footnotes":""},"class_list":["post-5109","page","type-page","status-publish","hentry"],"translation":{"provider":"WPGlobus","version":"3.0.2","language":"en","enabled_languages":["tr","en"],"languages":{"tr":{"title":true,"content":true,"excerpt":false},"en":{"title":true,"content":true,"excerpt":false}}},"yoast_head":"<!-- This site is optimized with the Yoast SEO Premium plugin v21.6 (Yoast SEO v26.8) - https:\/\/yoast.com\/product\/yoast-seo-premium-wordpress\/ -->\n<title>Air Flow Cleaning Di\u015f ta\u015f\u0131 ve Di\u015f \u00fczerinde bulunan lekelere son<\/title>\n<meta name=\"robots\" content=\"index, follow, max-snippet:-1, max-image-preview:large, max-video-preview:-1\" \/>\n<link rel=\"canonical\" href=\"https:\/\/mustafakemaldis.com\/air-flow-temizleme\/\" \/>\n<meta property=\"og:locale\" content=\"en_US\" \/>\n<meta property=\"og:type\" content=\"article\" \/>\n<meta property=\"og:title\" content=\"Air Flow Cleaning - &Ouml;zel Mustafa Kemal Di\u015f Klini\u011fi Ankara \u0130mplant ve Estetik\" \/>\n<meta property=\"og:url\" content=\"https:\/\/mustafakemaldis.com\/air-flow-temizleme\/\" \/>\n<meta property=\"og:site_name\" content=\"&Ouml;zel Mustafa Kemal Di\u015f Klini\u011fi Ankara \u0130mplant ve Estetik\" \/>\n<meta property=\"article:publisher\" content=\"https:\/\/www.facebook.com\/mustafakemaldis\" \/>\n<meta property=\"article:modified_time\" content=\"2022-04-08T15:13:26+00:00\" \/>\n<meta property=\"og:image\" content=\"http:\/\/www.dtnurcansari.com\/wp-content\/uploads\/2017\/07\/indir-2.jpg\" \/>\n<meta name=\"twitter:card\" content=\"summary_large_image\" \/>\n<meta name=\"twitter:site\" content=\"@implantzirkon\" \/>\n<meta name=\"twitter:label1\" content=\"Est. reading time\" \/>\n\t<meta name=\"twitter:data1\" content=\"3 minutes\" \/>\n<script type=\"application\/ld+json\" class=\"yoast-schema-graph\">{\"@context\":\"https:\/\/schema.org\",\"@graph\":[{\"@type\":\"WebPage\",\"@id\":\"https:\/\/mustafakemaldis.com\/air-flow-temizleme\/\",\"url\":\"https:\/\/mustafakemaldis.com\/air-flow-temizleme\/\",\"name\":\"Air Flow Cleaning Di\u015f ta\u015f\u0131 ve Di\u015f \u00fczerinde bulunan lekelere son\",\"isPartOf\":{\"@id\":\"https:\/\/mustafakemaldis.com\/#website\"},\"primaryImageOfPage\":{\"@id\":\"https:\/\/mustafakemaldis.com\/air-flow-temizleme\/#primaryimage\"},\"image\":{\"@id\":\"https:\/\/mustafakemaldis.com\/air-flow-temizleme\/#primaryimage\"},\"thumbnailUrl\":\"http:\/\/www.dtnurcansari.com\/wp-content\/uploads\/2017\/07\/indir-2.jpg\",\"datePublished\":\"2019-07-14T13:10:43+00:00\",\"dateModified\":\"2022-04-08T15:13:26+00:00\",\"description\":\"Air Flow Di\u015f Temizleme\/ Di\u015f ta\u015f\u0131 ve di\u015f \u00fczerinde bulunan lekeler, bakteriler i\u00e7in tutunma y\u00fczeyini artt\u0131r\u0131r ve di\u015f \u00e7\u00fcr\u00fcklerini artt\u0131r\u0131r.\",\"breadcrumb\":{\"@id\":\"https:\/\/mustafakemaldis.com\/air-flow-temizleme\/#breadcrumb\"},\"inLanguage\":\"en-US\",\"potentialAction\":[{\"@type\":\"ReadAction\",\"target\":[\"https:\/\/mustafakemaldis.com\/air-flow-temizleme\/\"]}]},{\"@type\":\"ImageObject\",\"inLanguage\":\"en-US\",\"@id\":\"https:\/\/mustafakemaldis.com\/air-flow-temizleme\/#primaryimage\",\"url\":\"http:\/\/www.dtnurcansari.com\/wp-content\/uploads\/2017\/07\/indir-2.jpg\",\"contentUrl\":\"http:\/\/www.dtnurcansari.com\/wp-content\/uploads\/2017\/07\/indir-2.jpg\"},{\"@type\":\"BreadcrumbList\",\"@id\":\"https:\/\/mustafakemaldis.com\/air-flow-temizleme\/#breadcrumb\",\"itemListElement\":[{\"@type\":\"ListItem\",\"position\":1,\"name\":\"Anasayfa\",\"item\":\"https:\/\/mustafakemaldis.com\/\"},{\"@type\":\"ListItem\",\"position\":2,\"name\":\"Ankara Air Flow Temizleme\"}]},{\"@type\":\"WebSite\",\"@id\":\"https:\/\/mustafakemaldis.com\/#website\",\"url\":\"https:\/\/mustafakemaldis.com\/\",\"name\":\"&Ouml;zel Mustafa Kemal Di\u015f Klini\u011fi Ankara \u0130mplant ve Estetik\",\"description\":\"Implant Center Turkey, Dental Implant and Hollywood Smile\",\"publisher\":{\"@id\":\"https:\/\/mustafakemaldis.com\/#organization\"},\"potentialAction\":[{\"@type\":\"SearchAction\",\"target\":{\"@type\":\"EntryPoint\",\"urlTemplate\":\"https:\/\/mustafakemaldis.com\/?s={search_term_string}\"},\"query-input\":{\"@type\":\"PropertyValueSpecification\",\"valueRequired\":true,\"valueName\":\"search_term_string\"}}],\"inLanguage\":\"en-US\"},{\"@type\":\"Organization\",\"@id\":\"https:\/\/mustafakemaldis.com\/#organization\",\"name\":\"\u00d6zel Mustafa Kemal A\u011f\u0131z ve Di\u015f Sa\u011fl\u0131\u011f\u0131 Klini\u011fi\",\"url\":\"https:\/\/mustafakemaldis.com\/\",\"logo\":{\"@type\":\"ImageObject\",\"inLanguage\":\"en-US\",\"@id\":\"https:\/\/mustafakemaldis.com\/#\/schema\/logo\/image\/\",\"url\":\"https:\/\/i0.wp.com\/mustafakemaldis.com\/wp-content\/uploads\/2019\/02\/mustafakemallogo-e1549571882569.jpg?fit=425%2C126&ssl=1\",\"contentUrl\":\"https:\/\/i0.wp.com\/mustafakemaldis.com\/wp-content\/uploads\/2019\/02\/mustafakemallogo-e1549571882569.jpg?fit=425%2C126&ssl=1\",\"width\":425,\"height\":126,\"caption\":\"\u00d6zel Mustafa Kemal A\u011f\u0131z ve Di\u015f Sa\u011fl\u0131\u011f\u0131 Klini\u011fi\"},\"image\":{\"@id\":\"https:\/\/mustafakemaldis.com\/#\/schema\/logo\/image\/\"},\"sameAs\":[\"https:\/\/www.facebook.com\/mustafakemaldis\",\"https:\/\/x.com\/implantzirkon\",\"http:\/\/www.instagram.com\/mustafakemaldis\"]}]}<\/script>\n<!-- \/ Yoast SEO Premium plugin. -->","yoast_head_json":{"title":"Air Flow Cleaning Di\u015f ta\u015f\u0131 ve Di\u015f \u00fczerinde bulunan lekelere son","robots":{"index":"index","follow":"follow","max-snippet":"max-snippet:-1","max-image-preview":"max-image-preview:large","max-video-preview":"max-video-preview:-1"},"canonical":"https:\/\/mustafakemaldis.com\/air-flow-temizleme\/","og_locale":"en_US","og_type":"article","og_title":"Air Flow Cleaning - &Ouml;zel Mustafa Kemal Di\u015f Klini\u011fi Ankara \u0130mplant ve Estetik","og_url":"https:\/\/mustafakemaldis.com\/air-flow-temizleme\/","og_site_name":"&Ouml;zel Mustafa Kemal Di\u015f Klini\u011fi Ankara \u0130mplant ve Estetik","article_publisher":"https:\/\/www.facebook.com\/mustafakemaldis","article_modified_time":"2022-04-08T15:13:26+00:00","og_image":[{"url":"http:\/\/www.dtnurcansari.com\/wp-content\/uploads\/2017\/07\/indir-2.jpg","type":"","width":"","height":""}],"twitter_card":"summary_large_image","twitter_site":"@implantzirkon","twitter_misc":{"Est. reading time":"3 minutes"},"schema":{"@context":"https:\/\/schema.org","@graph":[{"@type":"WebPage","@id":"https:\/\/mustafakemaldis.com\/air-flow-temizleme\/","url":"https:\/\/mustafakemaldis.com\/air-flow-temizleme\/","name":"Air Flow Cleaning Di\u015f ta\u015f\u0131 ve Di\u015f \u00fczerinde bulunan lekelere son","isPartOf":{"@id":"https:\/\/mustafakemaldis.com\/#website"},"primaryImageOfPage":{"@id":"https:\/\/mustafakemaldis.com\/air-flow-temizleme\/#primaryimage"},"image":{"@id":"https:\/\/mustafakemaldis.com\/air-flow-temizleme\/#primaryimage"},"thumbnailUrl":"http:\/\/www.dtnurcansari.com\/wp-content\/uploads\/2017\/07\/indir-2.jpg","datePublished":"2019-07-14T13:10:43+00:00","dateModified":"2022-04-08T15:13:26+00:00","description":"Air Flow Di\u015f Temizleme\/ Di\u015f ta\u015f\u0131 ve di\u015f \u00fczerinde bulunan lekeler, bakteriler i\u00e7in tutunma y\u00fczeyini artt\u0131r\u0131r ve di\u015f \u00e7\u00fcr\u00fcklerini artt\u0131r\u0131r.","breadcrumb":{"@id":"https:\/\/mustafakemaldis.com\/air-flow-temizleme\/#breadcrumb"},"inLanguage":"en-US","potentialAction":[{"@type":"ReadAction","target":["https:\/\/mustafakemaldis.com\/air-flow-temizleme\/"]}]},{"@type":"ImageObject","inLanguage":"en-US","@id":"https:\/\/mustafakemaldis.com\/air-flow-temizleme\/#primaryimage","url":"http:\/\/www.dtnurcansari.com\/wp-content\/uploads\/2017\/07\/indir-2.jpg","contentUrl":"http:\/\/www.dtnurcansari.com\/wp-content\/uploads\/2017\/07\/indir-2.jpg"},{"@type":"BreadcrumbList","@id":"https:\/\/mustafakemaldis.com\/air-flow-temizleme\/#breadcrumb","itemListElement":[{"@type":"ListItem","position":1,"name":"Anasayfa","item":"https:\/\/mustafakemaldis.com\/"},{"@type":"ListItem","position":2,"name":"Ankara Air Flow Temizleme"}]},{"@type":"WebSite","@id":"https:\/\/mustafakemaldis.com\/#website","url":"https:\/\/mustafakemaldis.com\/","name":"&Ouml;zel Mustafa Kemal Di\u015f Klini\u011fi Ankara \u0130mplant ve Estetik","description":"Implant Center Turkey, Dental Implant and Hollywood Smile","publisher":{"@id":"https:\/\/mustafakemaldis.com\/#organization"},"potentialAction":[{"@type":"SearchAction","target":{"@type":"EntryPoint","urlTemplate":"https:\/\/mustafakemaldis.com\/?s={search_term_string}"},"query-input":{"@type":"PropertyValueSpecification","valueRequired":true,"valueName":"search_term_string"}}],"inLanguage":"en-US"},{"@type":"Organization","@id":"https:\/\/mustafakemaldis.com\/#organization","name":"\u00d6zel Mustafa Kemal A\u011f\u0131z ve Di\u015f Sa\u011fl\u0131\u011f\u0131 Klini\u011fi","url":"https:\/\/mustafakemaldis.com\/","logo":{"@type":"ImageObject","inLanguage":"en-US","@id":"https:\/\/mustafakemaldis.com\/#\/schema\/logo\/image\/","url":"https:\/\/i0.wp.com\/mustafakemaldis.com\/wp-content\/uploads\/2019\/02\/mustafakemallogo-e1549571882569.jpg?fit=425%2C126&ssl=1","contentUrl":"https:\/\/i0.wp.com\/mustafakemaldis.com\/wp-content\/uploads\/2019\/02\/mustafakemallogo-e1549571882569.jpg?fit=425%2C126&ssl=1","width":425,"height":126,"caption":"\u00d6zel Mustafa Kemal A\u011f\u0131z ve Di\u015f Sa\u011fl\u0131\u011f\u0131 Klini\u011fi"},"image":{"@id":"https:\/\/mustafakemaldis.com\/#\/schema\/logo\/image\/"},"sameAs":["https:\/\/www.facebook.com\/mustafakemaldis","https:\/\/x.com\/implantzirkon","http:\/\/www.instagram.com\/mustafakemaldis"]}]}},"jetpack_sharing_enabled":true,"_links":{"self":[{"href":"https:\/\/mustafakemaldis.com\/en\/wp-json\/wp\/v2\/pages\/5109","targetHints":{"allow":["GET"]}}],"collection":[{"href":"https:\/\/mustafakemaldis.com\/en\/wp-json\/wp\/v2\/pages"}],"about":[{"href":"https:\/\/mustafakemaldis.com\/en\/wp-json\/wp\/v2\/types\/page"}],"author":[{"embeddable":true,"href":"https:\/\/mustafakemaldis.com\/en\/wp-json\/wp\/v2\/users\/1"}],"replies":[{"embeddable":true,"href":"https:\/\/mustafakemaldis.com\/en\/wp-json\/wp\/v2\/comments?post=5109"}],"version-history":[{"count":0,"href":"https:\/\/mustafakemaldis.com\/en\/wp-json\/wp\/v2\/pages\/5109\/revisions"}],"wp:attachment":[{"href":"https:\/\/mustafakemaldis.com\/en\/wp-json\/wp\/v2\/media?parent=5109"}],"curies":[{"name":"wp","href":"https:\/\/api.w.org\/{rel}","templated":true}]}}