{"id":5111,"date":"2019-07-14T16:11:03","date_gmt":"2019-07-14T13:11:03","guid":{"rendered":"https:\/\/mustafakemaldis.com\/?page_id=5111"},"modified":"2022-04-08T19:06:17","modified_gmt":"2022-04-08T16:06:17","slug":"dis-protezleri","status":"publish","type":"page","link":"https:\/\/mustafakemaldis.com\/en\/dis-protezleri\/","title":{"rendered":"Dental Prosthesis"},"content":{"rendered":"<style type=\"text\/css\"><\/style><h2>WHAT ARE THE TYPES OF PROSTHESIS?<\/h2>\n<h2>Fixed Dentures<\/h2>\n<p>Fixed prosthesis is the most common type of prosthesis used today. These prostheses are one of the restoration types for missing tooth slots in the mouth, benefiting from other teeth or implants. In short, the patient, the lack of teeth, speech and aesthetic aspects of the image that leads to defect of the teeth that complement the dentures.Ankara dental prosthesis The main purpose of this type of prosthesis, the patient&#8217;s resistance to remove the chewing force and aesthetically, is intended to be in the same state with other dental structures.<\/p>\n<p>&nbsp;<\/p>\n<h2>Removable Dentures<\/h2>\n<p>Mobile prosthesis treatment is the type of treatment preferred by the physician where fixed prosthesis cannot be performed in the missing places, although the number of missing teeth in the mouth is high. It is divided into two as full dentures and half dentures. Mobile prosthesis treatment is different from other prostheses. More frequent doctor visits may be required to complete the treatment. The patient may need to adapt to the prosthesis and consult with the physician to make improvements to the prosthesis. The removable prosthesis depends on the number of teeth, not age. There has been a false perception among the public, as if the removable prosthesis can be used after a certain age. Ankara dental prosthesis This perception occurs because the tooth loss occurs as the age progresses.<\/p>\n<p>&nbsp;<\/p>\n<h2>Total Prosthesis<\/h2>\n<p>Complete dentures are a type of prosthesis that is applied when the patient&#8217;s entire teeth are lost and their toothless mouths are applied. Because the missing teeth are missing, the cheeks are collapsed and the jaw is approaching each other. In short, in this case, it looks like a hundred years old. The patient without teeth can not eat healthy food and may experience disruptions in social life. With this treatment, the prostheses are made of acrylic and pink resins that are closest to the gums.<\/p>\n<p>&nbsp;<\/p>\n<h2>Partial (partial or modern) Prostheses<\/h2>\n<p>It can be removed and attached by the patient. Partial (partial or modern) prostheses support the teeth in the jawbone, teeth cavity, provide speech, chewing functions and meet the needs with aesthetic appearance. Although these prostheses are described as mobile prostheses, well-constructed prostheses do not cause chewing or speech. On the contrary, the patient can use it easily. The main structure of the prosthesis is metal and it is thin. This ensures ease of use in the patient and maximizes compliance. In addition, all the allergic complications of metal can be eliminated with this system called deflex in order to avoid problems in adapting to the body.<\/p>\n<p>&nbsp;<\/p>\n<h2>Precision Retainers<\/h2>\n<p>It is also called as prosthetic prosthesis among the people. In this prosthesis, the process is made with retainers and crowns made on the support teeth, not the clutches on the teeth. The most important advantage is that they are both aesthetic and conservative.<\/p>\n<p>Implant Prostheses<\/p>\n<p>&nbsp;<\/p>\n<p>In terms of usage, in today&#8217;s technology, implant supported fixed prostheses are used instead of removable prostheses. It removes all the disadvantages of removable prosthesis and provides great comfort and comfort to the patient. With the use of implants made of titanium in the treatment of prosthesis, it has eliminated many chronic problems in dentistry.<\/p>\n","protected":false},"excerpt":{"rendered":"<p>WHAT ARE THE TYPES OF PROSTHESIS? Fixed Dentures Fixed prosthesis is the most common type of prosthesis used today. These prostheses are one of the restoration types for missing tooth slots in the mouth, benefiting from other teeth or implants. In short, the patient, the lack of teeth, speech and aesthetic aspects of the image&#8230;<\/p>\n","protected":false},"author":1,"featured_media":0,"parent":0,"menu_order":0,"comment_status":"open","ping_status":"closed","template":"","meta":{"footnotes":""},"class_list":["post-5111","page","type-page","status-publish","hentry"],"translation":{"provider":"WPGlobus","version":"3.0.2","language":"en","enabled_languages":["tr","en"],"languages":{"tr":{"title":true,"content":true,"excerpt":false},"en":{"title":true,"content":true,"excerpt":false}}},"yoast_head":"<!-- This site is optimized with the Yoast SEO Premium plugin v21.6 (Yoast SEO v26.8) - https:\/\/yoast.com\/product\/yoast-seo-premium-wordpress\/ -->\n<title>Dental Prosthesis - &Ouml;zel Mustafa Kemal Di\u015f Klini\u011fi Ankara \u0130mplant ve Estetik<\/title>\n<meta name=\"robots\" content=\"index, follow, max-snippet:-1, max-image-preview:large, max-video-preview:-1\" \/>\n<link rel=\"canonical\" href=\"https:\/\/mustafakemaldis.com\/dis-protezleri\/\" \/>\n<meta property=\"og:locale\" content=\"en_US\" \/>\n<meta property=\"og:type\" content=\"article\" \/>\n<meta property=\"og:title\" content=\"Dental Prosthesis - &Ouml;zel Mustafa Kemal Di\u015f Klini\u011fi Ankara \u0130mplant ve Estetik\" \/>\n<meta property=\"og:url\" content=\"https:\/\/mustafakemaldis.com\/dis-protezleri\/\" \/>\n<meta property=\"og:site_name\" content=\"&Ouml;zel Mustafa Kemal Di\u015f Klini\u011fi Ankara \u0130mplant ve Estetik\" \/>\n<meta property=\"article:publisher\" content=\"https:\/\/www.facebook.com\/mustafakemaldis\" \/>\n<meta property=\"article:modified_time\" content=\"2022-04-08T16:06:17+00:00\" \/>\n<meta property=\"og:image\" content=\"http:\/\/www.dtnurcansari.com\/wp-content\/uploads\/2015\/07\/dis-protez-300x135.jpg\" \/>\n<meta name=\"twitter:card\" content=\"summary_large_image\" \/>\n<meta name=\"twitter:site\" content=\"@implantzirkon\" \/>\n<meta name=\"twitter:label1\" content=\"Est. reading time\" \/>\n\t<meta name=\"twitter:data1\" content=\"6 minutes\" \/>\n<script type=\"application\/ld+json\" class=\"yoast-schema-graph\">{\"@context\":\"https:\/\/schema.org\",\"@graph\":[{\"@type\":\"WebPage\",\"@id\":\"https:\/\/mustafakemaldis.com\/dis-protezleri\/\",\"url\":\"https:\/\/mustafakemaldis.com\/dis-protezleri\/\",\"name\":\"Dental Prosthesis - &Ouml;zel Mustafa Kemal Di\u015f Klini\u011fi Ankara \u0130mplant ve Estetik\",\"isPartOf\":{\"@id\":\"https:\/\/mustafakemaldis.com\/#website\"},\"primaryImageOfPage\":{\"@id\":\"https:\/\/mustafakemaldis.com\/dis-protezleri\/#primaryimage\"},\"image\":{\"@id\":\"https:\/\/mustafakemaldis.com\/dis-protezleri\/#primaryimage\"},\"thumbnailUrl\":\"http:\/\/www.dtnurcansari.com\/wp-content\/uploads\/2015\/07\/dis-protez-300x135.jpg\",\"datePublished\":\"2019-07-14T13:11:03+00:00\",\"dateModified\":\"2022-04-08T16:06:17+00:00\",\"description\":\"Sabit, hareketli , total (tam) , parsiyel (modern) , hassas tutuculu, implant \u00fcst\u00fc protez \u00e7e\u015fitleri ile eski yeni t\u00fcm protez se\u00e7enekleriyle.\",\"breadcrumb\":{\"@id\":\"https:\/\/mustafakemaldis.com\/dis-protezleri\/#breadcrumb\"},\"inLanguage\":\"en-US\",\"potentialAction\":[{\"@type\":\"ReadAction\",\"target\":[\"https:\/\/mustafakemaldis.com\/dis-protezleri\/\"]}]},{\"@type\":\"ImageObject\",\"inLanguage\":\"en-US\",\"@id\":\"https:\/\/mustafakemaldis.com\/dis-protezleri\/#primaryimage\",\"url\":\"http:\/\/www.dtnurcansari.com\/wp-content\/uploads\/2015\/07\/dis-protez-300x135.jpg\",\"contentUrl\":\"http:\/\/www.dtnurcansari.com\/wp-content\/uploads\/2015\/07\/dis-protez-300x135.jpg\"},{\"@type\":\"BreadcrumbList\",\"@id\":\"https:\/\/mustafakemaldis.com\/dis-protezleri\/#breadcrumb\",\"itemListElement\":[{\"@type\":\"ListItem\",\"position\":1,\"name\":\"Anasayfa\",\"item\":\"https:\/\/mustafakemaldis.com\/\"},{\"@type\":\"ListItem\",\"position\":2,\"name\":\"Di\u015f Protezleri\"}]},{\"@type\":\"WebSite\",\"@id\":\"https:\/\/mustafakemaldis.com\/#website\",\"url\":\"https:\/\/mustafakemaldis.com\/\",\"name\":\"&Ouml;zel Mustafa Kemal Di\u015f Klini\u011fi Ankara \u0130mplant ve Estetik\",\"description\":\"Implant Center Turkey, Dental Implant and Hollywood Smile\",\"publisher\":{\"@id\":\"https:\/\/mustafakemaldis.com\/#organization\"},\"potentialAction\":[{\"@type\":\"SearchAction\",\"target\":{\"@type\":\"EntryPoint\",\"urlTemplate\":\"https:\/\/mustafakemaldis.com\/?s={search_term_string}\"},\"query-input\":{\"@type\":\"PropertyValueSpecification\",\"valueRequired\":true,\"valueName\":\"search_term_string\"}}],\"inLanguage\":\"en-US\"},{\"@type\":\"Organization\",\"@id\":\"https:\/\/mustafakemaldis.com\/#organization\",\"name\":\"\u00d6zel Mustafa Kemal A\u011f\u0131z ve Di\u015f Sa\u011fl\u0131\u011f\u0131 Klini\u011fi\",\"url\":\"https:\/\/mustafakemaldis.com\/\",\"logo\":{\"@type\":\"ImageObject\",\"inLanguage\":\"en-US\",\"@id\":\"https:\/\/mustafakemaldis.com\/#\/schema\/logo\/image\/\",\"url\":\"https:\/\/i0.wp.com\/mustafakemaldis.com\/wp-content\/uploads\/2019\/02\/mustafakemallogo-e1549571882569.jpg?fit=425%2C126&ssl=1\",\"contentUrl\":\"https:\/\/i0.wp.com\/mustafakemaldis.com\/wp-content\/uploads\/2019\/02\/mustafakemallogo-e1549571882569.jpg?fit=425%2C126&ssl=1\",\"width\":425,\"height\":126,\"caption\":\"\u00d6zel Mustafa Kemal A\u011f\u0131z ve Di\u015f Sa\u011fl\u0131\u011f\u0131 Klini\u011fi\"},\"image\":{\"@id\":\"https:\/\/mustafakemaldis.com\/#\/schema\/logo\/image\/\"},\"sameAs\":[\"https:\/\/www.facebook.com\/mustafakemaldis\",\"https:\/\/x.com\/implantzirkon\",\"http:\/\/www.instagram.com\/mustafakemaldis\"]}]}<\/script>\n<!-- \/ Yoast SEO Premium plugin. -->","yoast_head_json":{"title":"Dental Prosthesis - &Ouml;zel Mustafa Kemal Di\u015f Klini\u011fi Ankara \u0130mplant ve Estetik","robots":{"index":"index","follow":"follow","max-snippet":"max-snippet:-1","max-image-preview":"max-image-preview:large","max-video-preview":"max-video-preview:-1"},"canonical":"https:\/\/mustafakemaldis.com\/dis-protezleri\/","og_locale":"en_US","og_type":"article","og_title":"Dental Prosthesis - &Ouml;zel Mustafa Kemal Di\u015f Klini\u011fi Ankara \u0130mplant ve Estetik","og_url":"https:\/\/mustafakemaldis.com\/dis-protezleri\/","og_site_name":"&Ouml;zel Mustafa Kemal Di\u015f Klini\u011fi Ankara \u0130mplant ve Estetik","article_publisher":"https:\/\/www.facebook.com\/mustafakemaldis","article_modified_time":"2022-04-08T16:06:17+00:00","og_image":[{"url":"http:\/\/www.dtnurcansari.com\/wp-content\/uploads\/2015\/07\/dis-protez-300x135.jpg","type":"","width":"","height":""}],"twitter_card":"summary_large_image","twitter_site":"@implantzirkon","twitter_misc":{"Est. reading time":"6 minutes"},"schema":{"@context":"https:\/\/schema.org","@graph":[{"@type":"WebPage","@id":"https:\/\/mustafakemaldis.com\/dis-protezleri\/","url":"https:\/\/mustafakemaldis.com\/dis-protezleri\/","name":"Dental Prosthesis - &Ouml;zel Mustafa Kemal Di\u015f Klini\u011fi Ankara \u0130mplant ve Estetik","isPartOf":{"@id":"https:\/\/mustafakemaldis.com\/#website"},"primaryImageOfPage":{"@id":"https:\/\/mustafakemaldis.com\/dis-protezleri\/#primaryimage"},"image":{"@id":"https:\/\/mustafakemaldis.com\/dis-protezleri\/#primaryimage"},"thumbnailUrl":"http:\/\/www.dtnurcansari.com\/wp-content\/uploads\/2015\/07\/dis-protez-300x135.jpg","datePublished":"2019-07-14T13:11:03+00:00","dateModified":"2022-04-08T16:06:17+00:00","description":"Sabit, hareketli , total (tam) , parsiyel (modern) , hassas tutuculu, implant \u00fcst\u00fc protez \u00e7e\u015fitleri ile eski yeni t\u00fcm protez se\u00e7enekleriyle.","breadcrumb":{"@id":"https:\/\/mustafakemaldis.com\/dis-protezleri\/#breadcrumb"},"inLanguage":"en-US","potentialAction":[{"@type":"ReadAction","target":["https:\/\/mustafakemaldis.com\/dis-protezleri\/"]}]},{"@type":"ImageObject","inLanguage":"en-US","@id":"https:\/\/mustafakemaldis.com\/dis-protezleri\/#primaryimage","url":"http:\/\/www.dtnurcansari.com\/wp-content\/uploads\/2015\/07\/dis-protez-300x135.jpg","contentUrl":"http:\/\/www.dtnurcansari.com\/wp-content\/uploads\/2015\/07\/dis-protez-300x135.jpg"},{"@type":"BreadcrumbList","@id":"https:\/\/mustafakemaldis.com\/dis-protezleri\/#breadcrumb","itemListElement":[{"@type":"ListItem","position":1,"name":"Anasayfa","item":"https:\/\/mustafakemaldis.com\/"},{"@type":"ListItem","position":2,"name":"Di\u015f Protezleri"}]},{"@type":"WebSite","@id":"https:\/\/mustafakemaldis.com\/#website","url":"https:\/\/mustafakemaldis.com\/","name":"&Ouml;zel Mustafa Kemal Di\u015f Klini\u011fi Ankara \u0130mplant ve Estetik","description":"Implant Center Turkey, Dental Implant and Hollywood Smile","publisher":{"@id":"https:\/\/mustafakemaldis.com\/#organization"},"potentialAction":[{"@type":"SearchAction","target":{"@type":"EntryPoint","urlTemplate":"https:\/\/mustafakemaldis.com\/?s={search_term_string}"},"query-input":{"@type":"PropertyValueSpecification","valueRequired":true,"valueName":"search_term_string"}}],"inLanguage":"en-US"},{"@type":"Organization","@id":"https:\/\/mustafakemaldis.com\/#organization","name":"\u00d6zel Mustafa Kemal A\u011f\u0131z ve Di\u015f Sa\u011fl\u0131\u011f\u0131 Klini\u011fi","url":"https:\/\/mustafakemaldis.com\/","logo":{"@type":"ImageObject","inLanguage":"en-US","@id":"https:\/\/mustafakemaldis.com\/#\/schema\/logo\/image\/","url":"https:\/\/i0.wp.com\/mustafakemaldis.com\/wp-content\/uploads\/2019\/02\/mustafakemallogo-e1549571882569.jpg?fit=425%2C126&ssl=1","contentUrl":"https:\/\/i0.wp.com\/mustafakemaldis.com\/wp-content\/uploads\/2019\/02\/mustafakemallogo-e1549571882569.jpg?fit=425%2C126&ssl=1","width":425,"height":126,"caption":"\u00d6zel Mustafa Kemal A\u011f\u0131z ve Di\u015f Sa\u011fl\u0131\u011f\u0131 Klini\u011fi"},"image":{"@id":"https:\/\/mustafakemaldis.com\/#\/schema\/logo\/image\/"},"sameAs":["https:\/\/www.facebook.com\/mustafakemaldis","https:\/\/x.com\/implantzirkon","http:\/\/www.instagram.com\/mustafakemaldis"]}]}},"jetpack_sharing_enabled":true,"_links":{"self":[{"href":"https:\/\/mustafakemaldis.com\/en\/wp-json\/wp\/v2\/pages\/5111","targetHints":{"allow":["GET"]}}],"collection":[{"href":"https:\/\/mustafakemaldis.com\/en\/wp-json\/wp\/v2\/pages"}],"about":[{"href":"https:\/\/mustafakemaldis.com\/en\/wp-json\/wp\/v2\/types\/page"}],"author":[{"embeddable":true,"href":"https:\/\/mustafakemaldis.com\/en\/wp-json\/wp\/v2\/users\/1"}],"replies":[{"embeddable":true,"href":"https:\/\/mustafakemaldis.com\/en\/wp-json\/wp\/v2\/comments?post=5111"}],"version-history":[{"count":0,"href":"https:\/\/mustafakemaldis.com\/en\/wp-json\/wp\/v2\/pages\/5111\/revisions"}],"wp:attachment":[{"href":"https:\/\/mustafakemaldis.com\/en\/wp-json\/wp\/v2\/media?parent=5111"}],"curies":[{"name":"wp","href":"https:\/\/api.w.org\/{rel}","templated":true}]}}