{"id":5120,"date":"2019-07-14T16:13:36","date_gmt":"2019-07-14T13:13:36","guid":{"rendered":"https:\/\/mustafakemaldis.com\/?page_id=5120"},"modified":"2022-04-08T17:50:41","modified_gmt":"2022-04-08T14:50:41","slug":"dermapen-tedavisi","status":"publish","type":"page","link":"https:\/\/mustafakemaldis.com\/en\/dermapen-tedavisi\/","title":{"rendered":"Dermapen"},"content":{"rendered":"<style type=\"text\/css\"><\/style><h2>What is Dermapen?<\/h2>\n<p>Dermapen treatment is used in acne scars, pores, skin renewal, sun spots, skin tightening, removal of fine lines and crack treatments which are the most important skin problems of today. Dermapen treatment is used for the restructuring of the skin by increasing the collagen tissue in the face, hair, hand and neck area and in the areas where there is tissue loss in the body.<br \/>\nWith the application of dermapen, damaged tissues are reactivated and repaired rapidly. Make-up residues on the skin should be thoroughly cleaned and disinfected before the procedure. Then pure hyaluronic acid is applied to the area to be treated. In this treatment, more than one micro channel is opened to the skin. Automatic and vibrating needling technique reduces pain sensation, accelerates the absorption of products and improves the effectiveness of treatment. All this application is completed in about 1 hour. Tissue loss is repaired in the applied area and new tissue formation is achieved and skin problems disappear in a short time. Recovery is completed in a very short time. Thanks to collagen production, damaged tissues are restructured and tightened. Dermapen treatment, which is usually non-bleeding, is performed between 2-6 sessions depending on the skin structure and problems. These sessions, which are repeated every 6 months, can provide more permanent results in wrinkle treatment.<br \/>\nThe advantages of rejuvenation without surgery:<br \/>\n\u2022 Reduction of fine lines<br \/>\n\u2022 Pinching and stretching of the skin<br \/>\n\u2022 Reduction and even disappearance of acne and other spots<br \/>\n\u2022 Removing cracks and skin loosening<br \/>\n\u2022 Very fast healing process<br \/>\n\u2022 Reliability of laser peeled skin<br \/>\n\u2022 Can be applied in all skin types and in all regions<br \/>\n\u2022 Collagen improves tissue.<\/p>\n<p><strong>Where is Dermapen applied?<\/strong><br \/>\n\u2022 Face<br \/>\n\u2022 Hand<br \/>\n\u2022 Neck<br \/>\n\u2022 Hair<br \/>\n\u2022 Acne, blemish, crack, cellulite and tissue loss areas in the body<\/p>\n<p><strong>What is the Dermapen Difference?<\/strong><br \/>\nPerforms the most important role in the repair mechanisms of the organism. When tissue damage occurs, when Dermapen is applied, the tissue is activated and many tissue enhancing factors provide the environment. Its main effect is to repair tissues quickly.<\/p>\n<p><strong>How is Dermapen Application?<\/strong><br \/>\nDermapen is applied to scalp, face, neck, hands, acne and acne and tissue loss and problem areas. All operations are completed in approximately 1 hour. Tissue development begins at the application site, tissue loss is repaired and they begin to produce new tissue. The result is very pleasing for both men and women.<br \/>\nWhat are the advantages of Dermapen?<br \/>\nThe healing process is very short due to its content. Repairs and regenerates tissues. New collagen production, new vascular development is provided. Growth factors and restructuring of the intercellular environment eliminate tissue damage and produce fresh tissues. Easy to apply and comfortable. It is very easy to provide the necessary material.<\/p>\n","protected":false},"excerpt":{"rendered":"<p>What is Dermapen? Dermapen treatment is used in acne scars, pores, skin renewal, sun spots, skin tightening, removal of fine lines and crack treatments which are the most important skin problems of today. Dermapen treatment is used for the restructuring of the skin by increasing the collagen tissue in the face, hair, hand and neck&#8230;<\/p>\n","protected":false},"author":1,"featured_media":0,"parent":0,"menu_order":0,"comment_status":"open","ping_status":"closed","template":"","meta":{"footnotes":""},"class_list":["post-5120","page","type-page","status-publish","hentry"],"translation":{"provider":"WPGlobus","version":"3.0.2","language":"en","enabled_languages":["tr","en"],"languages":{"tr":{"title":true,"content":true,"excerpt":false},"en":{"title":true,"content":true,"excerpt":false}}},"yoast_head":"<!-- This site is optimized with the Yoast SEO Premium plugin v21.6 (Yoast SEO v26.8) - https:\/\/yoast.com\/product\/yoast-seo-premium-wordpress\/ -->\n<title>Dermapenile doku kayb\u0131 olan cildinizi kolayca yeniden canland\u0131r\u0131n.<\/title>\n<meta name=\"robots\" content=\"index, follow, max-snippet:-1, max-image-preview:large, max-video-preview:-1\" \/>\n<link rel=\"canonical\" href=\"https:\/\/mustafakemaldis.com\/dermapen-tedavisi\/\" \/>\n<meta property=\"og:locale\" content=\"en_US\" \/>\n<meta property=\"og:type\" content=\"article\" \/>\n<meta property=\"og:title\" content=\"Dermapen - &Ouml;zel Mustafa Kemal Di\u015f Klini\u011fi Ankara \u0130mplant ve Estetik\" \/>\n<meta property=\"og:url\" content=\"https:\/\/mustafakemaldis.com\/dermapen-tedavisi\/\" \/>\n<meta property=\"og:site_name\" content=\"&Ouml;zel Mustafa Kemal Di\u015f Klini\u011fi Ankara \u0130mplant ve Estetik\" \/>\n<meta property=\"article:publisher\" content=\"https:\/\/www.facebook.com\/mustafakemaldis\" \/>\n<meta property=\"article:modified_time\" content=\"2022-04-08T14:50:41+00:00\" \/>\n<meta name=\"twitter:card\" content=\"summary_large_image\" \/>\n<meta name=\"twitter:site\" content=\"@implantzirkon\" \/>\n<meta name=\"twitter:label1\" content=\"Est. reading time\" \/>\n\t<meta name=\"twitter:data1\" content=\"5 minutes\" \/>\n<script type=\"application\/ld+json\" class=\"yoast-schema-graph\">{\"@context\":\"https:\/\/schema.org\",\"@graph\":[{\"@type\":\"WebPage\",\"@id\":\"https:\/\/mustafakemaldis.com\/dermapen-tedavisi\/\",\"url\":\"https:\/\/mustafakemaldis.com\/dermapen-tedavisi\/\",\"name\":\"Dermapenile doku kayb\u0131 olan cildinizi kolayca yeniden canland\u0131r\u0131n.\",\"isPartOf\":{\"@id\":\"https:\/\/mustafakemaldis.com\/#website\"},\"datePublished\":\"2019-07-14T13:13:36+00:00\",\"dateModified\":\"2022-04-08T14:50:41+00:00\",\"description\":\"Dermapen tedavisi y\u00fcz, sa\u00e7, el, boyun, v\u00fccutta doku kayb\u0131 olan b\u00f6lgelerde kollajen dokunun artt\u0131r\u0131larak cildin yeniden yap\u0131lanmas\u0131n\u0131 sa\u011flar.\",\"breadcrumb\":{\"@id\":\"https:\/\/mustafakemaldis.com\/dermapen-tedavisi\/#breadcrumb\"},\"inLanguage\":\"en-US\",\"potentialAction\":[{\"@type\":\"ReadAction\",\"target\":[\"https:\/\/mustafakemaldis.com\/dermapen-tedavisi\/\"]}]},{\"@type\":\"BreadcrumbList\",\"@id\":\"https:\/\/mustafakemaldis.com\/dermapen-tedavisi\/#breadcrumb\",\"itemListElement\":[{\"@type\":\"ListItem\",\"position\":1,\"name\":\"Anasayfa\",\"item\":\"https:\/\/mustafakemaldis.com\/\"},{\"@type\":\"ListItem\",\"position\":2,\"name\":\"Dermapen Tedavisi\"}]},{\"@type\":\"WebSite\",\"@id\":\"https:\/\/mustafakemaldis.com\/#website\",\"url\":\"https:\/\/mustafakemaldis.com\/\",\"name\":\"&Ouml;zel Mustafa Kemal Di\u015f Klini\u011fi Ankara \u0130mplant ve Estetik\",\"description\":\"Implant Center Turkey, Dental Implant and Hollywood Smile\",\"publisher\":{\"@id\":\"https:\/\/mustafakemaldis.com\/#organization\"},\"potentialAction\":[{\"@type\":\"SearchAction\",\"target\":{\"@type\":\"EntryPoint\",\"urlTemplate\":\"https:\/\/mustafakemaldis.com\/?s={search_term_string}\"},\"query-input\":{\"@type\":\"PropertyValueSpecification\",\"valueRequired\":true,\"valueName\":\"search_term_string\"}}],\"inLanguage\":\"en-US\"},{\"@type\":\"Organization\",\"@id\":\"https:\/\/mustafakemaldis.com\/#organization\",\"name\":\"\u00d6zel Mustafa Kemal A\u011f\u0131z ve Di\u015f Sa\u011fl\u0131\u011f\u0131 Klini\u011fi\",\"url\":\"https:\/\/mustafakemaldis.com\/\",\"logo\":{\"@type\":\"ImageObject\",\"inLanguage\":\"en-US\",\"@id\":\"https:\/\/mustafakemaldis.com\/#\/schema\/logo\/image\/\",\"url\":\"https:\/\/i0.wp.com\/mustafakemaldis.com\/wp-content\/uploads\/2019\/02\/mustafakemallogo-e1549571882569.jpg?fit=425%2C126&ssl=1\",\"contentUrl\":\"https:\/\/i0.wp.com\/mustafakemaldis.com\/wp-content\/uploads\/2019\/02\/mustafakemallogo-e1549571882569.jpg?fit=425%2C126&ssl=1\",\"width\":425,\"height\":126,\"caption\":\"\u00d6zel Mustafa Kemal A\u011f\u0131z ve Di\u015f Sa\u011fl\u0131\u011f\u0131 Klini\u011fi\"},\"image\":{\"@id\":\"https:\/\/mustafakemaldis.com\/#\/schema\/logo\/image\/\"},\"sameAs\":[\"https:\/\/www.facebook.com\/mustafakemaldis\",\"https:\/\/x.com\/implantzirkon\",\"http:\/\/www.instagram.com\/mustafakemaldis\"]}]}<\/script>\n<!-- \/ Yoast SEO Premium plugin. -->","yoast_head_json":{"title":"Dermapenile doku kayb\u0131 olan cildinizi kolayca yeniden canland\u0131r\u0131n.","robots":{"index":"index","follow":"follow","max-snippet":"max-snippet:-1","max-image-preview":"max-image-preview:large","max-video-preview":"max-video-preview:-1"},"canonical":"https:\/\/mustafakemaldis.com\/dermapen-tedavisi\/","og_locale":"en_US","og_type":"article","og_title":"Dermapen - &Ouml;zel Mustafa Kemal Di\u015f Klini\u011fi Ankara \u0130mplant ve Estetik","og_url":"https:\/\/mustafakemaldis.com\/dermapen-tedavisi\/","og_site_name":"&Ouml;zel Mustafa Kemal Di\u015f Klini\u011fi Ankara \u0130mplant ve Estetik","article_publisher":"https:\/\/www.facebook.com\/mustafakemaldis","article_modified_time":"2022-04-08T14:50:41+00:00","twitter_card":"summary_large_image","twitter_site":"@implantzirkon","twitter_misc":{"Est. reading time":"5 minutes"},"schema":{"@context":"https:\/\/schema.org","@graph":[{"@type":"WebPage","@id":"https:\/\/mustafakemaldis.com\/dermapen-tedavisi\/","url":"https:\/\/mustafakemaldis.com\/dermapen-tedavisi\/","name":"Dermapenile doku kayb\u0131 olan cildinizi kolayca yeniden canland\u0131r\u0131n.","isPartOf":{"@id":"https:\/\/mustafakemaldis.com\/#website"},"datePublished":"2019-07-14T13:13:36+00:00","dateModified":"2022-04-08T14:50:41+00:00","description":"Dermapen tedavisi y\u00fcz, sa\u00e7, el, boyun, v\u00fccutta doku kayb\u0131 olan b\u00f6lgelerde kollajen dokunun artt\u0131r\u0131larak cildin yeniden yap\u0131lanmas\u0131n\u0131 sa\u011flar.","breadcrumb":{"@id":"https:\/\/mustafakemaldis.com\/dermapen-tedavisi\/#breadcrumb"},"inLanguage":"en-US","potentialAction":[{"@type":"ReadAction","target":["https:\/\/mustafakemaldis.com\/dermapen-tedavisi\/"]}]},{"@type":"BreadcrumbList","@id":"https:\/\/mustafakemaldis.com\/dermapen-tedavisi\/#breadcrumb","itemListElement":[{"@type":"ListItem","position":1,"name":"Anasayfa","item":"https:\/\/mustafakemaldis.com\/"},{"@type":"ListItem","position":2,"name":"Dermapen Tedavisi"}]},{"@type":"WebSite","@id":"https:\/\/mustafakemaldis.com\/#website","url":"https:\/\/mustafakemaldis.com\/","name":"&Ouml;zel Mustafa Kemal Di\u015f Klini\u011fi Ankara \u0130mplant ve Estetik","description":"Implant Center Turkey, Dental Implant and Hollywood Smile","publisher":{"@id":"https:\/\/mustafakemaldis.com\/#organization"},"potentialAction":[{"@type":"SearchAction","target":{"@type":"EntryPoint","urlTemplate":"https:\/\/mustafakemaldis.com\/?s={search_term_string}"},"query-input":{"@type":"PropertyValueSpecification","valueRequired":true,"valueName":"search_term_string"}}],"inLanguage":"en-US"},{"@type":"Organization","@id":"https:\/\/mustafakemaldis.com\/#organization","name":"\u00d6zel Mustafa Kemal A\u011f\u0131z ve Di\u015f Sa\u011fl\u0131\u011f\u0131 Klini\u011fi","url":"https:\/\/mustafakemaldis.com\/","logo":{"@type":"ImageObject","inLanguage":"en-US","@id":"https:\/\/mustafakemaldis.com\/#\/schema\/logo\/image\/","url":"https:\/\/i0.wp.com\/mustafakemaldis.com\/wp-content\/uploads\/2019\/02\/mustafakemallogo-e1549571882569.jpg?fit=425%2C126&ssl=1","contentUrl":"https:\/\/i0.wp.com\/mustafakemaldis.com\/wp-content\/uploads\/2019\/02\/mustafakemallogo-e1549571882569.jpg?fit=425%2C126&ssl=1","width":425,"height":126,"caption":"\u00d6zel Mustafa Kemal A\u011f\u0131z ve Di\u015f Sa\u011fl\u0131\u011f\u0131 Klini\u011fi"},"image":{"@id":"https:\/\/mustafakemaldis.com\/#\/schema\/logo\/image\/"},"sameAs":["https:\/\/www.facebook.com\/mustafakemaldis","https:\/\/x.com\/implantzirkon","http:\/\/www.instagram.com\/mustafakemaldis"]}]}},"jetpack_sharing_enabled":true,"_links":{"self":[{"href":"https:\/\/mustafakemaldis.com\/en\/wp-json\/wp\/v2\/pages\/5120","targetHints":{"allow":["GET"]}}],"collection":[{"href":"https:\/\/mustafakemaldis.com\/en\/wp-json\/wp\/v2\/pages"}],"about":[{"href":"https:\/\/mustafakemaldis.com\/en\/wp-json\/wp\/v2\/types\/page"}],"author":[{"embeddable":true,"href":"https:\/\/mustafakemaldis.com\/en\/wp-json\/wp\/v2\/users\/1"}],"replies":[{"embeddable":true,"href":"https:\/\/mustafakemaldis.com\/en\/wp-json\/wp\/v2\/comments?post=5120"}],"version-history":[{"count":0,"href":"https:\/\/mustafakemaldis.com\/en\/wp-json\/wp\/v2\/pages\/5120\/revisions"}],"wp:attachment":[{"href":"https:\/\/mustafakemaldis.com\/en\/wp-json\/wp\/v2\/media?parent=5120"}],"curies":[{"name":"wp","href":"https:\/\/api.w.org\/{rel}","templated":true}]}}