{"id":5162,"date":"2019-10-14T00:01:46","date_gmt":"2019-10-13T21:01:46","guid":{"rendered":"https:\/\/mustafakemaldis.com\/?page_id=5162"},"modified":"2022-04-08T17:41:04","modified_gmt":"2022-04-08T14:41:04","slug":"bonding-uygulamasi-estetik-dolgu","status":"publish","type":"page","link":"https:\/\/mustafakemaldis.com\/en\/bonding-uygulamasi-estetik-dolgu\/","title":{"rendered":"Bonding Application (Aesthetic Filling)"},"content":{"rendered":"<style type=\"text\/css\"><\/style><p>\u2022 What is Bonding?<br \/>\nIt is the bonding material applied to the desired areas without damaging the tooth surface and composite filling in tooth color.<\/p>\n<p>\u2022 What is the Difference with Composite Laminated?<br \/>\nThe only difference between composite laminate and bonding is the preparation site. Bonding is prepared in the mouth and the composite lamina is prepared in the laboratory and adhered to the tooth. Composite lamina is more comfortable in terms of mouth opening time in terms of patient satisfaction, but costs are higher.<\/p>\n<p>\u2022 How long is the life of Bonding?<br \/>\nAn appropriate bonding application can be used for 5 to 10 years depending on oral hygiene and eating and drinking habits. Must be renewed after 10 years.<\/p>\n<p>\u2022 Is Bonding an Expensive Transaction?<br \/>\nIt is the cheapest cost and the least damaging process in aesthetic applications.<\/p>\n<p>\u2022 Will there be any changes in my teeth when bonding is removed?<br \/>\nThere will be no changes after bonding due to bonding.<\/p>\n<p>\u2022 How long does Bonding take?<br \/>\nBonding takes about 45 minutes for a single tooth. In most patients, the procedure is completed in the first session. Pink Aesthetics may be required in cases where the application of the second session.<\/p>\n","protected":false},"excerpt":{"rendered":"<p>\u2022 What is Bonding? It is the bonding material applied to the desired areas without damaging the tooth surface and composite filling in tooth color. \u2022 What is the Difference with Composite Laminated? The only difference between composite laminate and bonding is the preparation site. Bonding is prepared in the mouth and the composite lamina&#8230;<\/p>\n","protected":false},"author":1,"featured_media":0,"parent":0,"menu_order":0,"comment_status":"closed","ping_status":"closed","template":"","meta":{"footnotes":""},"class_list":["post-5162","page","type-page","status-publish","hentry"],"translation":{"provider":"WPGlobus","version":"3.0.2","language":"en","enabled_languages":["tr","en"],"languages":{"tr":{"title":true,"content":true,"excerpt":false},"en":{"title":true,"content":true,"excerpt":false}}},"yoast_head":"<!-- This site is optimized with the Yoast SEO Premium plugin v21.6 (Yoast SEO v26.8) - https:\/\/yoast.com\/product\/yoast-seo-premium-wordpress\/ -->\n<title>Bonding Application (Aesthetic Filling) \/ Ankara Mustafa Kemal Di\u015f Klini\u011fi<\/title>\n<meta name=\"description\" content=\"What is Bonding? Will there be any changes in my teeth when bonding is removed? How long does Bonding take?What is the Difference with Composite Laminated?\" \/>\n<meta name=\"robots\" content=\"index, follow, max-snippet:-1, max-image-preview:large, max-video-preview:-1\" \/>\n<link rel=\"canonical\" href=\"https:\/\/mustafakemaldis.com\/bonding-uygulamasi-estetik-dolgu\/\" \/>\n<meta property=\"og:locale\" content=\"en_US\" \/>\n<meta property=\"og:type\" content=\"article\" \/>\n<meta property=\"og:title\" content=\"Bonding Application (Aesthetic Filling) - &Ouml;zel Mustafa Kemal Di\u015f Klini\u011fi Ankara \u0130mplant ve Estetik\" \/>\n<meta property=\"og:description\" content=\"What is Bonding? Will there be any changes in my teeth when bonding is removed? How long does Bonding take?What is the Difference with Composite Laminated?\" \/>\n<meta property=\"og:url\" content=\"https:\/\/mustafakemaldis.com\/bonding-uygulamasi-estetik-dolgu\/\" \/>\n<meta property=\"og:site_name\" content=\"&Ouml;zel Mustafa Kemal Di\u015f Klini\u011fi Ankara \u0130mplant ve Estetik\" \/>\n<meta property=\"article:publisher\" content=\"https:\/\/www.facebook.com\/mustafakemaldis\" \/>\n<meta property=\"article:modified_time\" content=\"2022-04-08T14:41:04+00:00\" \/>\n<meta property=\"og:image\" content=\"https:\/\/mustafakemaldis.com\/wp-content\/uploads\/2019\/10\/bonding2-276x300.jpg\" \/>\n<meta name=\"twitter:card\" content=\"summary_large_image\" \/>\n<meta name=\"twitter:site\" content=\"@implantzirkon\" \/>\n<meta name=\"twitter:label1\" content=\"Est. reading time\" \/>\n\t<meta name=\"twitter:data1\" content=\"2 minutes\" \/>\n<script type=\"application\/ld+json\" class=\"yoast-schema-graph\">{\"@context\":\"https:\/\/schema.org\",\"@graph\":[{\"@type\":\"WebPage\",\"@id\":\"https:\/\/mustafakemaldis.com\/bonding-uygulamasi-estetik-dolgu\/\",\"url\":\"https:\/\/mustafakemaldis.com\/bonding-uygulamasi-estetik-dolgu\/\",\"name\":\"Bonding Application (Aesthetic Filling) \/ Ankara Mustafa Kemal Di\u015f Klini\u011fi\",\"isPartOf\":{\"@id\":\"https:\/\/mustafakemaldis.com\/#website\"},\"primaryImageOfPage\":{\"@id\":\"https:\/\/mustafakemaldis.com\/bonding-uygulamasi-estetik-dolgu\/#primaryimage\"},\"image\":{\"@id\":\"https:\/\/mustafakemaldis.com\/bonding-uygulamasi-estetik-dolgu\/#primaryimage\"},\"thumbnailUrl\":\"https:\/\/mustafakemaldis.com\/wp-content\/uploads\/2019\/10\/bonding2-276x300.jpg\",\"datePublished\":\"2019-10-13T21:01:46+00:00\",\"dateModified\":\"2022-04-08T14:41:04+00:00\",\"description\":\"Estetik uygulamalar i\u00e7inde en ucuz maliyetli ve di\u015f dokusuna en az zarar veren i\u015flemdir. Uygulamas\u0131 pratik ve tek seansta tamamlanabilir.\",\"breadcrumb\":{\"@id\":\"https:\/\/mustafakemaldis.com\/bonding-uygulamasi-estetik-dolgu\/#breadcrumb\"},\"inLanguage\":\"en-US\",\"potentialAction\":[{\"@type\":\"ReadAction\",\"target\":[\"https:\/\/mustafakemaldis.com\/bonding-uygulamasi-estetik-dolgu\/\"]}]},{\"@type\":\"ImageObject\",\"inLanguage\":\"en-US\",\"@id\":\"https:\/\/mustafakemaldis.com\/bonding-uygulamasi-estetik-dolgu\/#primaryimage\",\"url\":\"https:\/\/mustafakemaldis.com\/wp-content\/uploads\/2019\/10\/bonding2-276x300.jpg\",\"contentUrl\":\"https:\/\/mustafakemaldis.com\/wp-content\/uploads\/2019\/10\/bonding2-276x300.jpg\"},{\"@type\":\"BreadcrumbList\",\"@id\":\"https:\/\/mustafakemaldis.com\/bonding-uygulamasi-estetik-dolgu\/#breadcrumb\",\"itemListElement\":[{\"@type\":\"ListItem\",\"position\":1,\"name\":\"Anasayfa\",\"item\":\"https:\/\/mustafakemaldis.com\/\"},{\"@type\":\"ListItem\",\"position\":2,\"name\":\"Bonding Uygulamas\u0131 ( Estetik Dolgu)\u00a0\"}]},{\"@type\":\"WebSite\",\"@id\":\"https:\/\/mustafakemaldis.com\/#website\",\"url\":\"https:\/\/mustafakemaldis.com\/\",\"name\":\"&Ouml;zel Mustafa Kemal Di\u015f Klini\u011fi Ankara \u0130mplant ve Estetik\",\"description\":\"Implant Center Turkey, Dental Implant and Hollywood Smile\",\"publisher\":{\"@id\":\"https:\/\/mustafakemaldis.com\/#organization\"},\"potentialAction\":[{\"@type\":\"SearchAction\",\"target\":{\"@type\":\"EntryPoint\",\"urlTemplate\":\"https:\/\/mustafakemaldis.com\/?s={search_term_string}\"},\"query-input\":{\"@type\":\"PropertyValueSpecification\",\"valueRequired\":true,\"valueName\":\"search_term_string\"}}],\"inLanguage\":\"en-US\"},{\"@type\":\"Organization\",\"@id\":\"https:\/\/mustafakemaldis.com\/#organization\",\"name\":\"\u00d6zel Mustafa Kemal A\u011f\u0131z ve Di\u015f Sa\u011fl\u0131\u011f\u0131 Klini\u011fi\",\"url\":\"https:\/\/mustafakemaldis.com\/\",\"logo\":{\"@type\":\"ImageObject\",\"inLanguage\":\"en-US\",\"@id\":\"https:\/\/mustafakemaldis.com\/#\/schema\/logo\/image\/\",\"url\":\"https:\/\/i0.wp.com\/mustafakemaldis.com\/wp-content\/uploads\/2019\/02\/mustafakemallogo-e1549571882569.jpg?fit=425%2C126&ssl=1\",\"contentUrl\":\"https:\/\/i0.wp.com\/mustafakemaldis.com\/wp-content\/uploads\/2019\/02\/mustafakemallogo-e1549571882569.jpg?fit=425%2C126&ssl=1\",\"width\":425,\"height\":126,\"caption\":\"\u00d6zel Mustafa Kemal A\u011f\u0131z ve Di\u015f Sa\u011fl\u0131\u011f\u0131 Klini\u011fi\"},\"image\":{\"@id\":\"https:\/\/mustafakemaldis.com\/#\/schema\/logo\/image\/\"},\"sameAs\":[\"https:\/\/www.facebook.com\/mustafakemaldis\",\"https:\/\/x.com\/implantzirkon\",\"http:\/\/www.instagram.com\/mustafakemaldis\"]}]}<\/script>\n<!-- \/ Yoast SEO Premium plugin. -->","yoast_head_json":{"title":"Bonding Application (Aesthetic Filling) \/ Ankara Mustafa Kemal Di\u015f Klini\u011fi","description":"What is Bonding? Will there be any changes in my teeth when bonding is removed? How long does Bonding take?What is the Difference with Composite Laminated?","robots":{"index":"index","follow":"follow","max-snippet":"max-snippet:-1","max-image-preview":"max-image-preview:large","max-video-preview":"max-video-preview:-1"},"canonical":"https:\/\/mustafakemaldis.com\/bonding-uygulamasi-estetik-dolgu\/","og_locale":"en_US","og_type":"article","og_title":"Bonding Application (Aesthetic Filling) - &Ouml;zel Mustafa Kemal Di\u015f Klini\u011fi Ankara \u0130mplant ve Estetik","og_description":"What is Bonding? Will there be any changes in my teeth when bonding is removed? How long does Bonding take?What is the Difference with Composite Laminated?","og_url":"https:\/\/mustafakemaldis.com\/bonding-uygulamasi-estetik-dolgu\/","og_site_name":"&Ouml;zel Mustafa Kemal Di\u015f Klini\u011fi Ankara \u0130mplant ve Estetik","article_publisher":"https:\/\/www.facebook.com\/mustafakemaldis","article_modified_time":"2022-04-08T14:41:04+00:00","og_image":[{"url":"https:\/\/mustafakemaldis.com\/wp-content\/uploads\/2019\/10\/bonding2-276x300.jpg","type":"","width":"","height":""}],"twitter_card":"summary_large_image","twitter_site":"@implantzirkon","twitter_misc":{"Est. reading time":"2 minutes"},"schema":{"@context":"https:\/\/schema.org","@graph":[{"@type":"WebPage","@id":"https:\/\/mustafakemaldis.com\/bonding-uygulamasi-estetik-dolgu\/","url":"https:\/\/mustafakemaldis.com\/bonding-uygulamasi-estetik-dolgu\/","name":"Bonding Application (Aesthetic Filling) \/ Ankara Mustafa Kemal Di\u015f Klini\u011fi","isPartOf":{"@id":"https:\/\/mustafakemaldis.com\/#website"},"primaryImageOfPage":{"@id":"https:\/\/mustafakemaldis.com\/bonding-uygulamasi-estetik-dolgu\/#primaryimage"},"image":{"@id":"https:\/\/mustafakemaldis.com\/bonding-uygulamasi-estetik-dolgu\/#primaryimage"},"thumbnailUrl":"https:\/\/mustafakemaldis.com\/wp-content\/uploads\/2019\/10\/bonding2-276x300.jpg","datePublished":"2019-10-13T21:01:46+00:00","dateModified":"2022-04-08T14:41:04+00:00","description":"Estetik uygulamalar i\u00e7inde en ucuz maliyetli ve di\u015f dokusuna en az zarar veren i\u015flemdir. Uygulamas\u0131 pratik ve tek seansta tamamlanabilir.","breadcrumb":{"@id":"https:\/\/mustafakemaldis.com\/bonding-uygulamasi-estetik-dolgu\/#breadcrumb"},"inLanguage":"en-US","potentialAction":[{"@type":"ReadAction","target":["https:\/\/mustafakemaldis.com\/bonding-uygulamasi-estetik-dolgu\/"]}]},{"@type":"ImageObject","inLanguage":"en-US","@id":"https:\/\/mustafakemaldis.com\/bonding-uygulamasi-estetik-dolgu\/#primaryimage","url":"https:\/\/mustafakemaldis.com\/wp-content\/uploads\/2019\/10\/bonding2-276x300.jpg","contentUrl":"https:\/\/mustafakemaldis.com\/wp-content\/uploads\/2019\/10\/bonding2-276x300.jpg"},{"@type":"BreadcrumbList","@id":"https:\/\/mustafakemaldis.com\/bonding-uygulamasi-estetik-dolgu\/#breadcrumb","itemListElement":[{"@type":"ListItem","position":1,"name":"Anasayfa","item":"https:\/\/mustafakemaldis.com\/"},{"@type":"ListItem","position":2,"name":"Bonding Uygulamas\u0131 ( Estetik Dolgu)\u00a0"}]},{"@type":"WebSite","@id":"https:\/\/mustafakemaldis.com\/#website","url":"https:\/\/mustafakemaldis.com\/","name":"&Ouml;zel Mustafa Kemal Di\u015f Klini\u011fi Ankara \u0130mplant ve Estetik","description":"Implant Center Turkey, Dental Implant and Hollywood Smile","publisher":{"@id":"https:\/\/mustafakemaldis.com\/#organization"},"potentialAction":[{"@type":"SearchAction","target":{"@type":"EntryPoint","urlTemplate":"https:\/\/mustafakemaldis.com\/?s={search_term_string}"},"query-input":{"@type":"PropertyValueSpecification","valueRequired":true,"valueName":"search_term_string"}}],"inLanguage":"en-US"},{"@type":"Organization","@id":"https:\/\/mustafakemaldis.com\/#organization","name":"\u00d6zel Mustafa Kemal A\u011f\u0131z ve Di\u015f Sa\u011fl\u0131\u011f\u0131 Klini\u011fi","url":"https:\/\/mustafakemaldis.com\/","logo":{"@type":"ImageObject","inLanguage":"en-US","@id":"https:\/\/mustafakemaldis.com\/#\/schema\/logo\/image\/","url":"https:\/\/i0.wp.com\/mustafakemaldis.com\/wp-content\/uploads\/2019\/02\/mustafakemallogo-e1549571882569.jpg?fit=425%2C126&ssl=1","contentUrl":"https:\/\/i0.wp.com\/mustafakemaldis.com\/wp-content\/uploads\/2019\/02\/mustafakemallogo-e1549571882569.jpg?fit=425%2C126&ssl=1","width":425,"height":126,"caption":"\u00d6zel Mustafa Kemal A\u011f\u0131z ve Di\u015f Sa\u011fl\u0131\u011f\u0131 Klini\u011fi"},"image":{"@id":"https:\/\/mustafakemaldis.com\/#\/schema\/logo\/image\/"},"sameAs":["https:\/\/www.facebook.com\/mustafakemaldis","https:\/\/x.com\/implantzirkon","http:\/\/www.instagram.com\/mustafakemaldis"]}]}},"jetpack_sharing_enabled":true,"_links":{"self":[{"href":"https:\/\/mustafakemaldis.com\/en\/wp-json\/wp\/v2\/pages\/5162","targetHints":{"allow":["GET"]}}],"collection":[{"href":"https:\/\/mustafakemaldis.com\/en\/wp-json\/wp\/v2\/pages"}],"about":[{"href":"https:\/\/mustafakemaldis.com\/en\/wp-json\/wp\/v2\/types\/page"}],"author":[{"embeddable":true,"href":"https:\/\/mustafakemaldis.com\/en\/wp-json\/wp\/v2\/users\/1"}],"replies":[{"embeddable":true,"href":"https:\/\/mustafakemaldis.com\/en\/wp-json\/wp\/v2\/comments?post=5162"}],"version-history":[{"count":0,"href":"https:\/\/mustafakemaldis.com\/en\/wp-json\/wp\/v2\/pages\/5162\/revisions"}],"wp:attachment":[{"href":"https:\/\/mustafakemaldis.com\/en\/wp-json\/wp\/v2\/media?parent=5162"}],"curies":[{"name":"wp","href":"https:\/\/api.w.org\/{rel}","templated":true}]}}