{"id":5325,"date":"2021-01-30T20:17:53","date_gmt":"2021-01-30T17:17:53","guid":{"rendered":"https:\/\/mustafakemaldis.com\/?page_id=5325"},"modified":"2022-09-25T01:25:43","modified_gmt":"2022-09-24T22:25:43","slug":"emax-empress-ve-cam-seramik-kazima-estetik-kaplama-hollywood-gulusu","status":"publish","type":"page","link":"https:\/\/mustafakemaldis.com\/en\/emax-empress-ve-cam-seramik-kazima-estetik-kaplama-hollywood-gulusu\/","title":{"rendered":"Emax, Empress ve Cam Seramik Kaz\u0131ma Estetik Kaplama (Hollywood G\u00fcl\u00fc\u015f\u00fc)"},"content":{"rendered":"<style type=\"text\/css\"><\/style><h1 style=\"text-align: center;\">Emax, Empress ve Cam Seramik Kaz\u0131ma Estetik Kaplama (Hollywood G\u00fcl\u00fc\u015f\u00fc)<\/h1>\n<h2>IPS Emax Nedir? Empress Nedir ?<\/h2>\n<p>Emax, Cam Seramik, Lithium disilicate kaplama g\u00fcn\u00fcm\u00fczde en estetik kaplama \u00e7e\u015fitlerindendir. Ana di\u015fe en yak\u0131n g\u00f6r\u00fcn\u00fcme uygun olarak \u00f6zel bloklardan Cerec sistem kaz\u0131y\u0131c\u0131lar ile kaz\u0131narak yap\u0131l\u0131r. \u00dcretimi t\u00fcm i\u015flemler dahil 1-2 saat i\u00e7inde tamamlan\u0131r ve ayn\u0131 seansta hastaya uygulan\u0131r. 0.4 mikron inceli\u011fe kadar uygulanabilir. Empress ise alt yap\u0131s\u0131z olarak saf porselenin preslenmesi ile yap\u0131l\u0131r.<\/p>\n<h2>Emax mi Zirkonyum mu?<\/h2>\n<p>Emax , Cam Seramik Kaplamalar Zirkonyum kaplamalara g\u00f6re \u0131\u015f\u0131k ge\u00e7irgenli\u011fi daha fazla ana di\u015f rengine daha yak\u0131n malzemelerdir. Hassas bir malzemedir. Lamine ve \u00d6n b\u00f6lge tekli restorasyonlarda Emax tercih edilmelidir.<\/p>\n<p>&nbsp;<\/p>\n<figure id=\"attachment_5329\" aria-describedby=\"caption-attachment-5329\" style=\"width: 300px\" class=\"wp-caption alignnone\"><img loading=\"lazy\" decoding=\"async\" class=\"size-medium wp-image-5329\" src=\"https:\/\/mustafakemaldis.com\/wp-content\/uploads\/2021\/01\/ihsan-300x250.png\" alt=\"\" width=\"300\" height=\"250\" srcset=\"https:\/\/mustafakemaldis.com\/wp-content\/uploads\/2021\/01\/ihsan-300x250.png 300w, https:\/\/mustafakemaldis.com\/wp-content\/uploads\/2021\/01\/ihsan-1024x853.png 1024w, https:\/\/mustafakemaldis.com\/wp-content\/uploads\/2021\/01\/ihsan-768x640.png 768w, https:\/\/mustafakemaldis.com\/wp-content\/uploads\/2021\/01\/ihsan-1536x1280.png 1536w, https:\/\/mustafakemaldis.com\/wp-content\/uploads\/2021\/01\/ihsan-580x483.png 580w, https:\/\/mustafakemaldis.com\/wp-content\/uploads\/2021\/01\/ihsan-860x716.png 860w, https:\/\/mustafakemaldis.com\/wp-content\/uploads\/2021\/01\/ihsan-1160x966.png 1160w, https:\/\/mustafakemaldis.com\/wp-content\/uploads\/2021\/01\/ihsan.png 1701w\" sizes=\"auto, (max-width: 300px) 100vw, 300px\" \/><figcaption id=\"caption-attachment-5329\" class=\"wp-caption-text\">Emax ile de\u011fi\u015ftirilen eski zirkonyum kaplamalar<\/figcaption><\/figure>\n<h2>Emax Di\u015f Kaplama Fiyatlar\u0131 2022<\/h2>\n<p>T\u00fcrk Di\u015f Hekimleri Birli\u011finin fiyat tarifesine g\u00f6re Emax &#8211; Tam Seramik Kuron (Metal Desteksiz) 4.700,00 TL olarak fiyat belirlenmi\u015ftir. Bu \u00fccret klinikler aras\u0131nda farkl\u0131l\u0131k g\u00f6stermektedir.<\/p>\n<h2>Emax Kaplaman\u0131n \u00d6mr\u00fc Ne Kadard\u0131r?<\/h2>\n<p>Uygulanan kaplamalar\u0131n \u00f6mr\u00fc, kaplama ile di\u015fin aras\u0131ndaki uyum ile alakal\u0131d\u0131r. Di\u015f etinde belirli bir zamanda di\u015f eti \u00e7ekilmeleri ya\u015fan\u0131r, bu s\u00fcre\u00e7te di\u015flerin zarar g\u00f6rmemesi i\u00e7in kaplamalar yenilenir. Bu s\u00fcre ortalama 5-10 y\u0131l aras\u0131nda hastan\u0131n a\u011f\u0131z hijyenine g\u00f6re de\u011fi\u015fmektedir.<\/p>\n<h2>Emax Kaplamalar Nas\u0131l Yap\u0131l\u0131r?<\/h2>\n<p>Emax kaplamalar yap\u0131lmadan karars\u0131z hastalar i\u00e7in \u00f6nce g\u00fcl\u00fc\u015f tasar\u0131m\u0131 ve mock-up uygulamas\u0131 yap\u0131labilmektedir. Bu uygulamalar kaplama haricinde \u00fccretlendirilir. Hasta bu uygulamalarda di\u015flerinin nas\u0131l olaca\u011f\u0131n\u0131 \u00f6nceden g\u00f6rebilmektir.<\/p>\n<p>\u0130\u015fleme karar verildikten sonra di\u015fler kaplama yap\u0131lacak formda k\u00fc\u00e7\u00fclt\u00fcl\u00fcr, tedavileri yap\u0131l\u0131r ve \u00f6l\u00e7\u00fcs\u00fc al\u0131n\u0131r. Yap\u0131m s\u00fcresinde kullan\u0131lmas\u0131 i\u00e7in di\u015flere ge\u00e7ici di\u015f tak\u0131l\u0131r. Yakla\u015f\u0131k 1-3\u00a0 g\u00fcn aras\u0131nda kal\u0131c\u0131 kaplamalar tamamlan\u0131r ve hastaya uygulanarak yeni g\u00fcl\u00fc\u015f\u00fc ile hasta u\u011furlan\u0131r.<\/p>\n<h4>Klini\u011fimizde yap\u0131lan kaplamalarda Dijital \u0130\u015f Ak\u0131\u015f\u0131 uygulanmaktad\u0131r. 3Shape \u00d6l\u00e7\u00fc sistemleri ile al\u0131nan dijital \u00f6l\u00e7\u00fc sonras\u0131nda\u00a0 Sirona Cerec Sistemi ile di\u015fler bilgisayar ortam\u0131nda haz\u0131rlanarak hassas kaz\u0131y\u0131c\u0131lar ile haz\u0131rlanmaktad\u0131r. Emax, Cam Seramik Kaplamalar tek seansta hastam\u0131za ayn\u0131 g\u00fcn uygulanmaktad\u0131r. Zirkonyum kaplamalar ise 1-3 g\u00fcn i\u00e7inde hastalar\u0131m\u0131za uygulanmaktad\u0131r. S\u00fcreler vakada de\u011fi\u015fen durumlara g\u00f6re de\u011fi\u015fiklik g\u00f6stermektedir.<\/h4>\n<p>&nbsp;<\/p>\n<p>&nbsp;<\/p>\n<p>&nbsp;<\/p>\n","protected":false},"excerpt":{"rendered":"<p>Emax, Empress ve Cam Seramik Kaz\u0131ma Estetik Kaplama (Hollywood G\u00fcl\u00fc\u015f\u00fc) IPS Emax Nedir? Empress Nedir ? Emax, Cam Seramik, Lithium disilicate kaplama g\u00fcn\u00fcm\u00fczde en estetik kaplama \u00e7e\u015fitlerindendir. Ana di\u015fe en yak\u0131n g\u00f6r\u00fcn\u00fcme uygun olarak \u00f6zel bloklardan Cerec sistem kaz\u0131y\u0131c\u0131lar ile kaz\u0131narak yap\u0131l\u0131r. \u00dcretimi t\u00fcm i\u015flemler dahil 1-2 saat i\u00e7inde tamamlan\u0131r ve ayn\u0131 seansta hastaya uygulan\u0131r&#8230;.<\/p>\n","protected":false},"author":1,"featured_media":0,"parent":0,"menu_order":0,"comment_status":"closed","ping_status":"closed","template":"","meta":{"footnotes":""},"class_list":["post-5325","page","type-page","status-publish","hentry"],"translation":{"provider":"WPGlobus","version":"3.0.2","language":"en","enabled_languages":["tr","en"],"languages":{"tr":{"title":true,"content":true,"excerpt":false},"en":{"title":false,"content":false,"excerpt":false}}},"yoast_head":"<!-- This site is optimized with the Yoast SEO Premium plugin v21.6 (Yoast SEO v26.8) - https:\/\/yoast.com\/product\/yoast-seo-premium-wordpress\/ -->\n<title>Emax, Empress ve Cam Seramik Kaz\u0131ma Estetik Kaplama (Hollywood G\u00fcl\u00fc\u015f\u00fc) - &Ouml;zel Mustafa Kemal Di\u015f Klini\u011fi Ankara \u0130mplant ve Estetik<\/title>\n<meta name=\"robots\" content=\"index, follow, max-snippet:-1, max-image-preview:large, max-video-preview:-1\" \/>\n<link rel=\"canonical\" href=\"https:\/\/mustafakemaldis.com\/emax-empress-ve-cam-seramik-kazima-estetik-kaplama-hollywood-gulusu\/\" \/>\n<meta property=\"og:locale\" content=\"en_US\" \/>\n<meta property=\"og:type\" content=\"article\" \/>\n<meta property=\"og:title\" content=\"Emax, Empress ve Cam Seramik Kaz\u0131ma Estetik Kaplama (Hollywood G\u00fcl\u00fc\u015f\u00fc) - &Ouml;zel Mustafa Kemal Di\u015f Klini\u011fi Ankara \u0130mplant ve Estetik\" \/>\n<meta property=\"og:url\" content=\"https:\/\/mustafakemaldis.com\/emax-empress-ve-cam-seramik-kazima-estetik-kaplama-hollywood-gulusu\/\" \/>\n<meta property=\"og:site_name\" content=\"&Ouml;zel Mustafa Kemal Di\u015f Klini\u011fi Ankara \u0130mplant ve Estetik\" \/>\n<meta property=\"article:publisher\" content=\"https:\/\/www.facebook.com\/mustafakemaldis\" \/>\n<meta property=\"article:modified_time\" content=\"2022-09-24T22:25:43+00:00\" \/>\n<meta property=\"og:image\" content=\"https:\/\/mustafakemaldis.com\/wp-content\/uploads\/2021\/01\/ihsan-300x250.png\" \/>\n<meta name=\"twitter:card\" content=\"summary_large_image\" \/>\n<meta name=\"twitter:site\" content=\"@implantzirkon\" \/>\n<meta name=\"twitter:label1\" content=\"Est. reading time\" \/>\n\t<meta name=\"twitter:data1\" content=\"3 minutes\" \/>\n<script type=\"application\/ld+json\" class=\"yoast-schema-graph\">{\"@context\":\"https:\/\/schema.org\",\"@graph\":[{\"@type\":\"WebPage\",\"@id\":\"https:\/\/mustafakemaldis.com\/emax-empress-ve-cam-seramik-kazima-estetik-kaplama-hollywood-gulusu\/\",\"url\":\"https:\/\/mustafakemaldis.com\/emax-empress-ve-cam-seramik-kazima-estetik-kaplama-hollywood-gulusu\/\",\"name\":\"Emax, Empress ve Cam Seramik Kaz\u0131ma Estetik Kaplama (Hollywood G\u00fcl\u00fc\u015f\u00fc) - &Ouml;zel Mustafa Kemal Di\u015f Klini\u011fi Ankara \u0130mplant ve Estetik\",\"isPartOf\":{\"@id\":\"https:\/\/mustafakemaldis.com\/#website\"},\"primaryImageOfPage\":{\"@id\":\"https:\/\/mustafakemaldis.com\/emax-empress-ve-cam-seramik-kazima-estetik-kaplama-hollywood-gulusu\/#primaryimage\"},\"image\":{\"@id\":\"https:\/\/mustafakemaldis.com\/emax-empress-ve-cam-seramik-kazima-estetik-kaplama-hollywood-gulusu\/#primaryimage\"},\"thumbnailUrl\":\"https:\/\/mustafakemaldis.com\/wp-content\/uploads\/2021\/01\/ihsan-300x250.png\",\"datePublished\":\"2021-01-30T17:17:53+00:00\",\"dateModified\":\"2022-09-24T22:25:43+00:00\",\"description\":\"Emax Nedir? Empress Nedir ?Emax mi Zirkonyum mu?Emax kaplama g\u00fcn\u00fcm\u00fczde en estetik kaplama \u00e7e\u015fitlerindendir.Ana di\u015fe en yak\u0131n g\u00f6r\u00fcn\u00fcm\u00fc almak i\u00e7in \u015feffaf bir cam seramik altyap\u0131 haz\u0131rlan\u0131r ve onun \u00fczerine g\u00fc\u00e7lendirilmi\u015f \u00f6zel bir porselen ( emax ) kullan\u0131larak yap\u0131l\u0131r. Empress ise alt yap\u0131s\u0131z olarak saf porselenin preslenmesi ile yap\u0131l\u0131r.\",\"breadcrumb\":{\"@id\":\"https:\/\/mustafakemaldis.com\/emax-empress-ve-cam-seramik-kazima-estetik-kaplama-hollywood-gulusu\/#breadcrumb\"},\"inLanguage\":\"en-US\",\"potentialAction\":[{\"@type\":\"ReadAction\",\"target\":[\"https:\/\/mustafakemaldis.com\/emax-empress-ve-cam-seramik-kazima-estetik-kaplama-hollywood-gulusu\/\"]}]},{\"@type\":\"ImageObject\",\"inLanguage\":\"en-US\",\"@id\":\"https:\/\/mustafakemaldis.com\/emax-empress-ve-cam-seramik-kazima-estetik-kaplama-hollywood-gulusu\/#primaryimage\",\"url\":\"https:\/\/mustafakemaldis.com\/wp-content\/uploads\/2021\/01\/ihsan-300x250.png\",\"contentUrl\":\"https:\/\/mustafakemaldis.com\/wp-content\/uploads\/2021\/01\/ihsan-300x250.png\"},{\"@type\":\"BreadcrumbList\",\"@id\":\"https:\/\/mustafakemaldis.com\/emax-empress-ve-cam-seramik-kazima-estetik-kaplama-hollywood-gulusu\/#breadcrumb\",\"itemListElement\":[{\"@type\":\"ListItem\",\"position\":1,\"name\":\"Anasayfa\",\"item\":\"https:\/\/mustafakemaldis.com\/\"},{\"@type\":\"ListItem\",\"position\":2,\"name\":\"Emax, Empress ve Cam Seramik Kaz\u0131ma Estetik Kaplama (Hollywood G\u00fcl\u00fc\u015f\u00fc)\"}]},{\"@type\":\"WebSite\",\"@id\":\"https:\/\/mustafakemaldis.com\/#website\",\"url\":\"https:\/\/mustafakemaldis.com\/\",\"name\":\"&Ouml;zel Mustafa Kemal Di\u015f Klini\u011fi Ankara \u0130mplant ve Estetik\",\"description\":\"Implant Center Turkey, Dental Implant and Hollywood Smile\",\"publisher\":{\"@id\":\"https:\/\/mustafakemaldis.com\/#organization\"},\"potentialAction\":[{\"@type\":\"SearchAction\",\"target\":{\"@type\":\"EntryPoint\",\"urlTemplate\":\"https:\/\/mustafakemaldis.com\/?s={search_term_string}\"},\"query-input\":{\"@type\":\"PropertyValueSpecification\",\"valueRequired\":true,\"valueName\":\"search_term_string\"}}],\"inLanguage\":\"en-US\"},{\"@type\":\"Organization\",\"@id\":\"https:\/\/mustafakemaldis.com\/#organization\",\"name\":\"\u00d6zel Mustafa Kemal A\u011f\u0131z ve Di\u015f Sa\u011fl\u0131\u011f\u0131 Klini\u011fi\",\"url\":\"https:\/\/mustafakemaldis.com\/\",\"logo\":{\"@type\":\"ImageObject\",\"inLanguage\":\"en-US\",\"@id\":\"https:\/\/mustafakemaldis.com\/#\/schema\/logo\/image\/\",\"url\":\"https:\/\/i0.wp.com\/mustafakemaldis.com\/wp-content\/uploads\/2019\/02\/mustafakemallogo-e1549571882569.jpg?fit=425%2C126&ssl=1\",\"contentUrl\":\"https:\/\/i0.wp.com\/mustafakemaldis.com\/wp-content\/uploads\/2019\/02\/mustafakemallogo-e1549571882569.jpg?fit=425%2C126&ssl=1\",\"width\":425,\"height\":126,\"caption\":\"\u00d6zel Mustafa Kemal A\u011f\u0131z ve Di\u015f Sa\u011fl\u0131\u011f\u0131 Klini\u011fi\"},\"image\":{\"@id\":\"https:\/\/mustafakemaldis.com\/#\/schema\/logo\/image\/\"},\"sameAs\":[\"https:\/\/www.facebook.com\/mustafakemaldis\",\"https:\/\/x.com\/implantzirkon\",\"http:\/\/www.instagram.com\/mustafakemaldis\"]}]}<\/script>\n<!-- \/ Yoast SEO Premium plugin. -->","yoast_head_json":{"title":"Emax, Empress ve Cam Seramik Kaz\u0131ma Estetik Kaplama (Hollywood G\u00fcl\u00fc\u015f\u00fc) - &Ouml;zel Mustafa Kemal Di\u015f Klini\u011fi Ankara \u0130mplant ve Estetik","robots":{"index":"index","follow":"follow","max-snippet":"max-snippet:-1","max-image-preview":"max-image-preview:large","max-video-preview":"max-video-preview:-1"},"canonical":"https:\/\/mustafakemaldis.com\/emax-empress-ve-cam-seramik-kazima-estetik-kaplama-hollywood-gulusu\/","og_locale":"en_US","og_type":"article","og_title":"Emax, Empress ve Cam Seramik Kaz\u0131ma Estetik Kaplama (Hollywood G\u00fcl\u00fc\u015f\u00fc) - &Ouml;zel Mustafa Kemal Di\u015f Klini\u011fi Ankara \u0130mplant ve Estetik","og_url":"https:\/\/mustafakemaldis.com\/emax-empress-ve-cam-seramik-kazima-estetik-kaplama-hollywood-gulusu\/","og_site_name":"&Ouml;zel Mustafa Kemal Di\u015f Klini\u011fi Ankara \u0130mplant ve Estetik","article_publisher":"https:\/\/www.facebook.com\/mustafakemaldis","article_modified_time":"2022-09-24T22:25:43+00:00","og_image":[{"url":"https:\/\/mustafakemaldis.com\/wp-content\/uploads\/2021\/01\/ihsan-300x250.png","type":"","width":"","height":""}],"twitter_card":"summary_large_image","twitter_site":"@implantzirkon","twitter_misc":{"Est. reading time":"3 minutes"},"schema":{"@context":"https:\/\/schema.org","@graph":[{"@type":"WebPage","@id":"https:\/\/mustafakemaldis.com\/emax-empress-ve-cam-seramik-kazima-estetik-kaplama-hollywood-gulusu\/","url":"https:\/\/mustafakemaldis.com\/emax-empress-ve-cam-seramik-kazima-estetik-kaplama-hollywood-gulusu\/","name":"Emax, Empress ve Cam Seramik Kaz\u0131ma Estetik Kaplama (Hollywood G\u00fcl\u00fc\u015f\u00fc) - &Ouml;zel Mustafa Kemal Di\u015f Klini\u011fi Ankara \u0130mplant ve Estetik","isPartOf":{"@id":"https:\/\/mustafakemaldis.com\/#website"},"primaryImageOfPage":{"@id":"https:\/\/mustafakemaldis.com\/emax-empress-ve-cam-seramik-kazima-estetik-kaplama-hollywood-gulusu\/#primaryimage"},"image":{"@id":"https:\/\/mustafakemaldis.com\/emax-empress-ve-cam-seramik-kazima-estetik-kaplama-hollywood-gulusu\/#primaryimage"},"thumbnailUrl":"https:\/\/mustafakemaldis.com\/wp-content\/uploads\/2021\/01\/ihsan-300x250.png","datePublished":"2021-01-30T17:17:53+00:00","dateModified":"2022-09-24T22:25:43+00:00","description":"Emax Nedir? Empress Nedir ?Emax mi Zirkonyum mu?Emax kaplama g\u00fcn\u00fcm\u00fczde en estetik kaplama \u00e7e\u015fitlerindendir.Ana di\u015fe en yak\u0131n g\u00f6r\u00fcn\u00fcm\u00fc almak i\u00e7in \u015feffaf bir cam seramik altyap\u0131 haz\u0131rlan\u0131r ve onun \u00fczerine g\u00fc\u00e7lendirilmi\u015f \u00f6zel bir porselen ( emax ) kullan\u0131larak yap\u0131l\u0131r. Empress ise alt yap\u0131s\u0131z olarak saf porselenin preslenmesi ile yap\u0131l\u0131r.","breadcrumb":{"@id":"https:\/\/mustafakemaldis.com\/emax-empress-ve-cam-seramik-kazima-estetik-kaplama-hollywood-gulusu\/#breadcrumb"},"inLanguage":"en-US","potentialAction":[{"@type":"ReadAction","target":["https:\/\/mustafakemaldis.com\/emax-empress-ve-cam-seramik-kazima-estetik-kaplama-hollywood-gulusu\/"]}]},{"@type":"ImageObject","inLanguage":"en-US","@id":"https:\/\/mustafakemaldis.com\/emax-empress-ve-cam-seramik-kazima-estetik-kaplama-hollywood-gulusu\/#primaryimage","url":"https:\/\/mustafakemaldis.com\/wp-content\/uploads\/2021\/01\/ihsan-300x250.png","contentUrl":"https:\/\/mustafakemaldis.com\/wp-content\/uploads\/2021\/01\/ihsan-300x250.png"},{"@type":"BreadcrumbList","@id":"https:\/\/mustafakemaldis.com\/emax-empress-ve-cam-seramik-kazima-estetik-kaplama-hollywood-gulusu\/#breadcrumb","itemListElement":[{"@type":"ListItem","position":1,"name":"Anasayfa","item":"https:\/\/mustafakemaldis.com\/"},{"@type":"ListItem","position":2,"name":"Emax, Empress ve Cam Seramik Kaz\u0131ma Estetik Kaplama (Hollywood G\u00fcl\u00fc\u015f\u00fc)"}]},{"@type":"WebSite","@id":"https:\/\/mustafakemaldis.com\/#website","url":"https:\/\/mustafakemaldis.com\/","name":"&Ouml;zel Mustafa Kemal Di\u015f Klini\u011fi Ankara \u0130mplant ve Estetik","description":"Implant Center Turkey, Dental Implant and Hollywood Smile","publisher":{"@id":"https:\/\/mustafakemaldis.com\/#organization"},"potentialAction":[{"@type":"SearchAction","target":{"@type":"EntryPoint","urlTemplate":"https:\/\/mustafakemaldis.com\/?s={search_term_string}"},"query-input":{"@type":"PropertyValueSpecification","valueRequired":true,"valueName":"search_term_string"}}],"inLanguage":"en-US"},{"@type":"Organization","@id":"https:\/\/mustafakemaldis.com\/#organization","name":"\u00d6zel Mustafa Kemal A\u011f\u0131z ve Di\u015f Sa\u011fl\u0131\u011f\u0131 Klini\u011fi","url":"https:\/\/mustafakemaldis.com\/","logo":{"@type":"ImageObject","inLanguage":"en-US","@id":"https:\/\/mustafakemaldis.com\/#\/schema\/logo\/image\/","url":"https:\/\/i0.wp.com\/mustafakemaldis.com\/wp-content\/uploads\/2019\/02\/mustafakemallogo-e1549571882569.jpg?fit=425%2C126&ssl=1","contentUrl":"https:\/\/i0.wp.com\/mustafakemaldis.com\/wp-content\/uploads\/2019\/02\/mustafakemallogo-e1549571882569.jpg?fit=425%2C126&ssl=1","width":425,"height":126,"caption":"\u00d6zel Mustafa Kemal A\u011f\u0131z ve Di\u015f Sa\u011fl\u0131\u011f\u0131 Klini\u011fi"},"image":{"@id":"https:\/\/mustafakemaldis.com\/#\/schema\/logo\/image\/"},"sameAs":["https:\/\/www.facebook.com\/mustafakemaldis","https:\/\/x.com\/implantzirkon","http:\/\/www.instagram.com\/mustafakemaldis"]}]}},"jetpack_sharing_enabled":true,"_links":{"self":[{"href":"https:\/\/mustafakemaldis.com\/en\/wp-json\/wp\/v2\/pages\/5325","targetHints":{"allow":["GET"]}}],"collection":[{"href":"https:\/\/mustafakemaldis.com\/en\/wp-json\/wp\/v2\/pages"}],"about":[{"href":"https:\/\/mustafakemaldis.com\/en\/wp-json\/wp\/v2\/types\/page"}],"author":[{"embeddable":true,"href":"https:\/\/mustafakemaldis.com\/en\/wp-json\/wp\/v2\/users\/1"}],"replies":[{"embeddable":true,"href":"https:\/\/mustafakemaldis.com\/en\/wp-json\/wp\/v2\/comments?post=5325"}],"version-history":[{"count":0,"href":"https:\/\/mustafakemaldis.com\/en\/wp-json\/wp\/v2\/pages\/5325\/revisions"}],"wp:attachment":[{"href":"https:\/\/mustafakemaldis.com\/en\/wp-json\/wp\/v2\/media?parent=5325"}],"curies":[{"name":"wp","href":"https:\/\/api.w.org\/{rel}","templated":true}]}}