{"id":5344,"date":"2021-04-26T22:03:12","date_gmt":"2021-04-26T19:03:12","guid":{"rendered":"https:\/\/mustafakemaldis.com\/?page_id=5344"},"modified":"2021-04-26T22:06:43","modified_gmt":"2021-04-26T19:06:43","slug":"dijital-olcu-agiz-ici-tarama-dijital-planlama-ve-gulus-tasarimi","status":"publish","type":"page","link":"https:\/\/mustafakemaldis.com\/en\/dijital-olcu-agiz-ici-tarama-dijital-planlama-ve-gulus-tasarimi\/","title":{"rendered":"Dijital \u00d6l\u00e7\u00fc \/ A\u011f\u0131z \u0130\u00e7i Tarama \/ Dijital Planlama ve G\u00fcl\u00fc\u015f Tasar\u0131m\u0131"},"content":{"rendered":"<style type=\"text\/css\"><\/style><h1 style=\"text-align: center;\">Dijital \u00d6l\u00e7\u00fc \/ A\u011f\u0131z \u0130\u00e7i Tarama \/ Dijital Planlama ve G\u00fcl\u00fc\u015f Tasar\u0131m\u0131<\/h1>\n<div>Klini\u011fimizde hastalar\u0131m\u0131za \u00f6zel D\u00fcnyan\u0131n 8 Kez\u00a0 &#8220;S\u0131n\u0131f\u0131n\u0131n En \u0130yisi&#8221; \u00f6d\u00fcl\u00fc kazanan 3Shape \u00f6l\u00e7\u00fc sistemleri ile a\u011f\u0131z\u0131n 3 boyutlu tasar\u0131m\u0131 saniyeler i\u00e7inde al\u0131nmaktad\u0131r.<\/div>\n<h6><\/h6>\n<h6><strong>Avantajlar\u0131<\/strong><\/h6>\n<ol>\n<li>Mide bulant\u0131s\u0131 olan hastalarda konfor,<\/li>\n<li>Kusursuz \u00f6l\u00e7\u00fc sayesinde kusursuz protezler elde etme imkn\u0131,<\/li>\n<li>Maximum hijyen ve h\u0131z<\/li>\n<li>\u00a0Geleneksel metotlar\u0131n aksine renk uyumunda kusursuzluk,<\/li>\n<li>\u00a0G\u00fcl\u00fc\u015f tasar\u0131m\u0131 ve dijital olarak tedavi planlama imkan\u0131.<!--[if lt IE 9]><script>document.createElement('video');<\/script><![endif]-->\n\t<div class=\"wp-playlist wp-video-playlist wp-playlist-light\">\n\t\t<video controls=\"controls\" preload=\"none\" width=\"640\"\n\t\t height=\"1138\"\t><\/video>\n\t<div class=\"wp-playlist-next\"><\/div>\n\t<div class=\"wp-playlist-prev\"><\/div>\n\t<noscript>\n\t<ol>\n\t\t<li><a href='https:\/\/mustafakemaldis.com\/wp-content\/uploads\/2021\/04\/agizicitarama.mp4'>Dijital \u00d6l\u00e7\u00fc<\/a><\/li>\t<\/ol>\n\t<\/noscript>\n\t<script type=\"application\/json\" class=\"wp-playlist-script\">{\"type\":\"video\",\"tracklist\":true,\"tracknumbers\":true,\"images\":true,\"artists\":true,\"tracks\":[{\"src\":\"https:\\\/\\\/mustafakemaldis.com\\\/wp-content\\\/uploads\\\/2021\\\/04\\\/agizicitarama.mp4\",\"type\":\"video\\\/mp4\",\"title\":\"Dijital \\u00d6l\\u00e7\\u00fc\",\"caption\":\"Zirkonyum Kaplamalarda M\\u00fckemmel Uyum \\u0130\\u00e7in\",\"description\":\"Zirkonyum Kaplamalarda M\\u00fckemmel Uyum \\u0130\\u00e7in Dijital \\u00f6l\\u00e7\\u00fc vazge\\u00e7ilmezdir.\",\"meta\":{\"length_formatted\":\"0:15\"},\"dimensions\":{\"original\":{\"width\":720,\"height\":1280},\"resized\":{\"width\":640,\"height\":1138}},\"image\":{\"src\":\"https:\\\/\\\/mustafakemaldis.com\\\/wp-includes\\\/images\\\/media\\\/video.svg\",\"width\":48,\"height\":64},\"thumb\":{\"src\":\"https:\\\/\\\/mustafakemaldis.com\\\/wp-includes\\\/images\\\/media\\\/video.svg\",\"width\":48,\"height\":64}}]}<\/script>\n<\/div>\n\t<\/li>\n<\/ol>\n<div id=\"react_5499dadb980a41b28c56b2a939043252\" data-component=\"\">\n<div class=\"themeWrapper_root__2J6S7 themeWrapper_light__2gOSa light\" data-reactroot=\"\">\n<section id=\"section-for-benefits\" class=\"section_root__BnKFJ section_margin-top-small___cyhK section_hasTitle__2cbgo section\">\n<div class=\"section_title__1e_td container\">\n<div class=\"sectionheader_root__3wgqa sectionheader_black__2kAVK\">\n<div class=\"sectionheader_titleWrapper__29IMh\"><\/div>\n<\/div>\n<\/div>\n<\/section>\n<\/div>\n<\/div>\n","protected":false},"excerpt":{"rendered":"<p>Dijital \u00d6l\u00e7\u00fc \/ A\u011f\u0131z \u0130\u00e7i Tarama \/ Dijital Planlama ve G\u00fcl\u00fc\u015f Tasar\u0131m\u0131 Klini\u011fimizde hastalar\u0131m\u0131za \u00f6zel D\u00fcnyan\u0131n 8 Kez\u00a0 &#8220;S\u0131n\u0131f\u0131n\u0131n En \u0130yisi&#8221; \u00f6d\u00fcl\u00fc kazanan 3Shape \u00f6l\u00e7\u00fc sistemleri ile a\u011f\u0131z\u0131n 3 boyutlu tasar\u0131m\u0131 saniyeler i\u00e7inde al\u0131nmaktad\u0131r. Avantajlar\u0131 Mide bulant\u0131s\u0131 olan hastalarda konfor, Kusursuz \u00f6l\u00e7\u00fc sayesinde kusursuz protezler elde etme imkn\u0131, Maximum hijyen ve h\u0131z \u00a0Geleneksel metotlar\u0131n aksine&#8230;<\/p>\n","protected":false},"author":1,"featured_media":0,"parent":0,"menu_order":0,"comment_status":"closed","ping_status":"closed","template":"","meta":{"footnotes":""},"class_list":["post-5344","page","type-page","status-publish","hentry"],"translation":{"provider":"WPGlobus","version":"3.0.2","language":"en","enabled_languages":["tr","en"],"languages":{"tr":{"title":true,"content":true,"excerpt":false},"en":{"title":false,"content":false,"excerpt":false}}},"yoast_head":"<!-- This site is optimized with the Yoast SEO Premium plugin v21.6 (Yoast SEO v26.8) - https:\/\/yoast.com\/product\/yoast-seo-premium-wordpress\/ -->\n<title>Dijital \u00d6l\u00e7\u00fc \/ A\u011f\u0131z \u0130\u00e7i Tarama \/ Dijital Planlama ve G\u00fcl\u00fc\u015f Tasar\u0131m\u0131 - &Ouml;zel Mustafa Kemal Di\u015f Klini\u011fi Ankara \u0130mplant ve Estetik<\/title>\n<meta name=\"robots\" content=\"index, follow, max-snippet:-1, max-image-preview:large, max-video-preview:-1\" \/>\n<link rel=\"canonical\" href=\"https:\/\/mustafakemaldis.com\/dijital-olcu-agiz-ici-tarama-dijital-planlama-ve-gulus-tasarimi\/\" \/>\n<meta property=\"og:locale\" content=\"en_US\" \/>\n<meta property=\"og:type\" content=\"article\" \/>\n<meta property=\"og:title\" content=\"Dijital \u00d6l\u00e7\u00fc \/ A\u011f\u0131z \u0130\u00e7i Tarama \/ Dijital Planlama ve G\u00fcl\u00fc\u015f Tasar\u0131m\u0131 - &Ouml;zel Mustafa Kemal Di\u015f Klini\u011fi Ankara \u0130mplant ve Estetik\" \/>\n<meta property=\"og:url\" content=\"https:\/\/mustafakemaldis.com\/dijital-olcu-agiz-ici-tarama-dijital-planlama-ve-gulus-tasarimi\/\" \/>\n<meta property=\"og:site_name\" content=\"&Ouml;zel Mustafa Kemal Di\u015f Klini\u011fi Ankara \u0130mplant ve Estetik\" \/>\n<meta property=\"article:publisher\" content=\"https:\/\/www.facebook.com\/mustafakemaldis\" \/>\n<meta property=\"article:modified_time\" content=\"2021-04-26T19:06:43+00:00\" \/>\n<meta name=\"twitter:card\" content=\"summary_large_image\" \/>\n<meta name=\"twitter:site\" content=\"@implantzirkon\" \/>\n<meta name=\"twitter:label1\" content=\"Est. reading time\" \/>\n\t<meta name=\"twitter:data1\" content=\"1 minute\" \/>\n<script type=\"application\/ld+json\" class=\"yoast-schema-graph\">{\"@context\":\"https:\/\/schema.org\",\"@graph\":[{\"@type\":\"WebPage\",\"@id\":\"https:\/\/mustafakemaldis.com\/dijital-olcu-agiz-ici-tarama-dijital-planlama-ve-gulus-tasarimi\/\",\"url\":\"https:\/\/mustafakemaldis.com\/dijital-olcu-agiz-ici-tarama-dijital-planlama-ve-gulus-tasarimi\/\",\"name\":\"Dijital \u00d6l\u00e7\u00fc \/ A\u011f\u0131z \u0130\u00e7i Tarama \/ Dijital Planlama ve G\u00fcl\u00fc\u015f Tasar\u0131m\u0131 - &Ouml;zel Mustafa Kemal Di\u015f Klini\u011fi Ankara \u0130mplant ve Estetik\",\"isPartOf\":{\"@id\":\"https:\/\/mustafakemaldis.com\/#website\"},\"datePublished\":\"2021-04-26T19:03:12+00:00\",\"dateModified\":\"2021-04-26T19:06:43+00:00\",\"description\":\"Ankara Mustafa Kemal Di\u015f Klini\u011fi ve Estetik implant,Ankara di\u015f,di\u015f hekimi,di\u015f klini\u011fi,di\u015f beyazlatma,botox,kanal tedavisi,tel tedavisi, dolgu,yirmilik di\u015f ameliyatlar\u0131,zirkonyum porselen\",\"breadcrumb\":{\"@id\":\"https:\/\/mustafakemaldis.com\/dijital-olcu-agiz-ici-tarama-dijital-planlama-ve-gulus-tasarimi\/#breadcrumb\"},\"inLanguage\":\"en-US\",\"potentialAction\":[{\"@type\":\"ReadAction\",\"target\":[\"https:\/\/mustafakemaldis.com\/dijital-olcu-agiz-ici-tarama-dijital-planlama-ve-gulus-tasarimi\/\"]}]},{\"@type\":\"BreadcrumbList\",\"@id\":\"https:\/\/mustafakemaldis.com\/dijital-olcu-agiz-ici-tarama-dijital-planlama-ve-gulus-tasarimi\/#breadcrumb\",\"itemListElement\":[{\"@type\":\"ListItem\",\"position\":1,\"name\":\"Anasayfa\",\"item\":\"https:\/\/mustafakemaldis.com\/\"},{\"@type\":\"ListItem\",\"position\":2,\"name\":\"Dijital \u00d6l\u00e7\u00fc \/ A\u011f\u0131z \u0130\u00e7i Tarama \/ Dijital Planlama ve G\u00fcl\u00fc\u015f Tasar\u0131m\u0131\"}]},{\"@type\":\"WebSite\",\"@id\":\"https:\/\/mustafakemaldis.com\/#website\",\"url\":\"https:\/\/mustafakemaldis.com\/\",\"name\":\"&Ouml;zel Mustafa Kemal Di\u015f Klini\u011fi Ankara \u0130mplant ve Estetik\",\"description\":\"Implant Center Turkey, Dental Implant and Hollywood Smile\",\"publisher\":{\"@id\":\"https:\/\/mustafakemaldis.com\/#organization\"},\"potentialAction\":[{\"@type\":\"SearchAction\",\"target\":{\"@type\":\"EntryPoint\",\"urlTemplate\":\"https:\/\/mustafakemaldis.com\/?s={search_term_string}\"},\"query-input\":{\"@type\":\"PropertyValueSpecification\",\"valueRequired\":true,\"valueName\":\"search_term_string\"}}],\"inLanguage\":\"en-US\"},{\"@type\":\"Organization\",\"@id\":\"https:\/\/mustafakemaldis.com\/#organization\",\"name\":\"\u00d6zel Mustafa Kemal A\u011f\u0131z ve Di\u015f Sa\u011fl\u0131\u011f\u0131 Klini\u011fi\",\"url\":\"https:\/\/mustafakemaldis.com\/\",\"logo\":{\"@type\":\"ImageObject\",\"inLanguage\":\"en-US\",\"@id\":\"https:\/\/mustafakemaldis.com\/#\/schema\/logo\/image\/\",\"url\":\"https:\/\/i0.wp.com\/mustafakemaldis.com\/wp-content\/uploads\/2019\/02\/mustafakemallogo-e1549571882569.jpg?fit=425%2C126&ssl=1\",\"contentUrl\":\"https:\/\/i0.wp.com\/mustafakemaldis.com\/wp-content\/uploads\/2019\/02\/mustafakemallogo-e1549571882569.jpg?fit=425%2C126&ssl=1\",\"width\":425,\"height\":126,\"caption\":\"\u00d6zel Mustafa Kemal A\u011f\u0131z ve Di\u015f Sa\u011fl\u0131\u011f\u0131 Klini\u011fi\"},\"image\":{\"@id\":\"https:\/\/mustafakemaldis.com\/#\/schema\/logo\/image\/\"},\"sameAs\":[\"https:\/\/www.facebook.com\/mustafakemaldis\",\"https:\/\/x.com\/implantzirkon\",\"http:\/\/www.instagram.com\/mustafakemaldis\"]}]}<\/script>\n<!-- \/ Yoast SEO Premium plugin. -->","yoast_head_json":{"title":"Dijital \u00d6l\u00e7\u00fc \/ A\u011f\u0131z \u0130\u00e7i Tarama \/ Dijital Planlama ve G\u00fcl\u00fc\u015f Tasar\u0131m\u0131 - &Ouml;zel Mustafa Kemal Di\u015f Klini\u011fi Ankara \u0130mplant ve Estetik","robots":{"index":"index","follow":"follow","max-snippet":"max-snippet:-1","max-image-preview":"max-image-preview:large","max-video-preview":"max-video-preview:-1"},"canonical":"https:\/\/mustafakemaldis.com\/dijital-olcu-agiz-ici-tarama-dijital-planlama-ve-gulus-tasarimi\/","og_locale":"en_US","og_type":"article","og_title":"Dijital \u00d6l\u00e7\u00fc \/ A\u011f\u0131z \u0130\u00e7i Tarama \/ Dijital Planlama ve G\u00fcl\u00fc\u015f Tasar\u0131m\u0131 - &Ouml;zel Mustafa Kemal Di\u015f Klini\u011fi Ankara \u0130mplant ve Estetik","og_url":"https:\/\/mustafakemaldis.com\/dijital-olcu-agiz-ici-tarama-dijital-planlama-ve-gulus-tasarimi\/","og_site_name":"&Ouml;zel Mustafa Kemal Di\u015f Klini\u011fi Ankara \u0130mplant ve Estetik","article_publisher":"https:\/\/www.facebook.com\/mustafakemaldis","article_modified_time":"2021-04-26T19:06:43+00:00","twitter_card":"summary_large_image","twitter_site":"@implantzirkon","twitter_misc":{"Est. reading time":"1 minute"},"schema":{"@context":"https:\/\/schema.org","@graph":[{"@type":"WebPage","@id":"https:\/\/mustafakemaldis.com\/dijital-olcu-agiz-ici-tarama-dijital-planlama-ve-gulus-tasarimi\/","url":"https:\/\/mustafakemaldis.com\/dijital-olcu-agiz-ici-tarama-dijital-planlama-ve-gulus-tasarimi\/","name":"Dijital \u00d6l\u00e7\u00fc \/ A\u011f\u0131z \u0130\u00e7i Tarama \/ Dijital Planlama ve G\u00fcl\u00fc\u015f Tasar\u0131m\u0131 - &Ouml;zel Mustafa Kemal Di\u015f Klini\u011fi Ankara \u0130mplant ve Estetik","isPartOf":{"@id":"https:\/\/mustafakemaldis.com\/#website"},"datePublished":"2021-04-26T19:03:12+00:00","dateModified":"2021-04-26T19:06:43+00:00","description":"Ankara Mustafa Kemal Di\u015f Klini\u011fi ve Estetik implant,Ankara di\u015f,di\u015f hekimi,di\u015f klini\u011fi,di\u015f beyazlatma,botox,kanal tedavisi,tel tedavisi, dolgu,yirmilik di\u015f ameliyatlar\u0131,zirkonyum porselen","breadcrumb":{"@id":"https:\/\/mustafakemaldis.com\/dijital-olcu-agiz-ici-tarama-dijital-planlama-ve-gulus-tasarimi\/#breadcrumb"},"inLanguage":"en-US","potentialAction":[{"@type":"ReadAction","target":["https:\/\/mustafakemaldis.com\/dijital-olcu-agiz-ici-tarama-dijital-planlama-ve-gulus-tasarimi\/"]}]},{"@type":"BreadcrumbList","@id":"https:\/\/mustafakemaldis.com\/dijital-olcu-agiz-ici-tarama-dijital-planlama-ve-gulus-tasarimi\/#breadcrumb","itemListElement":[{"@type":"ListItem","position":1,"name":"Anasayfa","item":"https:\/\/mustafakemaldis.com\/"},{"@type":"ListItem","position":2,"name":"Dijital \u00d6l\u00e7\u00fc \/ A\u011f\u0131z \u0130\u00e7i Tarama \/ Dijital Planlama ve G\u00fcl\u00fc\u015f Tasar\u0131m\u0131"}]},{"@type":"WebSite","@id":"https:\/\/mustafakemaldis.com\/#website","url":"https:\/\/mustafakemaldis.com\/","name":"&Ouml;zel Mustafa Kemal Di\u015f Klini\u011fi Ankara \u0130mplant ve Estetik","description":"Implant Center Turkey, Dental Implant and Hollywood Smile","publisher":{"@id":"https:\/\/mustafakemaldis.com\/#organization"},"potentialAction":[{"@type":"SearchAction","target":{"@type":"EntryPoint","urlTemplate":"https:\/\/mustafakemaldis.com\/?s={search_term_string}"},"query-input":{"@type":"PropertyValueSpecification","valueRequired":true,"valueName":"search_term_string"}}],"inLanguage":"en-US"},{"@type":"Organization","@id":"https:\/\/mustafakemaldis.com\/#organization","name":"\u00d6zel Mustafa Kemal A\u011f\u0131z ve Di\u015f Sa\u011fl\u0131\u011f\u0131 Klini\u011fi","url":"https:\/\/mustafakemaldis.com\/","logo":{"@type":"ImageObject","inLanguage":"en-US","@id":"https:\/\/mustafakemaldis.com\/#\/schema\/logo\/image\/","url":"https:\/\/i0.wp.com\/mustafakemaldis.com\/wp-content\/uploads\/2019\/02\/mustafakemallogo-e1549571882569.jpg?fit=425%2C126&ssl=1","contentUrl":"https:\/\/i0.wp.com\/mustafakemaldis.com\/wp-content\/uploads\/2019\/02\/mustafakemallogo-e1549571882569.jpg?fit=425%2C126&ssl=1","width":425,"height":126,"caption":"\u00d6zel Mustafa Kemal A\u011f\u0131z ve Di\u015f Sa\u011fl\u0131\u011f\u0131 Klini\u011fi"},"image":{"@id":"https:\/\/mustafakemaldis.com\/#\/schema\/logo\/image\/"},"sameAs":["https:\/\/www.facebook.com\/mustafakemaldis","https:\/\/x.com\/implantzirkon","http:\/\/www.instagram.com\/mustafakemaldis"]}]}},"jetpack_sharing_enabled":true,"_links":{"self":[{"href":"https:\/\/mustafakemaldis.com\/en\/wp-json\/wp\/v2\/pages\/5344","targetHints":{"allow":["GET"]}}],"collection":[{"href":"https:\/\/mustafakemaldis.com\/en\/wp-json\/wp\/v2\/pages"}],"about":[{"href":"https:\/\/mustafakemaldis.com\/en\/wp-json\/wp\/v2\/types\/page"}],"author":[{"embeddable":true,"href":"https:\/\/mustafakemaldis.com\/en\/wp-json\/wp\/v2\/users\/1"}],"replies":[{"embeddable":true,"href":"https:\/\/mustafakemaldis.com\/en\/wp-json\/wp\/v2\/comments?post=5344"}],"version-history":[{"count":0,"href":"https:\/\/mustafakemaldis.com\/en\/wp-json\/wp\/v2\/pages\/5344\/revisions"}],"wp:attachment":[{"href":"https:\/\/mustafakemaldis.com\/en\/wp-json\/wp\/v2\/media?parent=5344"}],"curies":[{"name":"wp","href":"https:\/\/api.w.org\/{rel}","templated":true}]}}