{"id":5361,"date":"2021-09-08T15:07:20","date_gmt":"2021-09-08T12:07:20","guid":{"rendered":"https:\/\/mustafakemaldis.com\/?page_id=5361"},"modified":"2022-04-04T12:08:33","modified_gmt":"2022-04-04T09:08:33","slug":"20lik-dis-cekimi-ucretleri","status":"publish","type":"page","link":"https:\/\/mustafakemaldis.com\/en\/20lik-dis-cekimi-ucretleri\/","title":{"rendered":"20&#8217;lik Di\u015f \u00c7ekimi Nedir? Nas\u0131l \u00e7ekilir? Fiyat\u0131 Nedir?"},"content":{"rendered":"<style type=\"text\/css\"><\/style><h2>20lik Di\u015f Nedir?<\/h2>\n<figure id=\"attachment_5362\" aria-describedby=\"caption-attachment-5362\" style=\"width: 300px\" class=\"wp-caption alignnone\"><img loading=\"lazy\" decoding=\"async\" class=\"size-medium wp-image-5362\" src=\"https:\/\/mustafakemaldis.com\/wp-content\/uploads\/2021\/09\/20lik_dis-300x158.png\" alt=\"20_lik_dis_cekimi\" width=\"300\" height=\"158\" srcset=\"https:\/\/mustafakemaldis.com\/wp-content\/uploads\/2021\/09\/20lik_dis-300x158.png 300w, https:\/\/mustafakemaldis.com\/wp-content\/uploads\/2021\/09\/20lik_dis.png 334w\" sizes=\"auto, (max-width: 300px) 100vw, 300px\" \/><figcaption id=\"caption-attachment-5362\" class=\"wp-caption-text\">20&#8217;lik Di\u015f G\u00f6r\u00fcnt\u00fcs\u00fc<\/figcaption><\/figure>\n<p>Yirmilik di\u015f \u00e7enede yer darl\u0131\u011f\u0131ndan \u00e7\u0131kmayan, \u00e7\u0131ksa bile \u00e7o\u011fu insanda \u00e7i\u011fneme fonksiyonu olmayan \u00fc\u00e7\u00fcnc\u00fc az\u0131 di\u015fidir. Genellikle 17-25 ya\u015f aral\u0131\u011f\u0131nda \u00e7\u0131kar, g\u00fcn\u00fcm\u00fczde kar\u015f\u0131la\u015ft\u0131\u011f\u0131m\u0131z klinik vakalarda 13 ya\u015f\u0131ndan itibaren 20lik di\u015flerin \u00e7ekimine ihtiya\u00e7 duyulmaktad\u0131r.<\/p>\n<h2>20&#8217;lik Di\u015f\u00a0 Neden \u00c7ekilir ?<\/h2>\n<p><strong>20&#8217;lik Di\u015f 3 sebepten \u00f6t\u00fcr\u00fc \u00e7ekilir bunlar ;<\/strong><\/p>\n<figure id=\"attachment_5363\" aria-describedby=\"caption-attachment-5363\" style=\"width: 300px\" class=\"wp-caption alignnone\"><img loading=\"lazy\" decoding=\"async\" class=\"size-medium wp-image-5363\" src=\"https:\/\/mustafakemaldis.com\/wp-content\/uploads\/2021\/09\/dis_eti_apsesi_20_lik-300x115.png\" alt=\"apse_yapan_20_lik_dis\" width=\"300\" height=\"115\" srcset=\"https:\/\/mustafakemaldis.com\/wp-content\/uploads\/2021\/09\/dis_eti_apsesi_20_lik-300x115.png 300w, https:\/\/mustafakemaldis.com\/wp-content\/uploads\/2021\/09\/dis_eti_apsesi_20_lik.png 478w\" sizes=\"auto, (max-width: 300px) 100vw, 300px\" \/><figcaption id=\"caption-attachment-5363\" class=\"wp-caption-text\">Di\u015f Eti apsesi olu\u015fan 20&#8217;lik Di\u015f \u00c7ekimi<\/figcaption><\/figure>\n<ol>\n<li>Di\u015f eti apsesi olu\u015fturdu\u011fu durumlarda,\n<p><figure id=\"attachment_5364\" aria-describedby=\"caption-attachment-5364\" style=\"width: 300px\" class=\"wp-caption alignnone\"><img loading=\"lazy\" decoding=\"async\" class=\"size-medium wp-image-5364\" src=\"https:\/\/mustafakemaldis.com\/wp-content\/uploads\/2021\/09\/komsu_disi_curuten_20_lik_dis-300x178.png\" alt=\"komsu_disi_curuten_20lik_dis\" width=\"300\" height=\"178\" srcset=\"https:\/\/mustafakemaldis.com\/wp-content\/uploads\/2021\/09\/komsu_disi_curuten_20_lik_dis-300x178.png 300w, https:\/\/mustafakemaldis.com\/wp-content\/uploads\/2021\/09\/komsu_disi_curuten_20_lik_dis.png 387w\" sizes=\"auto, (max-width: 300px) 100vw, 300px\" \/><figcaption id=\"caption-attachment-5364\" class=\"wp-caption-text\">Kom\u015fu Di\u015fi \u00c7\u00fcr\u00fcten 20&#8217;lik Di\u015f G\u00f6r\u00fcnt\u00fcs\u00fc<\/figcaption><\/figure><\/li>\n<li>Kom\u015fu di\u015fe temas\u0131 oldu\u011fu ve kom\u015fu di\u015fe zarar verece\u011fi durumlarda,\n<p><figure id=\"attachment_5365\" aria-describedby=\"caption-attachment-5365\" style=\"width: 300px\" class=\"wp-caption alignnone\"><img loading=\"lazy\" decoding=\"async\" class=\"size-medium wp-image-5365\" src=\"https:\/\/mustafakemaldis.com\/wp-content\/uploads\/2021\/09\/koronektomi_20_lik-300x137.png\" alt=\"S\u00dcREKL\u0130 A\u011eRI YAPAN K\u00d6K UCU S\u0130N\u0130RE KOM\u015eU D\u0130\u015eE KORONEKTOM\u0130 OPERASYONU YAPILMASI\" width=\"300\" height=\"137\" srcset=\"https:\/\/mustafakemaldis.com\/wp-content\/uploads\/2021\/09\/koronektomi_20_lik-300x137.png 300w, https:\/\/mustafakemaldis.com\/wp-content\/uploads\/2021\/09\/koronektomi_20_lik.png 473w\" sizes=\"auto, (max-width: 300px) 100vw, 300px\" \/><figcaption id=\"caption-attachment-5365\" class=\"wp-caption-text\">S\u00dcREKL\u0130 A\u011eRI YAPAN K\u00d6K UCU S\u0130N\u0130RE KOM\u015eU D\u0130\u015eE<br \/>KORONEKTOM\u0130 OPERASYONU YAPILMASI<\/figcaption><\/figure><\/li>\n<li>\u00a0S\u00fcrekli a\u011fr\u0131 yapmas\u0131, kulak \u00e7\u0131nlamas\u0131 yapmas\u0131 ve \u00e7ene sinirine zarar vermesi ve durumlar\u0131nda kesinlik\u00e7e \u00e7ekilmesi veya \u00f6nleyici tedbir ( operkulektomi veya koronektomi\u00a0 operasyonu) al\u0131nmas\u0131 zorundad\u0131r.<\/li>\n<\/ol>\n<h2>20lik Di\u015f Nas\u0131l \u00c7ekilir?<\/h2>\n<p>Genel olarak hastalar\u0131m\u0131z\u0131n korkulu r\u00fcyas\u0131 olan 20 lik di\u015f \u00e7ekimi, di\u015fe ba\u011fl\u0131 olarak zor veya kolay bir \u015fekilde olabilmektedir. \u0130\u015flem s\u00fcresi1 dk ile 2 saat aras\u0131nda de\u011fi\u015fiklik g\u00f6sterebilmektedir. Bunun i\u00e7in korkmak yerine di\u015f hekimi muayenesi olarak i\u015flem hakk\u0131nda bilgi almak en sa\u011fl\u0131kl\u0131s\u0131d\u0131r.<\/p>\n<p><strong>4 farkl\u0131 \u00e7ekim \u015fekli vard\u0131r bunlar;<\/strong><\/p>\n<ol>\n<li><strong>Normal \u00c7ekim<\/strong> ; 20 lik di\u015f 3 \u00fcnc\u00fc az\u0131 pozisyonunda \u00e7\u0131km\u0131\u015f ve \u00e7ekilmesi gerekiyorsa normal di\u015f \u00e7ekimi olarak i\u015flem yap\u0131l\u0131r. \u00dccretlendirme normal di\u015f \u00e7ekim \u00fccretidir.<\/li>\n<li><strong>Yar\u0131 G\u00f6m\u00fcl\u00fc 20 lik Di\u015f \u00c7ekimi<\/strong> ; di\u015fin bir k\u0131sm\u0131 \u00e7\u0131km\u0131\u015f bir k\u0131sm\u0131 di\u015f eti alt\u0131ndad\u0131r. Koronel k\u0131s\u0131mda kemik retansiyonu yoktur. Basit bir di\u015f eti kesisi ile di\u015f eti serbestle\u015ftirilir ve di\u015f normal di\u015f \u00e7ekimi yap\u0131l\u0131r ve diki\u015f at\u0131l\u0131r. Antibiyotik kullan\u0131m\u0131na sekonder enfeksiyon geli\u015fmedi\u011fi s\u00fcrece gerek kalmaz. Kemik m\u00fcdahalesi yoktur. \u00dccretlendirmesi normal \u00e7ekim \u00fccretinden y\u00fcksektir.<\/li>\n<li><strong>Tam G\u00f6m\u00fcl\u00fc 20 lik Di\u015f \u00c7ekimi ;<\/strong> di\u015fin tamam\u0131 di\u015f eti alt\u0131ndad\u0131r. Di\u015f ile di\u015f eti aras\u0131nda \u00e7ene kemi\u011fi yoktur. Di\u015f eti a\u00e7\u0131l\u0131r ve di\u015f teknik hamleler ile oynat\u0131l\u0131r gerekirse di\u015f 3 par\u00e7aya ayr\u0131l\u0131r ve \u00e7ekilir. \u0130\u015flem sonras\u0131 antibiyotik kullan\u0131m\u0131 gerekmektedir. \u00dccretlendirmesi 20lik \u00e7ekim \u00fccretidir.<\/li>\n<li><strong>Kemik Retansiyonlu 20 lik Di\u015f \u00c7ekimi<\/strong> ; Di\u015f tam g\u00f6m\u00fcl\u00fc pozisyondad\u0131r ve di\u015f eti aras\u0131nda \u00e7ene kemi\u011fi mevcuttur. Di\u015f eti daha geni\u015f a\u00e7\u0131l\u0131r di\u015fin \u00e7ekilmesine engel olan \u00e7ene kemi\u011fi a\u015f\u0131nd\u0131r\u0131l\u0131r ve di\u015fe ula\u015f\u0131l\u0131r. Devam\u0131nda normal g\u00f6m\u00fcl\u00fc di\u015f \u00e7ekimi gibi di\u015f \u00e7ekilir. \u0130\u015flem sonras\u0131 antibiyotik kullan\u0131m\u0131 gerekmektedir. \u0130\u015flem sonras\u0131 \u015fi\u015flik, a\u011fr\u0131 ve morarma beklenmektedir. 10 g\u00fcn iyile\u015fme s\u00fcresi \u00f6n g\u00f6r\u00fcl\u00fcr. Di\u015f \u00e7ekim \u00fccreti 20 lik di\u015f \u00e7ekim \u00fccretinden daha y\u00fcksektir.<\/li>\n<\/ol>\n<h2>20lik di\u015f \u00e7ekim \u00fccreti ne kadard\u0131r?<\/h2>\n<p><strong>T\u00fcrk Di\u015f Hekimleri Birli\u011finin 2021 y\u0131l\u0131 i\u00e7in \u00f6nerdi\u011fi fiyat listesi<\/strong> a\u015fa\u011f\u0131daki gibidir. <strong>Klinikler aras\u0131nda farkl\u0131l\u0131k g\u00f6stermekte olup daha d\u00fc\u015f\u00fck veya daha y\u00fcksek olabilmektedir.<\/strong> Klini\u011fimizden fiyat almak i\u00e7in 0(312) 503 61 51 nolu telefondan veya ayn\u0131 numaran\u0131n whatsapp k\u0131sm\u0131ndan bilgi alabilirsiniz.<\/p>\n<p><strong>Di\u015f \u00c7ekimi\u00a0<\/strong> 230,00 TL<\/p>\n<p><strong>Komplikasyonlu Di\u015f \u00c7ekimi<\/strong> 395,00TL<\/p>\n<p><strong>G\u00f6m\u00fcl\u00fc Di\u015f Operasyonu<\/strong> 740,00 TL<\/p>\n<p><strong>G\u00f6m\u00fcl\u00fc Di\u015f Operasyonu (Kemik Retansiyonlu)<\/strong> 1.120,00TL<\/p>\n<p>&nbsp;<\/p>\n","protected":false},"excerpt":{"rendered":"<p>20lik Di\u015f Nedir? Yirmilik di\u015f \u00e7enede yer darl\u0131\u011f\u0131ndan \u00e7\u0131kmayan, \u00e7\u0131ksa bile \u00e7o\u011fu insanda \u00e7i\u011fneme fonksiyonu olmayan \u00fc\u00e7\u00fcnc\u00fc az\u0131 di\u015fidir. Genellikle 17-25 ya\u015f aral\u0131\u011f\u0131nda \u00e7\u0131kar, g\u00fcn\u00fcm\u00fczde kar\u015f\u0131la\u015ft\u0131\u011f\u0131m\u0131z klinik vakalarda 13 ya\u015f\u0131ndan itibaren 20lik di\u015flerin \u00e7ekimine ihtiya\u00e7 duyulmaktad\u0131r. 20&#8217;lik Di\u015f\u00a0 Neden \u00c7ekilir ? 20&#8217;lik Di\u015f 3 sebepten \u00f6t\u00fcr\u00fc \u00e7ekilir bunlar ; Di\u015f eti apsesi olu\u015fturdu\u011fu durumlarda, Kom\u015fu&#8230;<\/p>\n","protected":false},"author":1,"featured_media":0,"parent":0,"menu_order":0,"comment_status":"closed","ping_status":"closed","template":"","meta":{"footnotes":""},"class_list":["post-5361","page","type-page","status-publish","hentry"],"translation":{"provider":"WPGlobus","version":"3.0.2","language":"en","enabled_languages":["tr","en"],"languages":{"tr":{"title":true,"content":true,"excerpt":false},"en":{"title":false,"content":false,"excerpt":false}}},"yoast_head":"<!-- This site is optimized with the Yoast SEO Premium plugin v21.6 (Yoast SEO v26.8) - https:\/\/yoast.com\/product\/yoast-seo-premium-wordpress\/ -->\n<title>20&#039;lik Di\u015f \u00c7ekimi Nedir? Nas\u0131l \u00e7ekilir? Fiyat\u0131 Nedir? - &Ouml;zel Mustafa Kemal Di\u015f Klini\u011fi Ankara \u0130mplant ve Estetik<\/title>\n<meta name=\"robots\" content=\"index, follow, max-snippet:-1, max-image-preview:large, max-video-preview:-1\" \/>\n<link rel=\"canonical\" href=\"https:\/\/mustafakemaldis.com\/20lik-dis-cekimi-ucretleri\/\" \/>\n<meta property=\"og:locale\" content=\"en_US\" \/>\n<meta property=\"og:type\" content=\"article\" \/>\n<meta property=\"og:title\" content=\"20&#039;lik Di\u015f \u00c7ekimi Nedir? Nas\u0131l \u00e7ekilir? Fiyat\u0131 Nedir? - &Ouml;zel Mustafa Kemal Di\u015f Klini\u011fi Ankara \u0130mplant ve Estetik\" \/>\n<meta property=\"og:url\" content=\"https:\/\/mustafakemaldis.com\/20lik-dis-cekimi-ucretleri\/\" \/>\n<meta property=\"og:site_name\" content=\"&Ouml;zel Mustafa Kemal Di\u015f Klini\u011fi Ankara \u0130mplant ve Estetik\" \/>\n<meta property=\"article:publisher\" content=\"https:\/\/www.facebook.com\/mustafakemaldis\" \/>\n<meta property=\"article:modified_time\" content=\"2022-04-04T09:08:33+00:00\" \/>\n<meta property=\"og:image\" content=\"https:\/\/mustafakemaldis.com\/wp-content\/uploads\/2021\/09\/20lik_dis-300x158.png\" \/>\n<meta name=\"twitter:card\" content=\"summary_large_image\" \/>\n<meta name=\"twitter:site\" content=\"@implantzirkon\" \/>\n<meta name=\"twitter:label1\" content=\"Est. reading time\" \/>\n\t<meta name=\"twitter:data1\" content=\"4 minutes\" \/>\n<script type=\"application\/ld+json\" class=\"yoast-schema-graph\">{\"@context\":\"https:\/\/schema.org\",\"@graph\":[{\"@type\":\"WebPage\",\"@id\":\"https:\/\/mustafakemaldis.com\/20lik-dis-cekimi-ucretleri\/\",\"url\":\"https:\/\/mustafakemaldis.com\/20lik-dis-cekimi-ucretleri\/\",\"name\":\"20'lik Di\u015f \u00c7ekimi Nedir? Nas\u0131l \u00e7ekilir? Fiyat\u0131 Nedir? - &Ouml;zel Mustafa Kemal Di\u015f Klini\u011fi Ankara \u0130mplant ve Estetik\",\"isPartOf\":{\"@id\":\"https:\/\/mustafakemaldis.com\/#website\"},\"primaryImageOfPage\":{\"@id\":\"https:\/\/mustafakemaldis.com\/20lik-dis-cekimi-ucretleri\/#primaryimage\"},\"image\":{\"@id\":\"https:\/\/mustafakemaldis.com\/20lik-dis-cekimi-ucretleri\/#primaryimage\"},\"thumbnailUrl\":\"https:\/\/mustafakemaldis.com\/wp-content\/uploads\/2021\/09\/20lik_dis-300x158.png\",\"datePublished\":\"2021-09-08T12:07:20+00:00\",\"dateModified\":\"2022-04-04T09:08:33+00:00\",\"description\":\"Yirmilik di\u015f \u00e7enede yer darl\u0131\u011f\u0131ndan \u00e7\u0131kmayan, \u00e7\u0131ksa bile \u00e7o\u011fu insanda \u00e7i\u011fneme fonksiyonu olmayan \u00fc\u00e7\u00fcnc\u00fc az\u0131 di\u015fidir. Genellikle 17-25 ya\u015f aral\u0131\u011f\u0131nda \u00e7\u0131kar, g\u00fcn\u00fcm\u00fczde kar\u015f\u0131la\u015ft\u0131\u011f\u0131m\u0131z klinik vakalarda 13 ya\u015f\u0131ndan itibaren 20lik di\u015flerin \u00e7ekimine ihtiya\u00e7 duyulmaktad\u0131r.\",\"breadcrumb\":{\"@id\":\"https:\/\/mustafakemaldis.com\/20lik-dis-cekimi-ucretleri\/#breadcrumb\"},\"inLanguage\":\"en-US\",\"potentialAction\":[{\"@type\":\"ReadAction\",\"target\":[\"https:\/\/mustafakemaldis.com\/20lik-dis-cekimi-ucretleri\/\"]}]},{\"@type\":\"ImageObject\",\"inLanguage\":\"en-US\",\"@id\":\"https:\/\/mustafakemaldis.com\/20lik-dis-cekimi-ucretleri\/#primaryimage\",\"url\":\"https:\/\/mustafakemaldis.com\/wp-content\/uploads\/2021\/09\/20lik_dis-300x158.png\",\"contentUrl\":\"https:\/\/mustafakemaldis.com\/wp-content\/uploads\/2021\/09\/20lik_dis-300x158.png\"},{\"@type\":\"BreadcrumbList\",\"@id\":\"https:\/\/mustafakemaldis.com\/20lik-dis-cekimi-ucretleri\/#breadcrumb\",\"itemListElement\":[{\"@type\":\"ListItem\",\"position\":1,\"name\":\"Anasayfa\",\"item\":\"https:\/\/mustafakemaldis.com\/\"},{\"@type\":\"ListItem\",\"position\":2,\"name\":\"20&#8217;lik Di\u015f \u00c7ekimi Nedir? Nas\u0131l \u00e7ekilir? Fiyat\u0131 Nedir?\"}]},{\"@type\":\"WebSite\",\"@id\":\"https:\/\/mustafakemaldis.com\/#website\",\"url\":\"https:\/\/mustafakemaldis.com\/\",\"name\":\"&Ouml;zel Mustafa Kemal Di\u015f Klini\u011fi Ankara \u0130mplant ve Estetik\",\"description\":\"Implant Center Turkey, Dental Implant and Hollywood Smile\",\"publisher\":{\"@id\":\"https:\/\/mustafakemaldis.com\/#organization\"},\"potentialAction\":[{\"@type\":\"SearchAction\",\"target\":{\"@type\":\"EntryPoint\",\"urlTemplate\":\"https:\/\/mustafakemaldis.com\/?s={search_term_string}\"},\"query-input\":{\"@type\":\"PropertyValueSpecification\",\"valueRequired\":true,\"valueName\":\"search_term_string\"}}],\"inLanguage\":\"en-US\"},{\"@type\":\"Organization\",\"@id\":\"https:\/\/mustafakemaldis.com\/#organization\",\"name\":\"\u00d6zel Mustafa Kemal A\u011f\u0131z ve Di\u015f Sa\u011fl\u0131\u011f\u0131 Klini\u011fi\",\"url\":\"https:\/\/mustafakemaldis.com\/\",\"logo\":{\"@type\":\"ImageObject\",\"inLanguage\":\"en-US\",\"@id\":\"https:\/\/mustafakemaldis.com\/#\/schema\/logo\/image\/\",\"url\":\"https:\/\/i0.wp.com\/mustafakemaldis.com\/wp-content\/uploads\/2019\/02\/mustafakemallogo-e1549571882569.jpg?fit=425%2C126&ssl=1\",\"contentUrl\":\"https:\/\/i0.wp.com\/mustafakemaldis.com\/wp-content\/uploads\/2019\/02\/mustafakemallogo-e1549571882569.jpg?fit=425%2C126&ssl=1\",\"width\":425,\"height\":126,\"caption\":\"\u00d6zel Mustafa Kemal A\u011f\u0131z ve Di\u015f Sa\u011fl\u0131\u011f\u0131 Klini\u011fi\"},\"image\":{\"@id\":\"https:\/\/mustafakemaldis.com\/#\/schema\/logo\/image\/\"},\"sameAs\":[\"https:\/\/www.facebook.com\/mustafakemaldis\",\"https:\/\/x.com\/implantzirkon\",\"http:\/\/www.instagram.com\/mustafakemaldis\"]}]}<\/script>\n<!-- \/ Yoast SEO Premium plugin. -->","yoast_head_json":{"title":"20'lik Di\u015f \u00c7ekimi Nedir? Nas\u0131l \u00e7ekilir? Fiyat\u0131 Nedir? - &Ouml;zel Mustafa Kemal Di\u015f Klini\u011fi Ankara \u0130mplant ve Estetik","robots":{"index":"index","follow":"follow","max-snippet":"max-snippet:-1","max-image-preview":"max-image-preview:large","max-video-preview":"max-video-preview:-1"},"canonical":"https:\/\/mustafakemaldis.com\/20lik-dis-cekimi-ucretleri\/","og_locale":"en_US","og_type":"article","og_title":"20'lik Di\u015f \u00c7ekimi Nedir? Nas\u0131l \u00e7ekilir? Fiyat\u0131 Nedir? - &Ouml;zel Mustafa Kemal Di\u015f Klini\u011fi Ankara \u0130mplant ve Estetik","og_url":"https:\/\/mustafakemaldis.com\/20lik-dis-cekimi-ucretleri\/","og_site_name":"&Ouml;zel Mustafa Kemal Di\u015f Klini\u011fi Ankara \u0130mplant ve Estetik","article_publisher":"https:\/\/www.facebook.com\/mustafakemaldis","article_modified_time":"2022-04-04T09:08:33+00:00","og_image":[{"url":"https:\/\/mustafakemaldis.com\/wp-content\/uploads\/2021\/09\/20lik_dis-300x158.png","type":"","width":"","height":""}],"twitter_card":"summary_large_image","twitter_site":"@implantzirkon","twitter_misc":{"Est. reading time":"4 minutes"},"schema":{"@context":"https:\/\/schema.org","@graph":[{"@type":"WebPage","@id":"https:\/\/mustafakemaldis.com\/20lik-dis-cekimi-ucretleri\/","url":"https:\/\/mustafakemaldis.com\/20lik-dis-cekimi-ucretleri\/","name":"20'lik Di\u015f \u00c7ekimi Nedir? Nas\u0131l \u00e7ekilir? Fiyat\u0131 Nedir? - &Ouml;zel Mustafa Kemal Di\u015f Klini\u011fi Ankara \u0130mplant ve Estetik","isPartOf":{"@id":"https:\/\/mustafakemaldis.com\/#website"},"primaryImageOfPage":{"@id":"https:\/\/mustafakemaldis.com\/20lik-dis-cekimi-ucretleri\/#primaryimage"},"image":{"@id":"https:\/\/mustafakemaldis.com\/20lik-dis-cekimi-ucretleri\/#primaryimage"},"thumbnailUrl":"https:\/\/mustafakemaldis.com\/wp-content\/uploads\/2021\/09\/20lik_dis-300x158.png","datePublished":"2021-09-08T12:07:20+00:00","dateModified":"2022-04-04T09:08:33+00:00","description":"Yirmilik di\u015f \u00e7enede yer darl\u0131\u011f\u0131ndan \u00e7\u0131kmayan, \u00e7\u0131ksa bile \u00e7o\u011fu insanda \u00e7i\u011fneme fonksiyonu olmayan \u00fc\u00e7\u00fcnc\u00fc az\u0131 di\u015fidir. Genellikle 17-25 ya\u015f aral\u0131\u011f\u0131nda \u00e7\u0131kar, g\u00fcn\u00fcm\u00fczde kar\u015f\u0131la\u015ft\u0131\u011f\u0131m\u0131z klinik vakalarda 13 ya\u015f\u0131ndan itibaren 20lik di\u015flerin \u00e7ekimine ihtiya\u00e7 duyulmaktad\u0131r.","breadcrumb":{"@id":"https:\/\/mustafakemaldis.com\/20lik-dis-cekimi-ucretleri\/#breadcrumb"},"inLanguage":"en-US","potentialAction":[{"@type":"ReadAction","target":["https:\/\/mustafakemaldis.com\/20lik-dis-cekimi-ucretleri\/"]}]},{"@type":"ImageObject","inLanguage":"en-US","@id":"https:\/\/mustafakemaldis.com\/20lik-dis-cekimi-ucretleri\/#primaryimage","url":"https:\/\/mustafakemaldis.com\/wp-content\/uploads\/2021\/09\/20lik_dis-300x158.png","contentUrl":"https:\/\/mustafakemaldis.com\/wp-content\/uploads\/2021\/09\/20lik_dis-300x158.png"},{"@type":"BreadcrumbList","@id":"https:\/\/mustafakemaldis.com\/20lik-dis-cekimi-ucretleri\/#breadcrumb","itemListElement":[{"@type":"ListItem","position":1,"name":"Anasayfa","item":"https:\/\/mustafakemaldis.com\/"},{"@type":"ListItem","position":2,"name":"20&#8217;lik Di\u015f \u00c7ekimi Nedir? Nas\u0131l \u00e7ekilir? Fiyat\u0131 Nedir?"}]},{"@type":"WebSite","@id":"https:\/\/mustafakemaldis.com\/#website","url":"https:\/\/mustafakemaldis.com\/","name":"&Ouml;zel Mustafa Kemal Di\u015f Klini\u011fi Ankara \u0130mplant ve Estetik","description":"Implant Center Turkey, Dental Implant and Hollywood Smile","publisher":{"@id":"https:\/\/mustafakemaldis.com\/#organization"},"potentialAction":[{"@type":"SearchAction","target":{"@type":"EntryPoint","urlTemplate":"https:\/\/mustafakemaldis.com\/?s={search_term_string}"},"query-input":{"@type":"PropertyValueSpecification","valueRequired":true,"valueName":"search_term_string"}}],"inLanguage":"en-US"},{"@type":"Organization","@id":"https:\/\/mustafakemaldis.com\/#organization","name":"\u00d6zel Mustafa Kemal A\u011f\u0131z ve Di\u015f Sa\u011fl\u0131\u011f\u0131 Klini\u011fi","url":"https:\/\/mustafakemaldis.com\/","logo":{"@type":"ImageObject","inLanguage":"en-US","@id":"https:\/\/mustafakemaldis.com\/#\/schema\/logo\/image\/","url":"https:\/\/i0.wp.com\/mustafakemaldis.com\/wp-content\/uploads\/2019\/02\/mustafakemallogo-e1549571882569.jpg?fit=425%2C126&ssl=1","contentUrl":"https:\/\/i0.wp.com\/mustafakemaldis.com\/wp-content\/uploads\/2019\/02\/mustafakemallogo-e1549571882569.jpg?fit=425%2C126&ssl=1","width":425,"height":126,"caption":"\u00d6zel Mustafa Kemal A\u011f\u0131z ve Di\u015f Sa\u011fl\u0131\u011f\u0131 Klini\u011fi"},"image":{"@id":"https:\/\/mustafakemaldis.com\/#\/schema\/logo\/image\/"},"sameAs":["https:\/\/www.facebook.com\/mustafakemaldis","https:\/\/x.com\/implantzirkon","http:\/\/www.instagram.com\/mustafakemaldis"]}]}},"jetpack_sharing_enabled":true,"_links":{"self":[{"href":"https:\/\/mustafakemaldis.com\/en\/wp-json\/wp\/v2\/pages\/5361","targetHints":{"allow":["GET"]}}],"collection":[{"href":"https:\/\/mustafakemaldis.com\/en\/wp-json\/wp\/v2\/pages"}],"about":[{"href":"https:\/\/mustafakemaldis.com\/en\/wp-json\/wp\/v2\/types\/page"}],"author":[{"embeddable":true,"href":"https:\/\/mustafakemaldis.com\/en\/wp-json\/wp\/v2\/users\/1"}],"replies":[{"embeddable":true,"href":"https:\/\/mustafakemaldis.com\/en\/wp-json\/wp\/v2\/comments?post=5361"}],"version-history":[{"count":0,"href":"https:\/\/mustafakemaldis.com\/en\/wp-json\/wp\/v2\/pages\/5361\/revisions"}],"wp:attachment":[{"href":"https:\/\/mustafakemaldis.com\/en\/wp-json\/wp\/v2\/media?parent=5361"}],"curies":[{"name":"wp","href":"https:\/\/api.w.org\/{rel}","templated":true}]}}